{"id":10311,"date":"2020-06-01T10:56:56","date_gmt":"2020-06-01T14:56:56","guid":{"rendered":"https:\/\/boilermaker.ca\/?page_id=10311"},"modified":"2022-01-18T15:08:50","modified_gmt":"2022-01-18T20:08:50","slug":"covid-19-info-by-province","status":"publish","type":"page","link":"https:\/\/boilermaker.ca\/fr\/covid-19-info-by-province\/","title":{"rendered":"Info COVID-19 par province"},"content":{"rendered":"<div id=\"pl-10311\"  class=\"panel-layout\" ><div id=\"pg-10311-0\"  class=\"panel-grid panel-has-style\" ><div class=\"siteorigin-panels-stretch panel-row-style panel-row-style-for-10311-0\" data-stretch-type=\"full-stretched-padded\" ><div id=\"pgc-10311-0-0\"  class=\"panel-grid-cell panel-grid-cell-empty\" ><\/div><div id=\"pgc-10311-0-1\"  class=\"panel-grid-cell\" ><div id=\"panel-10311-0-1-0\" class=\"widget_text so-panel widget widget_custom_html panel-first-child panel-last-child\" data-index=\"0\" ><div class=\"textwidget custom-html-widget\"><a href=\"https:\/\/boilermaker.ca\/fr\/mises-a-jour-covid-19\/\" class=\"covid-link\"><div class=\"covid-button\">Mises \u00e0 jour<\/div><\/a><\/div><\/div><\/div><div id=\"pgc-10311-0-2\"  class=\"panel-grid-cell panel-grid-cell-mobile-last\" ><div id=\"panel-10311-0-2-0\" class=\"widget_text so-panel widget widget_custom_html panel-first-child panel-last-child\" data-index=\"1\" ><div class=\"textwidget custom-html-widget\"><a href=\"https:\/\/boilermaker.ca\/fr\/ressources-covid-19\/\" class=\"covid-link\"><div class=\"covid-button\">Ressources<\/div><\/a><\/div><\/div><\/div><div id=\"pgc-10311-0-3\"  class=\"panel-grid-cell panel-grid-cell-empty\" ><\/div><\/div><\/div><div id=\"pg-10311-1\"  class=\"panel-grid panel-has-style\" ><div class=\"siteorigin-panels-stretch panel-row-style panel-row-style-for-10311-1\" data-stretch-type=\"full-stretched-padded\" ><div id=\"pgc-10311-1-0\"  class=\"panel-grid-cell panel-grid-cell-empty\" ><\/div><div id=\"pgc-10311-1-1\"  class=\"panel-grid-cell\" ><div id=\"panel-10311-1-1-0\" class=\"widget_text so-panel widget widget_custom_html panel-first-child panel-last-child\" data-index=\"2\" ><div class=\"textwidget custom-html-widget\"><a href=\"https:\/\/boilermaker.ca\/fr\/covid-19-info-by-province\/\" class=\"covid-link\"><div class=\"covid-button\" style=\"background-color:#366f7f;\"><span class=\"covid-selected\">Info COVID-19 par province<\/span><\/div><\/a><\/div><\/div><\/div><div id=\"pgc-10311-1-2\"  class=\"panel-grid-cell\" ><div id=\"panel-10311-1-2-0\" class=\"widget_text so-panel widget widget_custom_html panel-first-child panel-last-child\" data-index=\"3\" ><div class=\"textwidget custom-html-widget\"><a href=\"https:\/\/boilermaker.ca\/fr\/covid-19-sante-mentale\" class=\"covid-link\"><div class=\"covid-button\">Sant\u00e9 mentale<\/div><\/a><\/div><\/div><\/div><div id=\"pgc-10311-1-3\"  class=\"panel-grid-cell panel-grid-cell-mobile-last\" ><div id=\"panel-10311-1-3-0\" class=\"widget_text so-panel widget widget_custom_html panel-first-child panel-last-child\" data-index=\"4\" ><div class=\"textwidget custom-html-widget\"><a href=\"https:\/\/boilermaker.ca\/fr\/vaccines\/\" class=\"covid-link\"><div class=\"covid-vaccine-button\" style=\"background-color:#bf7246;\"><span class=\"covid-selected\">Informations sur les vaccins<\/span><\/div><\/a><\/div><\/div><\/div><div id=\"pgc-10311-1-4\"  class=\"panel-grid-cell panel-grid-cell-empty\" ><\/div><\/div><\/div><div id=\"pg-10311-2\"  class=\"panel-grid panel-has-style\" ><div class=\"siteorigin-panels-stretch panel-row-style panel-row-style-for-10311-2\" data-stretch-type=\"full-stretched-padded\" ><div id=\"pgc-10311-2-0\"  class=\"panel-grid-cell\" ><div id=\"panel-10311-2-0-0\" class=\"so-panel widget widget_sow-editor panel-first-child panel-last-child\" data-index=\"5\" ><div\n\t\t\t\n\t\t\tclass=\"so-widget-sow-editor so-widget-sow-editor-base\"\n\t\t\t\n\t\t>\n<div class=\"siteorigin-widget-tinymce textwidget\">\n\t<p>Derni\u00e8re mise \u00e0 jour: 09 novembre 2021<\/p>\n<p>Pr\u00e9cautions universelles: la distanciation physique (2 m ou 6 pi), le port du masque en public o\u00f9 la distanciation est impossible, l'hygi\u00e8ne fr\u00e9quente incluant le lavage des mains, le d\u00e9sinfectage des surfaces fr\u00e9quemment touch\u00e9es, l'isolation lorsque malade<br \/>\n<!--\n<b>Cartes interactives des restrictions de voyage COVID-19:<\/b>\n\n\n<ul>\n \t\n\n<li><a href=\"https:\/\/www.iatatravelcentre.com\/international-travel-document-news\/1580226297.htm\" target=\"_blank\" rel=\"noopener noreferrer\">Carte voyage international<\/a><\/li>\n\n\n \t\n\n<li><a href=\"https:\/\/tempsdevoyager.ca\/ou-puis-je-voyager-maintenant\/\" target=\"_blank\" rel=\"noopener noreferrer\">Carte voyage domestique<\/a><\/li>\n\n\n<\/ul>\n\n\n--><\/p>\n<\/div>\n<\/div><\/div><\/div><\/div><\/div><div id=\"pg-10311-3\"  class=\"panel-grid panel-has-style\" ><div class=\"siteorigin-panels-stretch panel-row-style panel-row-style-for-10311-3\" data-stretch-type=\"full-stretched-padded\" ><div id=\"pgc-10311-3-0\"  class=\"panel-grid-cell\" ><div id=\"panel-10311-3-0-0\" class=\"so-panel widget widget_sow-editor panel-first-child panel-last-child\" data-index=\"6\" ><div\n\t\t\t\n\t\t\tclass=\"so-widget-sow-editor so-widget-sow-editor-base\"\n\t\t\t\n\t\t>\n<div class=\"siteorigin-widget-tinymce textwidget\">\n\t<style>#sp-ea-10477 .spcollapsing { height: 0; overflow: hidden; transition-property: height;transition-duration: 500ms;}#sp-ea-10477.sp-easy-accordion>.sp-ea-single {margin-bottom: 10px; border: 1px solid #366f7f; }#sp-ea-10477.sp-easy-accordion>.sp-ea-single>.ea-header a {color: #444;}#sp-ea-10477.sp-easy-accordion>.sp-ea-single>.sp-collapse>.ea-body {background: #fff; color: #444;}#sp-ea-10477.sp-easy-accordion>.sp-ea-single {background: #eee;}#sp-ea-10477.sp-easy-accordion>.sp-ea-single>.ea-header a .ea-expand-icon { float: right; color: #366f7f;font-size: 16px;}#sp-ea-10477.sp-easy-accordion>.sp-ea-single>.ea-header a .ea-expand-icon {margin-right: 0;}.sp-ea-one.sp-easy-accordion .sp-ea-single .ea-header a {\r\n\tpadding: 8px 16px 8px 16px !important;\r\n  font-size: 16px;\r\n}<\/style><div id=\"sp_easy_accordion-1777055701\"><div id=\"sp-ea-10477\" class=\"sp-ea-one sp-easy-accordion\" data-ea-active=\"ea-click\" data-ea-mode=\"vertical\" data-preloader=\"\" data-scroll-active-item=\"\" data-offset-to-scroll=\"0\"><div class=\"ea-card sp-ea-single\"><h3 class=\"ea-header\"><a class=\"collapsed\" id=\"ea-header-104770\" role=\"button\" data-sptoggle=\"spcollapse\" data-sptarget=\"#collapse104770\" aria-controls=\"collapse104770\" href=\"#\" aria-expanded=\"false\" tabindex=\"0\"><i aria-hidden=\"true\" role=\"presentation\" class=\"ea-expand-icon eap-icon-ea-expand-plus\"><\/i> Colombie-Britannique<\/a><\/h3><div class=\"sp-collapse spcollapse spcollapse\" id=\"collapse104770\" data-parent=\"#sp-ea-10477\" role=\"region\" aria-labelledby=\"ea-header-104770\"> <div class=\"ea-body\"><h4 style=\"padding-top: 20px;color: #366f7f\">Site web<\/h4><p><a href=\"http:\/\/www.bccdc.ca\/covid19\" target=\"_blank\" rel=\"noopener\">http:\/\/www.bccdc.ca\/covid19<\/a><\/p><p>Tel: 8-1-1<\/p><h4 style=\"padding-top: 20px;color: #366f7f\"><span class=\"\">Plan de vaccination<\/span><\/h4><p><a href=\"https:\/\/www2.gov.bc.ca\/gov\/content\/covid-19\/vaccine\/plan#phases\" target=\"_blank\" rel=\"noopener\">https:\/\/www2.gov.bc.ca\/gov\/content\/covid-19\/vaccine\/plan#phases<\/a><\/p><h4 style=\"padding-top: 20px;color: #366f7f\">Auto-\u00e9valuation d\u00e9pistage<\/h4><p><a href=\"https:\/\/bc.thrive.health\/\" target=\"_blank\" rel=\"noopener\">https:\/\/bc.thrive.health\/<\/a><\/p><h4 style=\"padding-top: 20px;color: #366f7f\">Restrictions de voyage<\/h4><p><a href=\"https:\/\/www2.gov.bc.ca\/gov\/content\/safety\/emergency-preparedness-response-recovery\/covid-19-provincial-support\/restrictions#travel\" target=\"_blank\" rel=\"noopener\">https:\/\/www2.gov.bc.ca\/gov\/content\/safety\/emergency-preparedness-response-recovery\/covid-19-provincial-support\/restrictions#travel<\/a><\/p><h4 style=\"padding-top: 20px;color: #366f7f\">Notes<\/h4><p><a href=\"https:\/\/experience.arcgis.com\/experience\/3862560c5a41418e9d78f4f81688e9d0\" target=\"_blank\" rel=\"noopener\">Collection Centre Finder<\/a><\/p><\/div><\/div><\/div><div class=\"ea-card sp-ea-single\"><h3 class=\"ea-header\"><a class=\"collapsed\" id=\"ea-header-104771\" role=\"button\" data-sptoggle=\"spcollapse\" data-sptarget=\"#collapse104771\" aria-controls=\"collapse104771\" href=\"#\" aria-expanded=\"false\" tabindex=\"0\"><i aria-hidden=\"true\" role=\"presentation\" class=\"ea-expand-icon eap-icon-ea-expand-plus\"><\/i> Alberta<\/a><\/h3><div class=\"sp-collapse spcollapse spcollapse\" id=\"collapse104771\" data-parent=\"#sp-ea-10477\" role=\"region\" aria-labelledby=\"ea-header-104771\"> <div class=\"ea-body\"><h4 style=\"padding-top: 20px;color: #366f7f\">Site web<\/h4><p><a href=\"https:\/\/www.alberta.ca\/coronavirus-info-for-albertans.aspx\" target=\"_blank\" rel=\"noopener\">www.alberta.ca\/covid <\/a><\/p><p>Tel: 8-1-1<\/p><h4 style=\"padding-top: 20px;color: #366f7f\"><span class=\"\">Plan de vaccination<\/span><\/h4><p><a href=\"https:\/\/www.alberta.ca\/covid19-vaccine.aspx\" target=\"_blank\" rel=\"noopener\">https:\/\/www.alberta.ca\/covid19-vaccine.aspx<\/a><\/p><h4 style=\"padding-top: 20px;color: #366f7f\">Auto-\u00e9valuation d\u00e9pistage<\/h4><p><a href=\"https:\/\/myhealth.alberta.ca\/Journey\/COVID-19\/Pages\/COVID-Self-Assessment.aspx\" target=\"_blank\" rel=\"noopener\">https:\/\/myhealth.alberta.ca\/Journey\/COVID-19\/Pages\/COVID-Self-Assessment.aspx<\/a><\/p><h4 style=\"padding-top: 20px;color: #366f7f\">Restrictions de voyage<\/h4><p><a href=\"https:\/\/www.alberta.ca\/covid-19-travel-advice.aspx\" target=\"_blank\" rel=\"noopener\">https:\/\/www.alberta.ca\/covid-19-travel-advice.aspx<\/a><\/p><\/div><\/div><\/div><div class=\"ea-card sp-ea-single\"><h3 class=\"ea-header\"><a class=\"collapsed\" id=\"ea-header-104772\" role=\"button\" data-sptoggle=\"spcollapse\" data-sptarget=\"#collapse104772\" aria-controls=\"collapse104772\" href=\"#\" aria-expanded=\"false\" tabindex=\"0\"><i aria-hidden=\"true\" role=\"presentation\" class=\"ea-expand-icon eap-icon-ea-expand-plus\"><\/i> Saskatchewan<\/a><\/h3><div class=\"sp-collapse spcollapse spcollapse\" id=\"collapse104772\" data-parent=\"#sp-ea-10477\" role=\"region\" aria-labelledby=\"ea-header-104772\"> <div class=\"ea-body\"><h4 style=\"padding-top: 20px;color: #366f7f\">Site web<\/h4><p><a href=\"https:\/\/www.saskatchewan.ca\/covid-19\" target=\"_blank\" rel=\"noopener\">https:\/\/www.saskatchewan.ca\/covid-19<\/a><\/p><p>Tel: 8-1-1<\/p><h4 style=\"padding-top: 20px;color: #366f7f\"><span class=\"\">Plan de vaccination<\/span><\/h4><p><a href=\"https:\/\/www.saskatchewan.ca\/bonjour\/health-and-healthy-living\/2019-novel-coronavirus\/covid19-vaccine\" target=\"_blank\" rel=\"noopener\">https:\/\/www.saskatchewan.ca\/bonjour\/health-and-healthy-living\/2019-novel-coronavirus\/covid19-vaccine<\/a><\/p><h4 style=\"padding-top: 20px;color: #366f7f\">Auto-\u00e9valuation d\u00e9pistage<\/h4><p><a href=\"https:\/\/public.ehealthsask.ca\/sites\/COVID-19\/\" target=\"_blank\" rel=\"noopener\">https:\/\/public.ehealthsask.ca\/sites\/COVID-19\/<\/a><\/p><h4 style=\"padding-top: 20px;color: #366f7f\">Restrictions de voyage<\/h4><p><a href=\"https:\/\/www.saskatchewan.ca\/bonjour\/health-and-healthy-living\/2019-novel-coronavirus\/travel-information\" target=\"_blank\" rel=\"noopener\">https:\/\/www.saskatchewan.ca\/bonjour\/health-and-healthy-living\/2019-novel-coronavirus\/travel-information<\/a><\/p><\/div><\/div><\/div><div class=\"ea-card sp-ea-single\"><h3 class=\"ea-header\"><a class=\"collapsed\" id=\"ea-header-104773\" role=\"button\" data-sptoggle=\"spcollapse\" data-sptarget=\"#collapse104773\" aria-controls=\"collapse104773\" href=\"#\" aria-expanded=\"false\" tabindex=\"0\"><i aria-hidden=\"true\" role=\"presentation\" class=\"ea-expand-icon eap-icon-ea-expand-plus\"><\/i> Manitoba<\/a><\/h3><div class=\"sp-collapse spcollapse spcollapse\" id=\"collapse104773\" data-parent=\"#sp-ea-10477\" role=\"region\" aria-labelledby=\"ea-header-104773\"> <div class=\"ea-body\"><h4 style=\"padding-top: 20px;color: #366f7f\">Site web<\/h4><p><a href=\"http:\/\/www.manitoba.ca\/covid19\" target=\"_blank\" rel=\"noopener\">http:\/\/www.manitoba.ca\/covid19<\/a><\/p><p>Tel: (888) 315-9257<\/p><h4 style=\"padding-top: 20px;color: #366f7f\"><span class=\"\">Plan de vaccination<\/span><\/h4><p><a href=\"https:\/\/manitoba.ca\/covid19\/vaccine\/eligibility-criteria.fr.html\" target=\"_blank\" rel=\"noopener\">https:\/\/manitoba.ca\/covid19\/vaccine\/eligibility-criteria.fr.html<\/a><\/p><h4 style=\"padding-top: 20px;color: #366f7f\">Auto-\u00e9valuation d\u00e9pistage<\/h4><p><a href=\"https:\/\/covid19.soinscommunsmb.ca\/covid19\/outil-de-depistage\/\" target=\"_blank\" rel=\"noopener\">https:\/\/covid19.soinscommunsmb.ca\/covid19\/outil-de-depistage\/<\/a><\/p><h4 style=\"padding-top: 20px;color: #366f7f\">Restrictions de voyage<\/h4><p><a href=\"https:\/\/manitoba.ca\/covid19\/restartmb\/prs\/index.fr.html#guidance\" target=\"_blank\" rel=\"noopener\">https:\/\/manitoba.ca\/covid19\/restartmb\/prs\/index.fr.html#guidance<\/a><\/p><\/div><\/div><\/div><div class=\"ea-card sp-ea-single\"><h3 class=\"ea-header\"><a class=\"collapsed\" id=\"ea-header-104774\" role=\"button\" data-sptoggle=\"spcollapse\" data-sptarget=\"#collapse104774\" aria-controls=\"collapse104774\" href=\"#\" aria-expanded=\"false\" tabindex=\"0\"><i aria-hidden=\"true\" role=\"presentation\" class=\"ea-expand-icon eap-icon-ea-expand-plus\"><\/i> Ontario<\/a><\/h3><div class=\"sp-collapse spcollapse spcollapse\" id=\"collapse104774\" data-parent=\"#sp-ea-10477\" role=\"region\" aria-labelledby=\"ea-header-104774\"> <div class=\"ea-body\"><h4 style=\"padding-top: 20px;color: #366f7f\">Site web<\/h4><p><a href=\"https:\/\/covid-19.ontario.ca\/fr\" target=\"_blank\" rel=\"noopener\">https:\/\/covid-19.ontario.ca\/fr<\/a><\/p><p>Tel: (866) 797-0000<\/p><h4 style=\"padding-top: 20px;color: #366f7f\"><span class=\"\">Plan de vaccination<\/span><\/h4><p><a href=\"https:\/\/covid-19.ontario.ca\/fr\/vaccins-contre-la-covid-19-en-ontario\" target=\"_blank\" rel=\"noopener\">https:\/\/covid-19.ontario.ca\/fr\/vaccins-contre-la-covid-19-en-ontario<\/a><\/p><h4 style=\"padding-top: 20px;color: #366f7f\">Auto-\u00e9valuation d\u00e9pistage<\/h4><p><a href=\"https:\/\/covid-19.ontario.ca\/autoevaluation\/\" target=\"_blank\" rel=\"noopener\">https:\/\/covid-19.ontario.ca\/autoevaluation\/<\/a><\/p><h4 style=\"padding-top: 20px;color: #366f7f\">Restrictions de voyage<\/h4><p><a href=\"https:\/\/www.ontario.ca\/fr\/page\/freinez-la-propagation-de-la-covid-19#section-6\" target=\"_blank\" rel=\"noopener\">https:\/\/www.ontario.ca\/fr\/page\/freinez-la-propagation-de-la-covid-19#section-6<\/a><\/p><\/div><\/div><\/div><div class=\"ea-card sp-ea-single\"><h3 class=\"ea-header\"><a class=\"collapsed\" id=\"ea-header-104775\" role=\"button\" data-sptoggle=\"spcollapse\" data-sptarget=\"#collapse104775\" aria-controls=\"collapse104775\" href=\"#\" aria-expanded=\"false\" tabindex=\"0\"><i aria-hidden=\"true\" role=\"presentation\" class=\"ea-expand-icon eap-icon-ea-expand-plus\"><\/i> Qu\u00e9bec <\/a><\/h3><div class=\"sp-collapse spcollapse spcollapse\" id=\"collapse104775\" data-parent=\"#sp-ea-10477\" role=\"region\" aria-labelledby=\"ea-header-104775\"> <div class=\"ea-body\"><h4 style=\"padding-top: 20px;color: #366f7f\">Site web<\/h4><p><a href=\"https:\/\/www.quebec.ca\/sante\/problemes-de-sante\/a-z\/coronavirus-2019\" target=\"_blank\" rel=\"noopener\">https:\/\/www.quebec.ca\/sante\/problemes-de-sante\/a-z\/coronavirus-2019<\/a><\/p><p>Tel: (877) 644-4545<\/p><h4 style=\"padding-top: 20px;color: #366f7f\"><span class=\"\">Plan de vaccination<\/span><\/h4><p><a href=\"https:\/\/www.quebec.ca\/sante\/problemes-de-sante\/a-z\/coronavirus-2019\/deroulement-vaccination-contre-la-covid-19\/#c78786\" target=\"_blank\" rel=\"noopener\">https:\/\/www.quebec.ca\/sante\/problemes-de-sante\/a-z\/coronavirus-2019\/deroulement-vaccination-contre-la-covid-19\/#c78786<\/a><\/p><h4 style=\"padding-top: 20px;color: #366f7f\">Auto-\u00e9valuation d\u00e9pistage<\/h4><p><a href=\"https:\/\/covid19.quebec.ca\/surveys\/cdd2\/introduction\" target=\"_blank\" rel=\"noopener\">https:\/\/covid19.quebec.ca\/surveys\/cdd2\/introduction<\/a><\/p><h4 style=\"padding-top: 20px;color: #366f7f\">Restrictions de voyage<\/h4><p><a href=\"https:\/\/www.quebec.ca\/sante\/problemes-de-sante\/a-z\/coronavirus-2019\/mesures-en-vigueur\/deplacements-voyages\/deplacements-regions-villes-covid19\" target=\"_blank\" rel=\"noopener\">https:\/\/www.quebec.ca\/sante\/problemes-de-sante\/a-z\/coronavirus-2019\/mesures-en-vigueur\/deplacements-voyages\/deplacements-regions-villes-covid19<\/a><\/p><\/div><\/div><\/div><div class=\"ea-card sp-ea-single\"><h3 class=\"ea-header\"><a class=\"collapsed\" id=\"ea-header-104776\" role=\"button\" data-sptoggle=\"spcollapse\" data-sptarget=\"#collapse104776\" aria-controls=\"collapse104776\" href=\"#\" aria-expanded=\"false\" tabindex=\"0\"><i aria-hidden=\"true\" role=\"presentation\" class=\"ea-expand-icon eap-icon-ea-expand-plus\"><\/i> Nouveau-Brunswick<\/a><\/h3><div class=\"sp-collapse spcollapse spcollapse\" id=\"collapse104776\" data-parent=\"#sp-ea-10477\" role=\"region\" aria-labelledby=\"ea-header-104776\"> <div class=\"ea-body\"><h4 style=\"padding-top: 20px;color: #366f7f\">Site web<\/h4><p><a href=\"http:\/\/www.gnb.ca\/coronavirus\" target=\"_blank\" rel=\"noopener\">http:\/\/www.gnb.ca\/coronavirus<\/a><\/p><p>Tel: 8-1-1<\/p><h4 style=\"padding-top: 20px;color: #366f7f\"><span class=\"\">Plan de vaccination<\/span><\/h4><p><a href=\"https:\/\/www2.gnb.ca\/content\/gnb\/fr\/corporate\/promo\/covid-19\/vaccin-nb.html\" target=\"_blank\" rel=\"noopener\">https:\/\/www2.gnb.ca\/content\/gnb\/fr\/corporate\/promo\/covid-19\/vaccin-nb.html<\/a><\/p><h4 style=\"padding-top: 20px;color: #366f7f\">Auto-\u00e9valuation d\u00e9pistage<\/h4><p><a href=\"https:\/\/www2.gnb.ca\/content\/gnb\/fr\/ministeres\/bmhc\/maladies_transmissibles\/content\/maladies_respiratoires\/coronavirus\/expositionaucoronavirus.html#\/app\/symptom-checker\/guides\/399\/what-to-do\" target=\"_blank\" rel=\"noopener\">https:\/\/www2.gnb.ca\/content\/gnb\/fr\/ministeres\/bmhc\/maladies_transmissibles\/content\/maladies_respiratoires\/coronavirus\/expositionaucoronavirus.html#\/app\/symptom-checker\/guides\/399\/what-to-do<\/a><\/p><h4 style=\"padding-top: 20px;color: #366f7f\">Restrictions de voyage<\/h4><p><a href=\"https:\/\/www2.gnb.ca\/content\/gnb\/fr\/corporate\/promo\/covid-19\/voyageurs.html\" target=\"_blank\" rel=\"noopener\">https:\/\/www2.gnb.ca\/content\/gnb\/fr\/corporate\/promo\/covid-19\/voyageurs.html<\/a><\/p><\/div><\/div><\/div><div class=\"ea-card sp-ea-single\"><h3 class=\"ea-header\"><a class=\"collapsed\" id=\"ea-header-104777\" role=\"button\" data-sptoggle=\"spcollapse\" data-sptarget=\"#collapse104777\" aria-controls=\"collapse104777\" href=\"#\" aria-expanded=\"false\" tabindex=\"0\"><i aria-hidden=\"true\" role=\"presentation\" class=\"ea-expand-icon eap-icon-ea-expand-plus\"><\/i> Nouvelle-\u00c9cosse<\/a><\/h3><div class=\"sp-collapse spcollapse spcollapse\" id=\"collapse104777\" data-parent=\"#sp-ea-10477\" role=\"region\" aria-labelledby=\"ea-header-104777\"> <div class=\"ea-body\"><h4 style=\"padding-top: 20px;color: #366f7f\">Site web<\/h4><p><a href=\"https:\/\/novascotia.ca\/coronavirus\/fr\/\" target=\"_blank\" rel=\"noopener\">https:\/\/novascotia.ca\/coronavirus\/fr\/<\/a><\/p><p>Tel: 8-1-1<\/p><h4 style=\"padding-top: 20px;color: #366f7f\"><span class=\"\">Plan de vaccination<\/span><\/h4><p><a href=\"https:\/\/novascotia.ca\/coronavirus\/vaccine\/fr\/\" target=\"_blank\" rel=\"noopener\">https:\/\/novascotia.ca\/coronavirus\/vaccine\/fr\/<\/a><\/p><h4 style=\"padding-top: 20px;color: #366f7f\">Auto-\u00e9valuation d\u00e9pistage<\/h4><p><a href=\"https:\/\/when-to-call-about-covid19.novascotia.ca\/fr\" target=\"_blank\" rel=\"noopener\">https:\/\/when-to-call-about-covid19.novascotia.ca\/fr<\/a><\/p><h4 style=\"padding-top: 20px;color: #366f7f\">Restrictions de voyage<\/h4><p><a href=\"https:\/\/novascotia.ca\/coronavirus\/travel\/fr\/\" target=\"_blank\" rel=\"noopener\">https:\/\/novascotia.ca\/coronavirus\/travel\/fr\/<\/a><\/p><\/div><\/div><\/div><div class=\"ea-card sp-ea-single\"><h3 class=\"ea-header\"><a class=\"collapsed\" id=\"ea-header-104778\" role=\"button\" data-sptoggle=\"spcollapse\" data-sptarget=\"#collapse104778\" aria-controls=\"collapse104778\" href=\"#\" aria-expanded=\"false\" tabindex=\"0\"><i aria-hidden=\"true\" role=\"presentation\" class=\"ea-expand-icon eap-icon-ea-expand-plus\"><\/i> \u00ce.-P.-\u00c9.<\/a><\/h3><div class=\"sp-collapse spcollapse spcollapse\" id=\"collapse104778\" data-parent=\"#sp-ea-10477\" role=\"region\" aria-labelledby=\"ea-header-104778\"> <div class=\"ea-body\"><h4 style=\"padding-top: 20px;color: #366f7f\">Site web<\/h4><p><a href=\"https:\/\/www.princeedwardisland.ca\/fr\/sujet\/covid-19\" target=\"_blank\" rel=\"noopener\">https:\/\/www.princeedwardisland.ca\/fr\/sujet\/covid-19<\/a><\/p><p>Tel: 8-1-1<\/p><h4 style=\"padding-top: 20px;color: #366f7f\"><span class=\"\">Plan de vaccination<\/span><\/h4><p><a href=\"https:\/\/www.princeedwardisland.ca\/fr\/information\/sante-et-mieux-etre\/vaccination-contre-covid-19-etape\" target=\"_blank\" rel=\"noopener\">https:\/\/www.princeedwardisland.ca\/fr\/information\/sante-et-mieux-etre\/vaccination-contre-covid-19-etape<\/a><\/p><h4 style=\"padding-top: 20px;color: #366f7f\">Auto-\u00e9valuation d\u00e9pistage<\/h4><p><a href=\"https:\/\/assessment.princeedwardisland.ca\/\" target=\"_blank\" rel=\"noopener\">https:\/\/assessment.princeedwardisland.ca\/<\/a><\/p><h4 style=\"padding-top: 20px;color: #366f7f\">Restrictions de voyage<\/h4><p><a href=\"https:\/\/www.princeedwardisland.ca\/fr\/sujet\/voyage\" target=\"_blank\" rel=\"noopener\">https:\/\/www.princeedwardisland.ca\/fr\/sujet\/voyage<\/a><\/p><\/div><\/div><\/div><div class=\"ea-card sp-ea-single\"><h3 class=\"ea-header\"><a class=\"collapsed\" id=\"ea-header-104779\" role=\"button\" data-sptoggle=\"spcollapse\" data-sptarget=\"#collapse104779\" aria-controls=\"collapse104779\" href=\"#\" aria-expanded=\"false\" tabindex=\"0\"><i aria-hidden=\"true\" role=\"presentation\" class=\"ea-expand-icon eap-icon-ea-expand-plus\"><\/i> Terre-Neuve<\/a><\/h3><div class=\"sp-collapse spcollapse spcollapse\" id=\"collapse104779\" data-parent=\"#sp-ea-10477\" role=\"region\" aria-labelledby=\"ea-header-104779\"> <div class=\"ea-body\"><h4 style=\"padding-top: 20px;color: #366f7f\">Site web<\/h4><p><a href=\"http:\/\/www.gov.nl.ca\/covid-19\" target=\"_blank\" rel=\"noopener\">http:\/\/www.gov.nl.ca\/covid-19<\/a><\/p><p>Tel: 8-1-1<\/p><h4 style=\"padding-top: 20px;color: #366f7f\"><span class=\"\">Plan de vaccination<\/span><\/h4><p><a href=\"https:\/\/www.gov.nl.ca\/covid-19\/vaccine\/prioritygroups\/\" target=\"_blank\" rel=\"noopener\">https:\/\/www.gov.nl.ca\/covid-19\/vaccine\/prioritygroups\/<\/a><\/p><h4 style=\"padding-top: 20px;color: #366f7f\">Auto-\u00e9valuation d\u00e9pistage<\/h4><p><a href=\"https:\/\/www.811healthline.ca\/fr\/autoevaluation-pour-la-covid-19\/\" target=\"_blank\" rel=\"noopener\">https:\/\/www.811healthline.ca\/fr\/autoevaluation-pour-la-covid-19\/<\/a><\/p><h4 style=\"padding-top: 20px;color: #366f7f\">Restrictions de voyage<\/h4><p><a href=\"https:\/\/www.gov.nl.ca\/covid-19\/individuals-and-households\/travel-advice-2\/\" target=\"_blank\" rel=\"noopener\">https:\/\/www.gov.nl.ca\/covid-19\/individuals-and-households\/travel-advice-2\/<\/a><\/p><\/div><\/div><\/div><div class=\"ea-card sp-ea-single\"><h3 class=\"ea-header\"><a class=\"collapsed\" id=\"ea-header-1047710\" role=\"button\" data-sptoggle=\"spcollapse\" data-sptarget=\"#collapse1047710\" aria-controls=\"collapse1047710\" href=\"#\" aria-expanded=\"false\" tabindex=\"0\"><i aria-hidden=\"true\" role=\"presentation\" class=\"ea-expand-icon eap-icon-ea-expand-plus\"><\/i> F\u00e9d\u00e9ral<\/a><\/h3><div class=\"sp-collapse spcollapse spcollapse\" id=\"collapse1047710\" data-parent=\"#sp-ea-10477\" role=\"region\" aria-labelledby=\"ea-header-1047710\"> <div class=\"ea-body\"><h4 style=\"padding-top: 20px;color: #366f7f\">Site web<\/h4><p><a href=\"https:\/\/www.canada.ca\/fr\/sante-publique\/services\/maladies\/maladie-coronavirus-covid-19.html\" target=\"_blank\" rel=\"noopener\">https:\/\/www.canada.ca\/fr\/sante-publique\/services\/maladies\/maladie-coronavirus-covid-19.html<\/a><\/p><p>Tel: (833) 784-4397<\/p><h4 style=\"padding-top: 20px;color: #366f7f\">Restrictions de voyage<\/h4><p><b><\/b>\u00a0<a href=\"https:\/\/voyage.gc.ca\/voyage-covid?_ga=2.226758933.921943727.1639673285-770423049.1639673285\" target=\"_blank\" rel=\"noopener\">https:\/\/voyage.gc.ca\/voyage-covid?_ga=2.226758933.921943727.1639673285-770423049.1639673285<\/a><\/p><\/div><\/div><\/div><\/div><\/div>\n<\/div>\n<\/div><\/div><\/div><\/div><\/div><\/div>","protected":false},"excerpt":{"rendered":"<p>Mises \u00e0 jourRessourcesInfo COVID-19 par provinceSant\u00e9 mentaleInformations sur les vaccins Derni\u00e8re mise \u00e0 jour: 09 novembre 2021 Pr\u00e9cautions universelles: la distanciation physique (2 m ou 6 pi), le port du [&hellip;]<\/p>\n","protected":false},"author":17,"featured_media":0,"parent":0,"menu_order":0,"comment_status":"closed","ping_status":"closed","template":"templates\/template-full.php","meta":{"footnotes":""},"class_list":["post-10311","page","type-page","status-publish","hentry","post"],"_links":{"self":[{"href":"https:\/\/boilermaker.ca\/fr\/wp-json\/wp\/v2\/pages\/10311","targetHints":{"allow":["GET"]}}],"collection":[{"href":"https:\/\/boilermaker.ca\/fr\/wp-json\/wp\/v2\/pages"}],"about":[{"href":"https:\/\/boilermaker.ca\/fr\/wp-json\/wp\/v2\/types\/page"}],"author":[{"embeddable":true,"href":"https:\/\/boilermaker.ca\/fr\/wp-json\/wp\/v2\/users\/17"}],"replies":[{"embeddable":true,"href":"https:\/\/boilermaker.ca\/fr\/wp-json\/wp\/v2\/comments?post=10311"}],"version-history":[{"count":81,"href":"https:\/\/boilermaker.ca\/fr\/wp-json\/wp\/v2\/pages\/10311\/revisions"}],"predecessor-version":[{"id":13151,"href":"https:\/\/boilermaker.ca\/fr\/wp-json\/wp\/v2\/pages\/10311\/revisions\/13151"}],"wp:attachment":[{"href":"https:\/\/boilermaker.ca\/fr\/wp-json\/wp\/v2\/media?parent=10311"}],"curies":[{"name":"wp","href":"https:\/\/api.w.org\/{rel}","templated":true}]}}