{"id":12381,"date":"2021-05-14T09:14:02","date_gmt":"2021-05-14T13:14:02","guid":{"rendered":"https:\/\/boilermaker.ca\/vaccines\/"},"modified":"2022-01-18T15:17:02","modified_gmt":"2022-01-18T20:17:02","slug":"vaccines","status":"publish","type":"page","link":"https:\/\/boilermaker.ca\/fr\/vaccines\/","title":{"rendered":"Informations sur les vaccins"},"content":{"rendered":"<div id=\"pl-12381\"  class=\"panel-layout\" ><div id=\"pg-12381-0\"  class=\"panel-grid panel-has-style\" ><div class=\"siteorigin-panels-stretch panel-row-style panel-row-style-for-12381-0\" data-stretch-type=\"full-stretched-padded\" ><div id=\"pgc-12381-0-0\"  class=\"panel-grid-cell panel-grid-cell-empty\" ><\/div><div id=\"pgc-12381-0-1\"  class=\"panel-grid-cell\" ><div id=\"panel-12381-0-1-0\" class=\"widget_text so-panel widget widget_custom_html panel-first-child panel-last-child\" data-index=\"0\" ><div class=\"textwidget custom-html-widget\"><a href=\"https:\/\/boilermaker.ca\/fr\/mises-a-jour-covid-19\/\" class=\"covid-link\"><div class=\"covid-button\">Mises \u00e0 jour<\/div><\/a><\/div><\/div><\/div><div id=\"pgc-12381-0-2\"  class=\"panel-grid-cell panel-grid-cell-mobile-last\" ><div id=\"panel-12381-0-2-0\" class=\"widget_text so-panel widget widget_custom_html panel-first-child panel-last-child\" data-index=\"1\" ><div class=\"textwidget custom-html-widget\"><a href=\"https:\/\/boilermaker.ca\/fr\/ressources-covid-19\/\" class=\"covid-link\"><div class=\"covid-button\">Ressources<\/div><\/a><\/div><\/div><\/div><div id=\"pgc-12381-0-3\"  class=\"panel-grid-cell panel-grid-cell-empty\" ><\/div><\/div><\/div><div id=\"pg-12381-1\"  class=\"panel-grid panel-has-style\" ><div class=\"siteorigin-panels-stretch panel-row-style panel-row-style-for-12381-1\" data-stretch-type=\"full-stretched-padded\" ><div id=\"pgc-12381-1-0\"  class=\"panel-grid-cell panel-grid-cell-empty\" ><\/div><div id=\"pgc-12381-1-1\"  class=\"panel-grid-cell\" ><div id=\"panel-12381-1-1-0\" class=\"widget_text so-panel widget widget_custom_html panel-first-child panel-last-child\" data-index=\"2\" ><div class=\"textwidget custom-html-widget\"><a href=\"https:\/\/boilermaker.ca\/fr\/covid-19-info-by-province\/\" class=\"covid-link\"><div class=\"covid-button\">Info COVID-19 par province<\/div><\/a><\/div><\/div><\/div><div id=\"pgc-12381-1-2\"  class=\"panel-grid-cell\" ><div id=\"panel-12381-1-2-0\" class=\"widget_text so-panel widget widget_custom_html panel-first-child panel-last-child\" data-index=\"3\" ><div class=\"textwidget custom-html-widget\"><a href=\"https:\/\/boilermaker.ca\/fr\/covid-19-sante-mentale\" class=\"covid-link\"><div class=\"covid-button\">Sant\u00e9 mentale<\/div><\/a><\/div><\/div><\/div><div id=\"pgc-12381-1-3\"  class=\"panel-grid-cell panel-grid-cell-mobile-last\" ><div id=\"panel-12381-1-3-0\" class=\"widget_text so-panel widget widget_custom_html panel-first-child panel-last-child\" data-index=\"4\" ><div class=\"textwidget custom-html-widget\"><a href=\"https:\/\/boilermaker.ca\/fr\/vaccines\/\" class=\"covid-link\"><div class=\"covid-vaccine-button\" style=\"background-color:#bf7246;\"><span class=\"covid-selected\">Informations sur les vaccins<\/span><\/div><\/a><\/div><\/div><\/div><div id=\"pgc-12381-1-4\"  class=\"panel-grid-cell panel-grid-cell-empty\" ><\/div><\/div><\/div><div id=\"pg-12381-2\"  class=\"panel-grid panel-has-style\" ><div class=\"siteorigin-panels-stretch panel-row-style panel-row-style-for-12381-2\" data-stretch-type=\"full-stretched-padded\" ><div id=\"pgc-12381-2-0\"  class=\"panel-grid-cell\" ><div id=\"panel-12381-2-0-0\" class=\"so-panel widget widget_siteorigin-panels-builder panel-first-child panel-last-child\" data-index=\"5\" ><div id=\"pl-w60f08dc156b6c\"  class=\"panel-layout\" ><div id=\"pg-w60f08dc156b6c-0\"  class=\"panel-grid panel-no-style\" ><div id=\"pgc-w60f08dc156b6c-0-0\"  class=\"panel-grid-cell\" ><div id=\"panel-w60f08dc156b6c-0-0-0\" class=\"widget_text so-panel widget widget_custom_html panel-first-child panel-last-child\" data-index=\"0\" ><div class=\"widget_text panel-widget-style panel-widget-style-for-w60f08dc156b6c-0-0-0\" ><div class=\"textwidget custom-html-widget\"><h4><b>Un message pour les Chaudronniers: Faites-vous vacciner \u2013 prenez un vaccin contre le COVID-19<\/b><\/h4>\n<div class=\"lead-text\" style=\"margin-top:25px;\">\n<p>La science est claire: la vaccination fait une diff\u00e9rence dans la bataille contre le COVID-19 et la pand\u00e9mie. Les vaccins ne sont non seulement essentiels afin de prot\u00e9ger les gens des cas s\u00e9v\u00e8res menant \u00e0 l\u2019hospitalisation et \u00e0 la mort, mais ils sont \u00e9galement essentiels afin de mettre fin \u00e0 la pand\u00e9mie et de lutter contre la propagation continue du virus et de ses variants.<\/p>\n<p>Le plus vite nous nous faisons tous vacciner, le plus vite nous pouvons retourner \u00e0 la normale, retourner \u00e0 notre famille et \u00e0 nos amis qui nous ont manqu\u00e9s et retourner \u00e0 notre vie.<\/p>\n<p>Si nous nous faisons tous vacciner contre le COVID-19, nous pouvons vaincre la pand\u00e9mie.<\/p>\n<\/div><\/div><\/div><\/div><\/div><\/div><div id=\"pg-w60f08dc156b6c-1\"  class=\"panel-grid panel-no-style\" ><div id=\"pgc-w60f08dc156b6c-1-0\"  class=\"panel-grid-cell\" ><div id=\"panel-w60f08dc156b6c-1-0-0\" class=\"so-panel widget widget_sow-editor panel-first-child panel-last-child\" data-index=\"1\" ><div\n\t\t\t\n\t\t\tclass=\"so-widget-sow-editor so-widget-sow-editor-base\"\n\t\t\t\n\t\t>\n<div class=\"siteorigin-widget-tinymce textwidget\">\n\t<h4 style=\"font-weight:700;\">Vous avez des questions \u00e0 propos des vaccins?<\/h4>\n<p>L\u2019information - et la\u00a0<em>d\u00e9sinformation<\/em> - sont omnipr\u00e9sentes en ce qui a trait \u00e0 comprendre les vaccins contre le COVID-19, les diff\u00e9rentes options, la fa\u00e7on dont ils fonctionnent, leur s\u00e9curit\u00e9 et \u00e0 quoi s\u2019attendre. Voici des ressources FIABLES afin de conna\u00eetre la v\u00e9rit\u00e9 \u00e0 propos des vaccins contre le COVID-19:<\/p>\n<ul style=\"margin-top:15px; line-height:1.6;\">\n<li><strong>Canada<\/strong>: <a href=\"https:\/\/www.canada.ca\/fr\/sante-publique\/services\/maladies\/maladie-coronavirus-covid-19\/vaccins.html\" target=\"_blank\" rel=\"noopener\">Site web du Gouvernement du Canada<\/a><\/li>\n<li><strong>\u00c9tats-Unis<\/strong>: <a href=\"https:\/\/www.cdc.gov\/coronavirus\/2019-ncov\/vaccines\/index.html\" target=\"_blank\" rel=\"noopener\">Site web CDC<\/a><\/li>\n<\/ul>\n<ul style=\"margin-top:15px; line-height:1.6;\">\n<li><a href=\"https:\/\/www.cchst.ca\/covid19\/vaccines-faq\/index.html\" target=\"_blank\" rel=\"noopener\">Questions les plus courantes<\/a><\/li>\n<li><a href=\"https:\/\/www.cdc.gov\/coronavirus\/2019-ncov\/vaccines\/vaccine-benefits.html\" target=\"_blank\" rel=\"noopener\">Avantages de se faire vacciner contre le COVID-19<\/a><\/li>\n<li><a href=\"https:\/\/www.canada.ca\/fr\/sante-publique\/services\/maladies\/maladie-coronavirus-covid-19\/vaccins\/quoi-attendre-vaccination.html#a4\" target=\"_blank\" rel=\"noopener\">Effets secondaires et r\u00e9actions possibles<\/a><\/li>\n<\/ul>\n<\/div>\n<\/div><\/div><\/div><\/div><div id=\"pg-w60f08dc156b6c-2\"  class=\"panel-grid panel-no-style\" ><div id=\"pgc-w60f08dc156b6c-2-0\"  class=\"panel-grid-cell\" ><div id=\"panel-w60f08dc156b6c-2-0-0\" class=\"so-panel widget widget_sow-editor panel-first-child panel-last-child\" data-index=\"2\" ><div\n\t\t\t\n\t\t\tclass=\"so-widget-sow-editor so-widget-sow-editor-base\"\n\t\t\t\n\t\t>\n<div class=\"siteorigin-widget-tinymce textwidget\">\n\t<h4 style=\"font-weight: bold;\">S\u00e9curit\u00e9 des vaccins au Canada<\/h4>\n<p>Vous \u00eates-vous d\u00e9j\u00e0 demand\u00e9 comment Sant\u00e9 Canada s\u2019assure de la s\u00e9curit\u00e9 et de l\u2019efficacit\u00e9 des vaccins? Regardez cette vid\u00e9o et consultez le pdf pour en apprendre davantage.<\/p>\n<\/div>\n<\/div><\/div><\/div><\/div><div id=\"pg-w60f08dc156b6c-3\"  class=\"panel-grid panel-no-style\" ><div id=\"pgc-w60f08dc156b6c-3-0\"  class=\"panel-grid-cell\" ><div id=\"panel-w60f08dc156b6c-3-0-0\" class=\"so-panel widget widget_sow-editor panel-first-child panel-last-child\" data-index=\"3\" ><div\n\t\t\t\n\t\t\tclass=\"so-widget-sow-editor so-widget-sow-editor-base\"\n\t\t\t\n\t\t>\n<div class=\"siteorigin-widget-tinymce textwidget\">\n\t<p><iframe loading=\"lazy\" title=\"YouTube video player\" src=\"https:\/\/www.youtube-nocookie.com\/embed\/QiiLoc-eztM\" width=\"560\" height=\"315\" frameborder=\"0\" allowfullscreen=\"allowfullscreen\"><\/iframe><\/p>\n<\/div>\n<\/div><\/div><\/div><div id=\"pgc-w60f08dc156b6c-3-1\"  class=\"panel-grid-cell\" ><div id=\"panel-w60f08dc156b6c-3-1-0\" class=\"so-panel widget widget_sow-editor panel-first-child panel-last-child\" data-index=\"4\" ><div\n\t\t\t\n\t\t\tclass=\"so-widget-sow-editor so-widget-sow-editor-base\"\n\t\t\t\n\t\t>\n<div class=\"siteorigin-widget-tinymce textwidget\">\n\t\n\t\t<div class=\"wppdfemb-frame-container-1\" style=\"-webkit-overflow-scrolling:auto;\">\n\t\t\t<iframe class=\"pdfembed-iframe nonfullscreen wppdf-emb-iframe-1\"\n\t\t\t\tsrc=\"https:\/\/boilermaker.ca\/fr\/?pdfemb-data=eyJ0aXRsZSI6IlZhY2NpbmUgU2FmZXR5IGluIENhbmFkYSIsImluZGV4IjoxLCJwZGZJRCI6MTI2MzYsInBkZmVtYi1zZXJ2ZXVybCI6Imh0dHBzJTNBJTJGJTJGYm9pbGVybWFrZXIuY2ElMkZ3cC1jb250ZW50JTJGdXBsb2FkcyUyRnNlY3VyZXBkZnMlMkZ2YWNjaW5lLXNhZmV0eS1wb3N0ZXItZW5nLnBkZiIsIndtX3RleHQiOiIifQ\"\n\t\t\t\tdata-pdf-id=\"12636\"\n\t\t\t\tdata-pdf-index=\"1\"\n\t\t\t\tstyle=\"border:none;width:100%;max-width:100%;height:600px;\"\n\t\t\t\tscrolling=\"yes\">\n\t\t\t<\/iframe>\n\t\t<\/div>\n\n\t\t\n<\/div>\n<\/div><\/div><\/div><\/div><div id=\"pg-w60f08dc156b6c-4\"  class=\"panel-grid panel-no-style\" ><div id=\"pgc-w60f08dc156b6c-4-0\"  class=\"panel-grid-cell\" ><div id=\"panel-w60f08dc156b6c-4-0-0\" class=\"so-panel widget widget_sow-editor panel-first-child panel-last-child\" data-index=\"5\" ><div\n\t\t\t\n\t\t\tclass=\"so-widget-sow-editor so-widget-sow-editor-base\"\n\t\t\t\n\t\t>\n<div class=\"siteorigin-widget-tinymce textwidget\">\n\t<h4 style=\"font-weight: bold;\">Comment trouver un vaccin<\/h4>\n<p>Vous ou votre entourage cherchez un endroit o\u00f9 se faire vacciner? Voici des ressources qui peuvent vous aider:<\/p>\n<\/div>\n<\/div><\/div><\/div><\/div><div id=\"pg-w60f08dc156b6c-5\"  class=\"panel-grid panel-no-style\" ><div id=\"pgc-w60f08dc156b6c-5-0\"  class=\"panel-grid-cell\" ><div id=\"panel-w60f08dc156b6c-5-0-0\" class=\"so-panel widget widget_siteorigin-panels-builder panel-first-child panel-last-child\" data-index=\"6\" ><div class=\"panel-widget-style panel-widget-style-for-w60f08dc156b6c-5-0-0\" ><div id=\"pl-w60a6bb68a21d3\"  class=\"panel-layout\" ><div id=\"pg-w60a6bb68a21d3-0\"  class=\"panel-grid panel-no-style\" ><div id=\"pgc-w60a6bb68a21d3-0-0\"  class=\"panel-grid-cell\" ><div id=\"panel-w60a6bb68a21d3-0-0-0\" class=\"so-panel widget widget_sow-editor panel-first-child\" data-index=\"0\" ><div\n\t\t\t\n\t\t\tclass=\"so-widget-sow-editor so-widget-sow-editor-base\"\n\t\t\t\n\t\t>\n<div class=\"siteorigin-widget-tinymce textwidget\">\n\t<p style=\"text-align: center;\"><b style=\"font-size: 16px;\">Canada<\/b><\/p>\n<p style=\"text-align: center;\">Les vaccins seront offerts gratuitement \u00e0 toute personne au Canada durant l'ann\u00e9e 2021.<br \/>&nbsp;<\/p>\n<\/div>\n<\/div><\/div><div id=\"panel-w60a6bb68a21d3-0-0-1\" class=\"so-panel widget widget_sow-button panel-last-child\" data-index=\"1\" ><div\n\t\t\t\n\t\t\tclass=\"so-widget-sow-button so-widget-sow-button-atom-6ef27b57302a\"\n\t\t\t\n\t\t><div class=\"ow-button-base ow-button-align-center\"\n>\n\t\t\t<a\n\t\t\t\t\thref=\"https:\/\/www.canada.ca\/fr\/sante-publique\/services\/maladies\/maladie-coronavirus-covid-19\/vaccins\/comment-vacciner.html\"\n\t\t\t\t\tclass=\"sowb-button ow-icon-placement-left ow-button-hover\" target=\"_blank\" rel=\"noopener noreferrer\" \t>\n\t\t<span>\n\t\t\t\n\t\t\tTrouver un vaccin\t\t<\/span>\n\t\t\t<\/a>\n\t<\/div>\n<\/div><\/div><\/div><\/div><\/div><\/div><\/div><\/div><div id=\"pgc-w60f08dc156b6c-5-1\"  class=\"panel-grid-cell\" ><div id=\"panel-w60f08dc156b6c-5-1-0\" class=\"so-panel widget widget_siteorigin-panels-builder panel-first-child panel-last-child\" data-index=\"7\" ><div class=\"panel-widget-style panel-widget-style-for-w60f08dc156b6c-5-1-0\" ><div id=\"pl-w60a6ba49da65f\"  class=\"panel-layout\" ><div id=\"pg-w60a6ba49da65f-0\"  class=\"panel-grid panel-no-style\" ><div id=\"pgc-w60a6ba49da65f-0-0\"  class=\"panel-grid-cell\" ><div id=\"panel-w60a6ba49da65f-0-0-0\" class=\"so-panel widget widget_sow-editor panel-first-child\" data-index=\"0\" ><div\n\t\t\t\n\t\t\tclass=\"so-widget-sow-editor so-widget-sow-editor-base\"\n\t\t\t\n\t\t>\n<div class=\"siteorigin-widget-tinymce textwidget\">\n\t<p style=\"text-align: center;\"><b style=\"font-size: 16px;\">\u00c9tats-Unis<\/b><\/p>\n<p style=\"text-align: center;\">Cliquez ci-dessous afin d\u2019utiliser le moteur de recherche de vaccins \u00ab Vaccine Finder \u00bb OU saisissez votre code postal par message texte au 438829 (getvax).<\/p>\n<\/div>\n<\/div><\/div><div id=\"panel-w60a6ba49da65f-0-0-1\" class=\"so-panel widget widget_sow-button panel-last-child\" data-index=\"1\" ><div\n\t\t\t\n\t\t\tclass=\"so-widget-sow-button so-widget-sow-button-atom-6ef27b57302a\"\n\t\t\t\n\t\t><div class=\"ow-button-base ow-button-align-center\"\n>\n\t\t\t<a\n\t\t\t\t\thref=\"https:\/\/www.vaccines.gov\/\"\n\t\t\t\t\tclass=\"sowb-button ow-icon-placement-left ow-button-hover\" target=\"_blank\" rel=\"noopener noreferrer\" \t>\n\t\t<span>\n\t\t\t\n\t\t\tTrouver un vaccin\t\t<\/span>\n\t\t\t<\/a>\n\t<\/div>\n<\/div><\/div><\/div><\/div><\/div><\/div><\/div><\/div><\/div><div id=\"pg-w60f08dc156b6c-6\"  class=\"panel-grid panel-has-style\" ><div class=\"panel-row-style panel-row-style-for-w60f08dc156b6c-6\" ><div id=\"pgc-w60f08dc156b6c-6-0\"  class=\"panel-grid-cell\" ><div id=\"panel-w60f08dc156b6c-6-0-0\" class=\"so-panel widget widget_sow-editor panel-first-child panel-last-child\" data-index=\"8\" ><div\n\t\t\t\n\t\t\tclass=\"so-widget-sow-editor so-widget-sow-editor-base\"\n\t\t\t\n\t\t>\n<div class=\"siteorigin-widget-tinymce textwidget\">\n\t<h4 style=\"text-align: center;\"><a class=\"covid-link\" href=\"https:\/\/boilermaker.ca\/fr\/mises-a-jour-covid-19\/\"><span style=\"color: #fff;\">Vous avez besoin de davantage d\u2019info ou de ressources \u00e0 propos du COVID-19? Cliquez ici.<\/span><\/a><\/h4>\n<\/div>\n<\/div><\/div><\/div><\/div><\/div><\/div><\/div><\/div><div id=\"pgc-12381-2-1\"  class=\"panel-grid-cell\" ><div id=\"panel-12381-2-1-0\" class=\"so-panel widget widget_sow-editor panel-first-child panel-last-child\" data-index=\"6\" ><div\n\t\t\t\n\t\t\tclass=\"so-widget-sow-editor so-widget-sow-editor-base\"\n\t\t\t\n\t\t>\n<div class=\"siteorigin-widget-tinymce textwidget\">\n\t<p><iframe loading=\"lazy\" src=\"https:\/\/player.vimeo.com\/video\/558200661\" width=\"640\" height=\"640\" frameborder=\"0\" allowfullscreen=\"allowfullscreen\"><\/iframe><\/p>\n<p style=\"text-align: center;\"><a href=\"https:\/\/plusviteensemble.ca\/\" target=\"_blank\" rel=\"noopener\">https:\/\/plusviteensemble.ca\/<\/a><\/p>\n<h4 style=\"margin-top:30px; font-weight: bold;\">Aidez-nous \u00e0 faire passer le message: Les vaccins fonctionnent. Agissons rapidement.<\/h4>\n<p>Connaissez-vous des personnes qui ne sont simplement pas convaincues? <a href=\"https:\/\/www.cdc.gov\/coronavirus\/2019-ncov\/vaccines\/talk-about-vaccines.html\" target=\"_blank\" rel=\"noopener\">Voici des conseils pour parler des vaccins contre le COVID-19 avec vos amis et votre famille<\/a>.<\/p>\n<p>Aidez-nous \u00e0 faire passer le message. Utilisez l\u2019un de ces graphiques pour m\u00e9dias sociaux parmi d\u2019autres afin de nous aider \u00e0 faire passer le message.<\/p>\n<p><a href=\"https:\/\/boilermaker.ca\/wp-content\/uploads\/SM_vaccination1-LG.png\" target=\"_blank\" rel=\"noopener\"><img loading=\"lazy\" decoding=\"async\" class=\"aligncenter wp-image-12318\" src=\"https:\/\/boilermaker.ca\/wp-content\/uploads\/SM_vaccination1-LG-150x150.png\" alt=\"\" width=\"150\" height=\"150\" srcset=\"https:\/\/boilermaker.ca\/wp-content\/uploads\/SM_vaccination1-LG-150x150.png 150w, https:\/\/boilermaker.ca\/wp-content\/uploads\/SM_vaccination1-LG-320x320.png 320w, https:\/\/boilermaker.ca\/wp-content\/uploads\/SM_vaccination1-LG-640x640.png 640w, https:\/\/boilermaker.ca\/wp-content\/uploads\/SM_vaccination1-LG-768x768.png 768w, https:\/\/boilermaker.ca\/wp-content\/uploads\/SM_vaccination1-LG-45x45.png 45w, https:\/\/boilermaker.ca\/wp-content\/uploads\/SM_vaccination1-LG.png 1024w\" sizes=\"auto, (max-width: 150px) 100vw, 150px\" \/><\/a><\/p>\n<p><a href=\"https:\/\/boilermaker.ca\/wp-content\/uploads\/SM_vaccination2-LG.png\" target=\"_blank\" rel=\"noopener\"><img loading=\"lazy\" decoding=\"async\" class=\"aligncenter wp-image-12320\" src=\"https:\/\/boilermaker.ca\/wp-content\/uploads\/SM_vaccination2-LG.png\" alt=\"\" width=\"150\" height=\"150\" srcset=\"https:\/\/boilermaker.ca\/wp-content\/uploads\/SM_vaccination2-LG.png 1024w, https:\/\/boilermaker.ca\/wp-content\/uploads\/SM_vaccination2-LG-320x320.png 320w, https:\/\/boilermaker.ca\/wp-content\/uploads\/SM_vaccination2-LG-640x640.png 640w, https:\/\/boilermaker.ca\/wp-content\/uploads\/SM_vaccination2-LG-150x150.png 150w, https:\/\/boilermaker.ca\/wp-content\/uploads\/SM_vaccination2-LG-768x768.png 768w, https:\/\/boilermaker.ca\/wp-content\/uploads\/SM_vaccination2-LG-45x45.png 45w\" sizes=\"auto, (max-width: 150px) 100vw, 150px\" \/><\/a><\/p>\n<p><a href=\"https:\/\/boilermaker.ca\/wp-content\/uploads\/SM_vaccination3-LG.png\" target=\"_blank\" rel=\"noopener\"><img loading=\"lazy\" decoding=\"async\" class=\"aligncenter wp-image-12322\" src=\"https:\/\/boilermaker.ca\/wp-content\/uploads\/SM_vaccination3-LG.png\" alt=\"\" width=\"150\" height=\"150\" srcset=\"https:\/\/boilermaker.ca\/wp-content\/uploads\/SM_vaccination3-LG.png 1024w, https:\/\/boilermaker.ca\/wp-content\/uploads\/SM_vaccination3-LG-320x320.png 320w, https:\/\/boilermaker.ca\/wp-content\/uploads\/SM_vaccination3-LG-640x640.png 640w, https:\/\/boilermaker.ca\/wp-content\/uploads\/SM_vaccination3-LG-150x150.png 150w, https:\/\/boilermaker.ca\/wp-content\/uploads\/SM_vaccination3-LG-768x768.png 768w, https:\/\/boilermaker.ca\/wp-content\/uploads\/SM_vaccination3-LG-45x45.png 45w\" sizes=\"auto, (max-width: 150px) 100vw, 150px\" \/><\/a><\/p>\n<p><a href=\"https:\/\/boilermaker.ca\/wp-content\/uploads\/SM_vaccination4-LG.png\" target=\"_blank\" rel=\"noopener\"><img loading=\"lazy\" decoding=\"async\" class=\"aligncenter wp-image-12314\" src=\"https:\/\/boilermaker.ca\/wp-content\/uploads\/SM_vaccination4-LG.png\" alt=\"\" width=\"150\" height=\"150\" srcset=\"https:\/\/boilermaker.ca\/wp-content\/uploads\/SM_vaccination4-LG.png 1024w, https:\/\/boilermaker.ca\/wp-content\/uploads\/SM_vaccination4-LG-320x320.png 320w, https:\/\/boilermaker.ca\/wp-content\/uploads\/SM_vaccination4-LG-640x640.png 640w, https:\/\/boilermaker.ca\/wp-content\/uploads\/SM_vaccination4-LG-150x150.png 150w, https:\/\/boilermaker.ca\/wp-content\/uploads\/SM_vaccination4-LG-768x768.png 768w, https:\/\/boilermaker.ca\/wp-content\/uploads\/SM_vaccination4-LG-45x45.png 45w\" sizes=\"auto, (max-width: 150px) 100vw, 150px\" \/><\/a><\/p>\n<p><a href=\"https:\/\/boilermaker.ca\/wp-content\/uploads\/SM_vaccination5-LG.png\" target=\"_blank\" rel=\"noopener\"><img loading=\"lazy\" decoding=\"async\" class=\"aligncenter wp-image-12316\" src=\"https:\/\/boilermaker.ca\/wp-content\/uploads\/SM_vaccination5-LG.png\" alt=\"\" width=\"150\" height=\"150\" srcset=\"https:\/\/boilermaker.ca\/wp-content\/uploads\/SM_vaccination5-LG.png 1024w, https:\/\/boilermaker.ca\/wp-content\/uploads\/SM_vaccination5-LG-320x320.png 320w, https:\/\/boilermaker.ca\/wp-content\/uploads\/SM_vaccination5-LG-640x640.png 640w, https:\/\/boilermaker.ca\/wp-content\/uploads\/SM_vaccination5-LG-150x150.png 150w, https:\/\/boilermaker.ca\/wp-content\/uploads\/SM_vaccination5-LG-768x768.png 768w, https:\/\/boilermaker.ca\/wp-content\/uploads\/SM_vaccination5-LG-45x45.png 45w\" sizes=\"auto, (max-width: 150px) 100vw, 150px\" \/><\/a><\/p>\n<\/div>\n<\/div><\/div><\/div><\/div><\/div><\/div>","protected":false},"excerpt":{"rendered":"<p>Mises \u00e0 jourRessourcesInfo COVID-19 par provinceSant\u00e9 mentaleInformations sur les vaccinsUn message pour les Chaudronniers: Faites-vous vacciner \u2013 prenez un vaccin contre le COVID-19 La science est claire: la vaccination fait [&hellip;]<\/p>\n","protected":false},"author":17,"featured_media":0,"parent":0,"menu_order":0,"comment_status":"closed","ping_status":"closed","template":"","meta":{"footnotes":""},"class_list":["post-12381","page","type-page","status-publish","hentry","post"],"_links":{"self":[{"href":"https:\/\/boilermaker.ca\/fr\/wp-json\/wp\/v2\/pages\/12381","targetHints":{"allow":["GET"]}}],"collection":[{"href":"https:\/\/boilermaker.ca\/fr\/wp-json\/wp\/v2\/pages"}],"about":[{"href":"https:\/\/boilermaker.ca\/fr\/wp-json\/wp\/v2\/types\/page"}],"author":[{"embeddable":true,"href":"https:\/\/boilermaker.ca\/fr\/wp-json\/wp\/v2\/users\/17"}],"replies":[{"embeddable":true,"href":"https:\/\/boilermaker.ca\/fr\/wp-json\/wp\/v2\/comments?post=12381"}],"version-history":[{"count":17,"href":"https:\/\/boilermaker.ca\/fr\/wp-json\/wp\/v2\/pages\/12381\/revisions"}],"predecessor-version":[{"id":13154,"href":"https:\/\/boilermaker.ca\/fr\/wp-json\/wp\/v2\/pages\/12381\/revisions\/13154"}],"wp:attachment":[{"href":"https:\/\/boilermaker.ca\/fr\/wp-json\/wp\/v2\/media?parent=12381"}],"curies":[{"name":"wp","href":"https:\/\/api.w.org\/{rel}","templated":true}]}}