{"id":13067,"date":"2021-12-01T08:08:16","date_gmt":"2021-12-01T13:08:16","guid":{"rendered":"https:\/\/boilermaker.ca\/pressure-welder-program\/"},"modified":"2021-12-13T16:22:55","modified_gmt":"2021-12-13T21:22:55","slug":"pressure-welder-program","status":"publish","type":"page","link":"https:\/\/boilermaker.ca\/fr\/pressure-welder-program\/","title":{"rendered":"Programme de soudeur sous pression"},"content":{"rendered":"<div id=\"pl-13067\"  class=\"panel-layout\" ><div id=\"pg-13067-0\"  class=\"panel-grid panel-no-style\" ><div id=\"pgc-13067-0-0\"  class=\"panel-grid-cell\" ><div id=\"panel-13067-0-0-0\" class=\"so-panel widget widget_sow-editor panel-first-child panel-last-child\" data-index=\"0\" ><div\n\t\t\t\n\t\t\tclass=\"so-widget-sow-editor so-widget-sow-editor-base\"\n\t\t\t\n\t\t>\n<div class=\"siteorigin-widget-tinymce textwidget\">\n\t<p><strong>Combler l\u2019\u00e9cart \u2013 Programme de soudeur sous pression<\/strong><\/p>\n<div><span lang=\"FR-CA\">Ce programme est d\u00e9velopp\u00e9 conjointement par la Fraternit\u00e9 internationale des Chaudronniers\/Fonds de fiducie national pour la formation (FIC\/FFNF) et le Groupe CWB et est financ\u00e9 par Emploi et D\u00e9veloppement social Canada - Programme pour la formation et l\u2019innovation en milieu syndical (UTIP).<\/span><\/div>\n<\/div>\n<\/div><\/div><\/div><\/div><div id=\"pg-13067-1\"  class=\"panel-grid panel-no-style\" ><div id=\"pgc-13067-1-0\"  class=\"panel-grid-cell\" ><div id=\"panel-13067-1-0-0\" class=\"so-panel widget widget_sow-image panel-first-child panel-last-child\" data-index=\"1\" ><div\n\t\t\t\n\t\t\tclass=\"so-widget-sow-image so-widget-sow-image-default-8b5b6f678277-13067\"\n\t\t\t\n\t\t>\n<div class=\"sow-image-container\">\n\t\t<img \n\tsrc=\"https:\/\/boilermaker.ca\/wp-content\/uploads\/welder-sm.jpg\" width=\"400\" height=\"629\" srcset=\"https:\/\/boilermaker.ca\/wp-content\/uploads\/welder-sm.jpg 400w, https:\/\/boilermaker.ca\/wp-content\/uploads\/welder-sm-320x503.jpg 320w\" sizes=\"(max-width: 400px) 100vw, 400px\" alt=\"\" \t\tclass=\"so-widget-image\"\/>\n\t<\/div>\n\n<\/div><\/div><\/div><div id=\"pgc-13067-1-1\"  class=\"panel-grid-cell\" ><div id=\"panel-13067-1-1-0\" class=\"so-panel widget widget_sow-editor panel-first-child\" data-index=\"2\" ><div\n\t\t\t\n\t\t\tclass=\"so-widget-sow-editor so-widget-sow-editor-base\"\n\t\t\t\n\t\t>\n<div class=\"siteorigin-widget-tinymce textwidget\">\n\t<h3 style=\"text-align: center;\"><strong>\u00c0 propos du programme<\/strong><\/h3>\n<p>Ce programme de formation d\u2019une dur\u00e9e de huit semaines est enti\u00e8rement financ\u00e9 par le gouvernement du Canada afin d\u2019am\u00e9liorer les comp\u00e9tences des apprentis et compagnons \u00e0 travers le Canada. Les participants apprendront les techniques convoit\u00e9es de soudage sous pression et d\u00e9velopperont leurs comp\u00e9tences afin de r\u00e9pondre aux besoins actuels et futurs de l\u2019industrie. Ceux qui compl\u00e8tent ce programme de formation auront travaill\u00e9 avec des formateurs hautement qualifi\u00e9s afin d\u2019acqu\u00e9rir des comp\u00e9tences utiles et n\u00e9cessaires qui serviront \u00e0 accro\u00eetre leurs opportunit\u00e9s d\u2019emploi. L\u2019aide financi\u00e8re est disponible pour les participants admissibles pendant toute la dur\u00e9e du programme, communiquez avec votre coordonnateur de la formation pour obtenir davantage d\u2019informations.<\/p>\n<\/div>\n<\/div><\/div><div id=\"panel-13067-1-1-1\" class=\"so-panel widget widget_sow-button panel-last-child\" data-index=\"3\" ><div\n\t\t\t\n\t\t\tclass=\"so-widget-sow-button so-widget-sow-button-atom-d3962fbc7ba5-13067\"\n\t\t\t\n\t\t><div class=\"ow-button-base ow-button-align-center\"\n>\n\t\t\t<a\n\t\t\t\t\thref=\"https:\/\/boilermaker.ca\/fr\/formation-nationale\/devenir-apprenti\/\"\n\t\t\t\t\tclass=\"sowb-button ow-icon-placement-left ow-button-hover\" target=\"_blank\" rel=\"noopener noreferrer\" \t>\n\t\t<span>\n\t\t\t\n\t\t\tCoordonnateurs de la formation \t\t<\/span>\n\t\t\t<\/a>\n\t<\/div>\n<\/div><\/div><\/div><\/div><div id=\"pg-13067-2\"  class=\"panel-grid panel-no-style\" ><div id=\"pgc-13067-2-0\"  class=\"panel-grid-cell\" ><div id=\"panel-13067-2-0-0\" class=\"so-panel widget widget_sow-editor panel-first-child panel-last-child\" data-index=\"4\" ><div\n\t\t\t\n\t\t\tclass=\"so-widget-sow-editor so-widget-sow-editor-base\"\n\t\t\t\n\t\t>\n<div class=\"siteorigin-widget-tinymce textwidget\">\n\t<h3 style=\"text-align: center;\"><strong>Avantages du programme<\/strong><\/h3>\n<p><strong>Possibilit\u00e9s d\u2019avancement :<\/strong><\/p>\n<ul>\n<li>Mise \u00e0 niveau de vos comp\u00e9tences en soudage pour devenir soudeur sous pression<\/li>\n<\/ul>\n<p><strong>Vous rejoindre o\u00f9 vous \u00eates :<\/strong><\/p>\n<ul>\n<li>Formation adapt\u00e9e \u00e0 vos besoins fournie menant \u00e0 l\u2019obtention de certifications suppl\u00e9mentaires afin que vous puissiez devenir un soudeur hautement qualifi\u00e9<\/li>\n<\/ul>\n<p><strong>Formation pratique quotidienne avec des formateurs hautement qualifi\u00e9s.<\/strong><\/p>\n<p><strong>Obtention de jusqu\u2019\u00e0 six qualifications des soudeurs (selon la juridiction provinciale) :<\/strong><\/p>\n<ul>\n<li>CWB pour la qualification des positions de soudage (CSA W47.1)<\/li>\n<li>Qualification provinciale initiale en soudage sous pression<\/li>\n<li>Carbone 2\" sch. 160-6G SMAW\/\u00a0\u00ab\u00a0b\u00e2ton\u00a0\u00bb ou TIG<\/li>\n<li>Inoxydable - TIG racine, SMAW\/\u00a0\u00ab\u00a0b\u00e2ton\u00a0\u00bb (\u00ab\u00a0fill and cap\u00a0\u00bb) - 2\" sch. 160-6G<\/li>\n<li>Inconel - 2\" sch. 160 TIG racine, SMAW\/\u00a0\u00ab\u00a0b\u00e2ton\u00a0\u00bb \u00ab\u00a0fill and cap\u00a0\u00bb - 6G<\/li>\n<li>Chrome 9 - 2\" ou 4\" TIG arc 6G<\/li>\n<\/ul>\n<p><strong>Obtention de certifications en s\u00e9curit\u00e9 requises par l\u2019industrie : <\/strong><\/p>\n<ul>\n<li>Protection contre les chutes,<\/li>\n<li>Espaces clos,<\/li>\n<li>Examen physique quantitatif et<\/li>\n<li>Test audiom\u00e9trique.<\/li>\n<\/ul>\n<\/div>\n<\/div><\/div><\/div><div id=\"pgc-13067-2-1\"  class=\"panel-grid-cell\" ><div id=\"panel-13067-2-1-0\" class=\"so-panel widget widget_sow-image panel-first-child\" data-index=\"5\" ><div\n\t\t\t\n\t\t\tclass=\"so-widget-sow-image so-widget-sow-image-default-8b5b6f678277-13067\"\n\t\t\t\n\t\t>\n<div class=\"sow-image-container\">\n\t\t<img \n\tsrc=\"https:\/\/boilermaker.ca\/wp-content\/uploads\/ed-boilermaker-confined-space.jpg\" width=\"1152\" height=\"792\" srcset=\"https:\/\/boilermaker.ca\/wp-content\/uploads\/ed-boilermaker-confined-space.jpg 1152w, https:\/\/boilermaker.ca\/wp-content\/uploads\/ed-boilermaker-confined-space-320x220.jpg 320w, https:\/\/boilermaker.ca\/wp-content\/uploads\/ed-boilermaker-confined-space-640x440.jpg 640w, https:\/\/boilermaker.ca\/wp-content\/uploads\/ed-boilermaker-confined-space-768x528.jpg 768w\" sizes=\"(max-width: 1152px) 100vw, 1152px\" alt=\"\" \t\tclass=\"so-widget-image\"\/>\n\t<\/div>\n\n<\/div><\/div><div id=\"panel-13067-2-1-1\" class=\"so-panel widget widget_sow-image panel-last-child\" data-index=\"6\" ><div\n\t\t\t\n\t\t\tclass=\"so-widget-sow-image so-widget-sow-image-default-8b5b6f678277-13067\"\n\t\t\t\n\t\t>\n<div class=\"sow-image-container\">\n\t\t<img \n\tsrc=\"https:\/\/boilermaker.ca\/wp-content\/uploads\/20180724_163241-ed-2-scaled.jpg\" width=\"2061\" height=\"2560\" srcset=\"https:\/\/boilermaker.ca\/wp-content\/uploads\/20180724_163241-ed-2-scaled.jpg 2061w, https:\/\/boilermaker.ca\/wp-content\/uploads\/20180724_163241-ed-2-320x398.jpg 320w, https:\/\/boilermaker.ca\/wp-content\/uploads\/20180724_163241-ed-2-640x795.jpg 640w, https:\/\/boilermaker.ca\/wp-content\/uploads\/20180724_163241-ed-2-768x954.jpg 768w, https:\/\/boilermaker.ca\/wp-content\/uploads\/20180724_163241-ed-2-1236x1536.jpg 1236w, https:\/\/boilermaker.ca\/wp-content\/uploads\/20180724_163241-ed-2-1649x2048.jpg 1649w\" sizes=\"(max-width: 2061px) 100vw, 2061px\" title=\"20180724_163241 ed 2\" alt=\"\" \t\tclass=\"so-widget-image\"\/>\n\t<\/div>\n\n<\/div><\/div><\/div><\/div><div id=\"pg-13067-3\"  class=\"panel-grid panel-no-style\" ><div id=\"pgc-13067-3-0\"  class=\"panel-grid-cell\" ><div id=\"panel-13067-3-0-0\" class=\"so-panel widget widget_sow-image panel-first-child panel-last-child\" data-index=\"7\" ><div\n\t\t\t\n\t\t\tclass=\"so-widget-sow-image so-widget-sow-image-default-8b5b6f678277-13067\"\n\t\t\t\n\t\t>\n<div class=\"sow-image-container\">\n\t\t<img \n\tsrc=\"https:\/\/boilermaker.ca\/wp-content\/uploads\/2021-04-13-21PW.jpg\" width=\"600\" height=\"959\" srcset=\"https:\/\/boilermaker.ca\/wp-content\/uploads\/2021-04-13-21PW.jpg 600w, https:\/\/boilermaker.ca\/wp-content\/uploads\/2021-04-13-21PW-320x511.jpg 320w\" sizes=\"(max-width: 600px) 100vw, 600px\" title=\"2021-04-13 21PW\" alt=\"\" \t\tclass=\"so-widget-image\"\/>\n\t<\/div>\n\n<\/div><\/div><\/div><div id=\"pgc-13067-3-1\"  class=\"panel-grid-cell\" ><div id=\"panel-13067-3-1-0\" class=\"so-panel widget widget_sow-editor panel-first-child\" data-index=\"8\" ><div\n\t\t\t\n\t\t\tclass=\"so-widget-sow-editor so-widget-sow-editor-base\"\n\t\t\t\n\t\t>\n<div class=\"siteorigin-widget-tinymce textwidget\">\n\t<h3 style=\"text-align: center;\"><b>Admissibilit\u00e9<\/b><\/h3>\n<p>Si vous r\u00e9pondez oui aux questions suivantes, vous \u00eates qualifi\u00e9 pour vous joindre au programme<\/p>\n<div class=\"page\" title=\"Page 1\">\n<div class=\"section\">\n<div class=\"layoutArea\">\n<div class=\"column\">\n<p>\u2714\u00cates-vous soudeur ou apprenti?<\/p>\n<p>\u2714 \u00cates-vous pr\u00e9sentement admissible \u00e0 effectuer le test initial de pression dans votre province?<\/p>\n<\/div>\n<\/div>\n<\/div>\n<\/div>\n<p>Inscrivez-vous le plus t\u00f4t possible afin de garantir votre place. Veuillez contacter votre coordonnateur pour davantage d\u2019informations.<\/p>\n<p>.<\/p>\n<\/div>\n<\/div><\/div><div id=\"panel-13067-3-1-1\" class=\"so-panel widget widget_sow-button panel-last-child\" data-index=\"9\" ><div\n\t\t\t\n\t\t\tclass=\"so-widget-sow-button so-widget-sow-button-atom-d3962fbc7ba5-13067\"\n\t\t\t\n\t\t><div class=\"ow-button-base ow-button-align-center\"\n>\n\t\t\t<a\n\t\t\t\t\thref=\"https:\/\/boilermaker.ca\/fr\/formation-nationale\/devenir-apprenti\/\"\n\t\t\t\t\tclass=\"sowb-button ow-icon-placement-left ow-button-hover\" target=\"_blank\" rel=\"noopener noreferrer\" \t>\n\t\t<span>\n\t\t\t\n\t\t\tCoordonnateurs de la formation\t\t<\/span>\n\t\t\t<\/a>\n\t<\/div>\n<\/div><\/div><\/div><\/div><\/div>","protected":false},"excerpt":{"rendered":"<p>Combler l\u2019\u00e9cart \u2013 Programme de soudeur sous pression Ce programme est d\u00e9velopp\u00e9 conjointement par la Fraternit\u00e9 internationale des Chaudronniers\/Fonds de fiducie national pour la formation (FIC\/FFNF) et le Groupe CWB [&hellip;]<\/p>\n","protected":false},"author":21,"featured_media":0,"parent":0,"menu_order":0,"comment_status":"closed","ping_status":"closed","template":"","meta":{"footnotes":""},"class_list":["post-13067","page","type-page","status-publish","hentry","post"],"_links":{"self":[{"href":"https:\/\/boilermaker.ca\/fr\/wp-json\/wp\/v2\/pages\/13067","targetHints":{"allow":["GET"]}}],"collection":[{"href":"https:\/\/boilermaker.ca\/fr\/wp-json\/wp\/v2\/pages"}],"about":[{"href":"https:\/\/boilermaker.ca\/fr\/wp-json\/wp\/v2\/types\/page"}],"author":[{"embeddable":true,"href":"https:\/\/boilermaker.ca\/fr\/wp-json\/wp\/v2\/users\/21"}],"replies":[{"embeddable":true,"href":"https:\/\/boilermaker.ca\/fr\/wp-json\/wp\/v2\/comments?post=13067"}],"version-history":[{"count":3,"href":"https:\/\/boilermaker.ca\/fr\/wp-json\/wp\/v2\/pages\/13067\/revisions"}],"predecessor-version":[{"id":13070,"href":"https:\/\/boilermaker.ca\/fr\/wp-json\/wp\/v2\/pages\/13067\/revisions\/13070"}],"wp:attachment":[{"href":"https:\/\/boilermaker.ca\/fr\/wp-json\/wp\/v2\/media?parent=13067"}],"curies":[{"name":"wp","href":"https:\/\/api.w.org\/{rel}","templated":true}]}}