{"id":1906,"date":"2015-04-29T10:26:11","date_gmt":"2015-04-29T14:26:11","guid":{"rendered":"http:\/\/www.pbdev.ca\/union\/?page_id=1906"},"modified":"2024-11-01T11:54:35","modified_gmt":"2024-11-01T15:54:35","slug":"page-daccueil","status":"publish","type":"page","link":"https:\/\/boilermaker.ca\/fr\/","title":{"rendered":"page d&rsquo;accueil"},"content":{"rendered":"<div id=\"pl-1906\"  class=\"panel-layout\" ><div id=\"pg-1906-0\"  class=\"panel-grid panel-no-style\" ><div id=\"pgc-1906-0-0\"  class=\"panel-grid-cell\" ><div id=\"panel-1906-0-0-0\" class=\"so-panel widget widget_metaslider_widget panel-first-child panel-last-child\" data-index=\"0\" ><div id=\"metaslider-id-2956\" style=\"max-width: 950px;\" class=\"ml-slider-3-107-0 metaslider metaslider-nivo metaslider-2956 ml-slider has-dots-nav ms-theme-default\" role=\"region\" aria-label=\"Frontpage Fr\" data-height=\"304\" data-width=\"950\">\n    <div id=\"metaslider_container_2956\">\n        <div class='slider-wrapper theme-default'><div class='ribbon'><\/div><div id='metaslider_2956' class='nivoSlider'><img loading=\"lazy\" decoding=\"async\" src=\"https:\/\/boilermaker.ca\/wp-content\/uploads\/locals-need-welders-fr-1.jpg\" height=\"304\" width=\"950\" data-caption=\"&lt;div&gt;Trouver un &lt;a href=&quot;https:\/\/boilermaker.ca\/fr\/contactez-nous\/&quot;&gt;local Chaudronnier&lt;\/a&gt; dans votre r&amp;eacute;gion.&lt;\/div&gt;\" alt=\"\" class=\"slider-2956 slide-8256 msDefaultImage\" \/><a href=\"https:\/\/ibbtravelcard.ca\/Member\/HealthAndSafety#mentalhealth\" target=\"_self\"><img loading=\"lazy\" decoding=\"async\" src=\"https:\/\/boilermaker.ca\/wp-content\/uploads\/mental-health-fr.jpg\" height=\"304\" width=\"950\" title=\"mental-health-fr\" alt=\"\" class=\"slider-2956 slide-12111 msDefaultImage\" \/><\/a><a href=\"http:\/\/boilermaker.ca\/fr\/lavantage-detre-chaudronnier\/\" target=\"_self\"><img loading=\"lazy\" decoding=\"async\" src=\"https:\/\/boilermaker.ca\/wp-content\/uploads\/boilermaker-advantage-fr-950x304.jpg\" height=\"304\" width=\"950\" alt=\"\" class=\"slider-2956 slide-8078 msDefaultImage\" \/><\/a><a href=\"http:\/\/boilermaker.ca\/fr\/des-chaudronniers-au-travail\/\" target=\"_self\"><img loading=\"lazy\" decoding=\"async\" src=\"https:\/\/boilermaker.ca\/wp-content\/uploads\/boilermakers-at-work-fr-950x304.jpg\" height=\"304\" width=\"950\" alt=\"\" class=\"slider-2956 slide-8079 msDefaultImage\" \/><\/a><a href=\"https:\/\/boilermaker.ca\/fr\/ibb-releases-statement-on-clean-energy\/\" target=\"_self\"><img loading=\"lazy\" decoding=\"async\" src=\"https:\/\/boilermaker.ca\/wp-content\/uploads\/FIC-Energies-Propres-SliderPane-750x240-1.jpg\" height=\"304\" width=\"950\" data-caption=\"&lt;div&gt;VPI Stadnick a d&amp;eacute;voil&amp;eacute; un document de position d&amp;eacute;crivant la position de la FIC sur l&#039;investissement &amp;eacute;nerg&amp;eacute;tique au Canada.&lt;\/div&gt;\" title=\"FIC-Energies-Propres-SliderPane-750x240\" alt=\"\" class=\"slider-2956 slide-13724 msDefaultImage\" \/><\/a><\/div><\/div>\n        \n    <\/div>\n<\/div><\/div><\/div><\/div><div id=\"pg-1906-1\"  class=\"panel-grid panel-no-style\" ><div id=\"pgc-1906-1-0\"  class=\"panel-grid-cell\" ><div id=\"panel-1906-1-0-0\" class=\"so-panel widget widget_sow-headline panel-first-child\" data-index=\"1\" ><div\n\t\t\t\n\t\t\tclass=\"so-widget-sow-headline so-widget-sow-headline-default-6320a2a243c1-1906\"\n\t\t\t\n\t\t><div class=\"sow-headline-container \">\n\t\t\t\t\t\t\t<h3 class=\"sow-headline\">\n\t\t\t\t\t\tTitres en vedette\t\t\t\t\t\t<\/h3>\n\t\t\t\t\t\t\t\t\t\t\t<div class=\"decoration\">\n\t\t\t\t\t\t<div class=\"decoration-inside\"><\/div>\n\t\t\t\t\t<\/div>\n\t\t\t\t\t<\/div>\n<\/div><\/div><div id=\"panel-1906-1-0-1\" class=\"so-panel widget widget_rpwe_widget rpwe_widget recent-posts-extended panel-last-child\" data-index=\"2\" ><style>.widget-title{\n   border-bottom: dashed 1px #000;\n    margin-bottom: 10px;\n}\n.rpwe-block ul{\nlist-style: none !important;\nmargin-left: 0 !important;\npadding-left: 0 !important;\n}\n\n.rpwe-block li{\nmargin-bottom: 0px;\npadding-bottom: 0px;\nlist-style-type: none;\n}\n\n.rpwe-block a{\ncolor: #065362!important;\n    font-family: &#039;Arial&#039;!important;\n    font-size: 17px!important;\n    font-style: normal!important;\n    font-weight: 400!important;\n    line-height: 1.3!important;\n   display: inline !important;\n   text-decoration: none;\n}\n\n.rpwe-block h3{\nbackground: none !important;\nclear: none;\nmargin-bottom: 0 !important;\nmargin-top: 0 !important;\nfont-weight: 400;\nfont-size: 12px !important;\nline-height: 1.5em;\n}\n\n.rpwe-thumb{\nborder: 1px solid #eee !important;\nbox-shadow: none !important;\nmargin: 2px 10px 2px 0;\npadding: 3px !important;\n}\n\n.rpwe-summary{\nfont-size: 12px;\n}\n\n.rpwe-time{\ncolor: #bbb;\nfont-size: 11px;\n}\n\n.rpwe-comment{\ncolor: #bbb;\nfont-size: 11px;\npadding-left: 5px;\n}\n\n.rpwe-alignleft{\ndisplay: inline;\nfloat: left;\n}\n\n.rpwe-alignright{\ndisplay: inline;\nfloat: right;\n}\n\n.rpwe-aligncenter{\ndisplay: block;\nmargin-left: auto;\nmargin-right: auto;\n}\n.rpwe-clearfix:after{\ncontent: &quot;&quot;;\ndisplay: table !important;\n}\n\n.rpwe-clearfix:after{\nclear: both;\n}\n\n.rpwe-clearfix{\nzoom: 1;\n}<\/style><div  class=\"rpwe-block\"><ul class=\"rpwe-ul\"><li class=\"rpwe-li rpwe-clearfix\"><h3 class=\"rpwe-title\"><a href=\"https:\/\/boilermaker.ca\/fr\/alimenter-lavenir-lheritage-des-chaudronniers-dans-la-construction-de-linfrastructure-energetique-de-la-colombie-britannique\/\" target=\"_self\">Alimenter l\u2019avenir : l\u2019h\u00e9ritage des Chaudronniers dans la construction de l\u2019infrastructure \u00e9nerg\u00e9tique de la Colombie-Britannique.<\/a><\/h3><\/li><li class=\"rpwe-li rpwe-clearfix\"><h3 class=\"rpwe-title\"><a href=\"https:\/\/boilermaker.ca\/fr\/appui-ferme-a-lannonce-recente-de-la-remise-a-neuf-de-la-centrale-nucleaire-de-pickering\/\" target=\"_self\">Appui ferme \u00e0 l\u2019annonce r\u00e9cente de la remise \u00e0 neuf de la centrale nucl\u00e9aire de Pickering<\/a><\/h3><\/li><li class=\"rpwe-li rpwe-clearfix\"><h3 class=\"rpwe-title\"><a href=\"https:\/\/boilermaker.ca\/fr\/ibb-releases-statement-on-clean-energy\/\" target=\"_self\">La FIC publie une d\u00e9claration sur l&rsquo;\u00e9nergie propre<\/a><\/h3><\/li><\/ul><\/div><!-- Generated by http:\/\/wordpress.org\/plugins\/recent-posts-widget-extended\/ --><\/div><\/div><div id=\"pgc-1906-1-1\"  class=\"panel-grid-cell\" ><div id=\"panel-1906-1-1-0\" class=\"so-panel widget widget_sow-headline panel-first-child\" data-index=\"3\" ><div\n\t\t\t\n\t\t\tclass=\"so-widget-sow-headline so-widget-sow-headline-default-6320a2a243c1-13715\"\n\t\t\t\n\t\t><div class=\"sow-headline-container \">\n\t\t\t\t\t\t\t<h3 class=\"sow-headline\">\n\t\t\t\t\t\tDerni\u00e8res Nouvelles\t\t\t\t\t\t<\/h3>\n\t\t\t\t\t\t\t\t\t\t\t<div class=\"decoration\">\n\t\t\t\t\t\t<div class=\"decoration-inside\"><\/div>\n\t\t\t\t\t<\/div>\n\t\t\t\t\t<\/div>\n<\/div><\/div><div id=\"panel-1906-1-1-1\" class=\"so-panel widget widget_rpwe_widget rpwe_widget recent-posts-extended\" data-index=\"4\" ><style>.widget-title{\n   border-bottom: dashed 1px #000;\n    margin-bottom: 10px;\n}\n.rpwe-block ul{\nlist-style: none !important;\nmargin-left: 0 !important;\npadding-left: 0 !important;\n}\n\n.rpwe-block li{\nmargin-bottom: 0px;\npadding-bottom: 0px;\nlist-style-type: none;\n}\n\n.rpwe-block a{\ncolor: #065362!important;\n    font-family: &#039;Arial&#039;!important;\n    font-size: 17px!important;\n    font-style: normal!important;\n    font-weight: 400!important;\n    line-height: 1.3!important;\n   display: inline !important;\n   text-decoration: none;\n}\n\n.rpwe-block h3{\nbackground: none !important;\nclear: none;\nmargin-bottom: 0 !important;\nmargin-top: 0 !important;\nfont-weight: 400;\nfont-size: 12px !important;\nline-height: 1.5em;\n}\n\n.rpwe-thumb{\nborder: 1px solid #eee !important;\nbox-shadow: none !important;\nmargin: 2px 10px 2px 0;\npadding: 3px !important;\n}\n\n.rpwe-summary{\nfont-size: 12px;\n}\n\n.rpwe-time{\ncolor: #bbb;\nfont-size: 11px;\n}\n\n.rpwe-comment{\ncolor: #bbb;\nfont-size: 11px;\npadding-left: 5px;\n}\n\n.rpwe-alignleft{\ndisplay: inline;\nfloat: left;\n}\n\n.rpwe-alignright{\ndisplay: inline;\nfloat: right;\n}\n\n.rpwe-aligncenter{\ndisplay: block;\nmargin-left: auto;\nmargin-right: auto;\n}\n.rpwe-clearfix:after{\ncontent: &quot;&quot;;\ndisplay: table !important;\n}\n\n.rpwe-clearfix:after{\nclear: both;\n}\n\n.rpwe-clearfix{\nzoom: 1;\n}<\/style><div  class=\"rpwe-block\"><ul class=\"rpwe-ul\"><li class=\"rpwe-li rpwe-clearfix\"><h3 class=\"rpwe-title\"><a href=\"https:\/\/boilermaker.ca\/fr\/formation-de-delegue-syndical-a-sydney-en-nouvelle-ecosse-le-19-mars-2026\/\" target=\"_self\">Formation de d\u00e9l\u00e9gu\u00e9 syndical \u00e0 Sydney, en Nouvelle-\u00c9cosse, le 19 Mars 2026<\/a><\/h3><\/li><li class=\"rpwe-li rpwe-clearfix\"><h3 class=\"rpwe-title\"><a href=\"https:\/\/boilermaker.ca\/fr\/cours-de-superviseur-de-chantier-a-sydney-en-nouvelle-ecosse-les-17-et-18-mars-2026\/\" target=\"_self\">Cours de Superviseur de Chantier \u00e0 Sydney, en Nouvelle-\u00c9cosse, les 17 et 18 Mars 2026<\/a><\/h3><\/li><li class=\"rpwe-li rpwe-clearfix\"><h3 class=\"rpwe-title\"><a href=\"https:\/\/boilermaker.ca\/fr\/jim-beauchamp-laureat-2025-du-prix-leea-formateur-de-lannee\/\" target=\"_self\">Jim Beauchamp \u2013 Laur\u00e9at 2025 du prix LEEA \u2013 Formateur de l\u2019ann\u00e9e<\/a><\/h3><\/li><li class=\"rpwe-li rpwe-clearfix\"><h3 class=\"rpwe-title\"><a href=\"https:\/\/boilermaker.ca\/fr\/programme-de-gestion-de-projet-des-chaudronniers-30-nov-5-dec-2025\/\" target=\"_self\">Programme de Gestion de Projet des Chaudronniers 30 Nov &#8211; 5 D\u00e9c 2025<\/a><\/h3><\/li><li class=\"rpwe-li rpwe-clearfix\"><h3 class=\"rpwe-title\"><a href=\"https:\/\/boilermaker.ca\/fr\/tripartite-conference-2025\/\" target=\"_self\">Conf\u00e9rence Tripartite 2025<\/a><\/h3><\/li><\/ul><\/div><!-- Generated by http:\/\/wordpress.org\/plugins\/recent-posts-widget-extended\/ --><\/div><div id=\"panel-1906-1-1-2\" class=\"so-panel widget widget_black-studio-tinymce widget_black_studio_tinymce panel-last-child\" data-index=\"5\" ><div class=\"click-for-more panel-widget-style panel-widget-style-for-1906-1-1-2\" ><div class=\"textwidget\"><h3><a href=\"http:\/\/boilermaker.ca\/fr\/nouvelles\/\">Plus de nouvelles &raquo;<\/a><\/h3>\n<\/div><\/div><\/div><\/div><\/div><div id=\"pg-1906-2\"  class=\"panel-grid panel-no-style\" ><div id=\"pgc-1906-2-0\"  class=\"panel-grid-cell\" ><div id=\"panel-1906-2-0-0\" class=\"so-panel widget widget_sow-headline panel-first-child panel-last-child\" data-index=\"6\" ><div\n\t\t\t\n\t\t\tclass=\"so-widget-sow-headline so-widget-sow-headline-default-6320a2a243c1-15756\"\n\t\t\t\n\t\t><div class=\"sow-headline-container \">\n\t\t\t\t\t\t\t<h3 class=\"sow-headline\">\n\t\t\t\t\t\tContenu en vedette\t\t\t\t\t\t<\/h3>\n\t\t\t\t\t\t\t\t\t\t\t<div class=\"decoration\">\n\t\t\t\t\t\t<div class=\"decoration-inside\"><\/div>\n\t\t\t\t\t<\/div>\n\t\t\t\t\t<\/div>\n<\/div><\/div><\/div><\/div><div id=\"pg-1906-3\"  class=\"panel-grid panel-no-style\" ><div id=\"pgc-1906-3-0\"  class=\"panel-grid-cell\" ><div id=\"panel-1906-3-0-0\" class=\"so-panel widget widget_siteorigin-panels-builder panel-first-child panel-last-child\" data-index=\"7\" ><div class=\"panel-widget-style panel-widget-style-for-1906-3-0-0\" ><div id=\"pl-w6724f9b290c41\"  class=\"panel-layout\" ><div id=\"pg-w6724f9b290c41-0\"  class=\"panel-grid panel-no-style\" ><div id=\"pgc-w6724f9b290c41-0-0\"  class=\"panel-grid-cell\" ><div id=\"panel-w6724f9b290c41-0-0-0\" class=\"so-panel widget widget_sow-image panel-first-child panel-last-child\" data-index=\"0\" ><div\n\t\t\t\n\t\t\tclass=\"so-widget-sow-image so-widget-sow-image-default-13f2a8b12fcc\"\n\t\t\t\n\t\t>\n<div class=\"sow-image-container\">\n\t\t<img \n\tsrc=\"https:\/\/boilermaker.ca\/wp-content\/uploads\/ed-boilermaker-confined-space.jpg\" width=\"1152\" height=\"792\" srcset=\"https:\/\/boilermaker.ca\/wp-content\/uploads\/ed-boilermaker-confined-space.jpg 1152w, https:\/\/boilermaker.ca\/wp-content\/uploads\/ed-boilermaker-confined-space-320x220.jpg 320w, https:\/\/boilermaker.ca\/wp-content\/uploads\/ed-boilermaker-confined-space-640x440.jpg 640w, https:\/\/boilermaker.ca\/wp-content\/uploads\/ed-boilermaker-confined-space-768x528.jpg 768w\" sizes=\"(max-width: 1152px) 100vw, 1152px\" alt=\"\" \t\tclass=\"so-widget-image\"\/>\n\t<\/div>\n\n<\/div><\/div><\/div><div id=\"pgc-w6724f9b290c41-0-1\"  class=\"panel-grid-cell\" ><div id=\"panel-w6724f9b290c41-0-1-0\" class=\"so-panel widget widget_sow-headline panel-first-child\" data-index=\"1\" ><div\n\t\t\t\n\t\t\tclass=\"so-widget-sow-headline so-widget-sow-headline-default-1309f20a79c0\"\n\t\t\t\n\t\t><div class=\"sow-headline-container \">\n\t\t\t\t\t\t\t<h1 class=\"sow-headline\">\n\t\t\t\t\t\tCombler l\u2019\u00e9cart \u2013 Programme de soudeur sous pression\t\t\t\t\t\t<\/h1>\n\t\t\t\t\t\t<\/div>\n<\/div><\/div><div id=\"panel-w6724f9b290c41-0-1-1\" class=\"so-panel widget widget_sow-editor panel-last-child\" data-index=\"2\" ><div\n\t\t\t\n\t\t\tclass=\"so-widget-sow-editor so-widget-sow-editor-base\"\n\t\t\t\n\t\t>\n<div class=\"siteorigin-widget-tinymce textwidget\">\n\t<p>Ce programme de formation d\u2019une dur\u00e9e de huit semaines est enti\u00e8rement financ\u00e9 par le gouvernement du Canada afin d\u2019am\u00e9liorer les comp\u00e9tences des apprentis et compagnons \u00e0 travers le Canada.<span style=\"font-size: 12pt;\">\u00a0<a href=\"https:\/\/pressureweldertraining.com\">Plus d' informations<\/a>.<\/span><!-- Segment Pixel - Boilermakers Retargeting --><img loading=\"lazy\" decoding=\"async\" src=\"https:\/\/secure.adnxs.com\/seg?t=2&add=38769659\" width=\"1\" height=\"1\" \/><!-- End of Segment Pixel --><\/p>\n<\/div>\n<\/div><\/div><\/div><\/div><\/div><\/div><\/div><\/div><\/div><\/div>","protected":false},"excerpt":{"rendered":"<p>Plus de nouvelles &raquo;<\/p>\n","protected":false},"author":17,"featured_media":0,"parent":0,"menu_order":0,"comment_status":"closed","ping_status":"closed","template":"","meta":{"footnotes":""},"class_list":["post-1906","page","type-page","status-publish","hentry","post"],"_links":{"self":[{"href":"https:\/\/boilermaker.ca\/fr\/wp-json\/wp\/v2\/pages\/1906","targetHints":{"allow":["GET"]}}],"collection":[{"href":"https:\/\/boilermaker.ca\/fr\/wp-json\/wp\/v2\/pages"}],"about":[{"href":"https:\/\/boilermaker.ca\/fr\/wp-json\/wp\/v2\/types\/page"}],"author":[{"embeddable":true,"href":"https:\/\/boilermaker.ca\/fr\/wp-json\/wp\/v2\/users\/17"}],"replies":[{"embeddable":true,"href":"https:\/\/boilermaker.ca\/fr\/wp-json\/wp\/v2\/comments?post=1906"}],"version-history":[{"count":48,"href":"https:\/\/boilermaker.ca\/fr\/wp-json\/wp\/v2\/pages\/1906\/revisions"}],"predecessor-version":[{"id":15233,"href":"https:\/\/boilermaker.ca\/fr\/wp-json\/wp\/v2\/pages\/1906\/revisions\/15233"}],"wp:attachment":[{"href":"https:\/\/boilermaker.ca\/fr\/wp-json\/wp\/v2\/media?parent=1906"}],"curies":[{"name":"wp","href":"https:\/\/api.w.org\/{rel}","templated":true}]}}