{"id":1947,"date":"2015-05-04T13:48:45","date_gmt":"2015-05-04T17:48:45","guid":{"rendered":"http:\/\/www.pbdev.ca\/union\/?page_id=1947"},"modified":"2017-01-16T06:35:35","modified_gmt":"2017-01-16T11:35:35","slug":"au-sujet-de","status":"publish","type":"page","link":"https:\/\/boilermaker.ca\/fr\/au-sujet-de\/","title":{"rendered":"\u00c0 propos des Chaudronniers du Canada"},"content":{"rendered":"<div id=\"metaslider-id-2274\" style=\"max-width: 950px;\" class=\"ml-slider-3-108-0 metaslider metaslider-nivo metaslider-2274 ml-slider ms-theme-default\" role=\"region\" aria-label=\"About\" data-height=\"633\" data-width=\"950\">\n    <div id=\"metaslider_container_2274\">\n        <div class='slider-wrapper theme-default'><div class='ribbon'><\/div><div id='metaslider_2274' class='nivoSlider'><img loading=\"lazy\" decoding=\"async\" src=\"https:\/\/boilermaker.ca\/wp-content\/uploads\/welder-1-649x433.jpg\" height=\"633\" width=\"950\" alt=\"\" class=\"slider-2274 slide-2280 msDefaultImage\" \/><img loading=\"lazy\" decoding=\"async\" src=\"https:\/\/boilermaker.ca\/wp-content\/uploads\/chem-flare-649x433.jpg\" height=\"633\" width=\"950\" alt=\"\" class=\"slider-2274 slide-2284 msDefaultImage\" \/><img loading=\"lazy\" decoding=\"async\" src=\"https:\/\/boilermaker.ca\/wp-content\/uploads\/rigger-649x433.jpg\" height=\"633\" width=\"950\" alt=\"\" class=\"slider-2274 slide-2275 msDefaultImage\" \/><img loading=\"lazy\" decoding=\"async\" src=\"https:\/\/boilermaker.ca\/wp-content\/uploads\/steel-plant-649x433.jpg\" height=\"633\" width=\"950\" alt=\"\" class=\"slider-2274 slide-2283 msDefaultImage\" \/><img loading=\"lazy\" decoding=\"async\" src=\"https:\/\/boilermaker.ca\/wp-content\/uploads\/ship-repair-649x433.jpg\" height=\"633\" width=\"950\" alt=\"\" class=\"slider-2274 slide-2278 msDefaultImage\" \/><img loading=\"lazy\" decoding=\"async\" src=\"https:\/\/boilermaker.ca\/wp-content\/uploads\/mine-head-649x433.jpg\" height=\"633\" width=\"950\" alt=\"\" class=\"slider-2274 slide-2282 msDefaultImage\" \/><img loading=\"lazy\" decoding=\"async\" src=\"https:\/\/boilermaker.ca\/wp-content\/uploads\/welders-649x433.jpg\" height=\"633\" width=\"950\" alt=\"\" class=\"slider-2274 slide-2277 msDefaultImage\" \/><img loading=\"lazy\" decoding=\"async\" src=\"https:\/\/boilermaker.ca\/wp-content\/uploads\/oil-sands-649x433.jpg\" height=\"633\" width=\"950\" alt=\"\" class=\"slider-2274 slide-2281 msDefaultImage\" \/><img loading=\"lazy\" decoding=\"async\" src=\"https:\/\/boilermaker.ca\/wp-content\/uploads\/confined-space-649x433.jpg\" height=\"633\" width=\"950\" alt=\"\" class=\"slider-2274 slide-2276 msDefaultImage\" \/><img loading=\"lazy\" decoding=\"async\" src=\"https:\/\/boilermaker.ca\/wp-content\/uploads\/lng-storage-649x433.jpg\" height=\"633\" width=\"950\" alt=\"\" class=\"slider-2274 slide-2279 msDefaultImage\" \/><\/div><\/div>\n        \n    <\/div>\n<\/div>\n<p>Nous sommes membres de la Fraternit\u00e9 internationale des chaudronniers, constructeurs de navires de fer, forgerons, forgeurs et aides. Ce m\u00e9tier existe au Canada depuis le d\u00e9but de r\u00e9volution industrielle au d\u00e9but des ann\u00e9es 1700. Les membres de ce syndicat ont b\u00e2ti le paysage industriel du Canada depuis les ann\u00e9es 1890. Notre m\u00e9tier est un b\u00e2tisseur important de la r\u00e9volution industrielle actuelle dans les chantiers navals, les usines de produits p\u00e9trochimiques, les usines de p\u00e2tes et papier, les aci\u00e9ries, les ateliers de fabrication de produits d&rsquo;acier, les mines, les centrales \u00e9lectriques, les usines de b\u00e9ton et les bases militaires. Les membres de ce syndicat oeuvrent dans la fabrication, l&rsquo;installation, l&rsquo;entretien, la r\u00e9paration, l&rsquo;inspection et l&rsquo;op\u00e9ration des \u00e9quipements qui alimentent la croissance et la prosp\u00e9rit\u00e9 \u00e9conomique du Canada.<\/p>\n<p>En tant que Chaudronniers, nous devons recevoir une formation par le biais de programmes d&rsquo;apprentissage pour devenir chaudronnier, fabricateur d&rsquo;acier, soudeur, m\u00e9canicien d&rsquo;entretien ou technicien d&rsquo;essais non-destructifs. La majorit\u00e9 des membres de ce syndicat d\u00e9tiennent plus qu&rsquo;une qualification. <\/p>\n<p>Notre syndicat repose sur le principe que dans une d\u00e9mocratie, un bon syndicalisme est synonyme de bonne citoyennet\u00e9. Le but de notre syndicat est:<\/p>\n<ul>\n<li>   de mettre en pratique l&rsquo;exercice du droit naturel des travailleurs de former des syndicats dans le but de travailler en toute confiance dans la dignit\u00e9;<\/li>\n<li>   de promouvoir la libert\u00e9 et la s\u00e9curit\u00e9;<\/li>\n<li>   de permettre \u00e0 ses membres une pleine participation dans l&rsquo;autogestion;<\/li>\n<li>   d&rsquo;unir tous les membres \u00e9ligibles au sein de la Fraternit\u00e9 sans discrimination sur la base de religion, race, croyance, couleur, origine nationale, \u00e2ge ou sexe;<\/li>\n<li>    d&rsquo;obtenir de meilleurs salaires, heures, conditions de travail et autres avantages \u00e9conomiques par le biais de la n\u00e9gociation collective, et \u00e0 promouvoir l&rsquo;atteinte de notre juste place dans la communaut\u00e9 et dans le mouvement syndical.<\/li>\n<\/ul>\n<p>Nous sommes pr\u00eats \u00e0 travailler de concert avec le monde des affaires et avec les divers paliers gouvernementaux pour l&rsquo;am\u00e9lioration de notre industrie et de notre soci\u00e9t\u00e9. <\/p>\n","protected":false},"excerpt":{"rendered":"<p>Nous sommes membres de la Fraternit\u00e9 internationale des chaudronniers, constructeurs de navires de fer, forgerons, forgeurs et aides. Ce m\u00e9tier existe au Canada depuis le d\u00e9but de r\u00e9volution industrielle au [&hellip;]<\/p>\n","protected":false},"author":17,"featured_media":0,"parent":0,"menu_order":0,"comment_status":"closed","ping_status":"closed","template":"","meta":{"footnotes":""},"class_list":["post-1947","page","type-page","status-publish","hentry","post"],"_links":{"self":[{"href":"https:\/\/boilermaker.ca\/fr\/wp-json\/wp\/v2\/pages\/1947","targetHints":{"allow":["GET"]}}],"collection":[{"href":"https:\/\/boilermaker.ca\/fr\/wp-json\/wp\/v2\/pages"}],"about":[{"href":"https:\/\/boilermaker.ca\/fr\/wp-json\/wp\/v2\/types\/page"}],"author":[{"embeddable":true,"href":"https:\/\/boilermaker.ca\/fr\/wp-json\/wp\/v2\/users\/17"}],"replies":[{"embeddable":true,"href":"https:\/\/boilermaker.ca\/fr\/wp-json\/wp\/v2\/comments?post=1947"}],"version-history":[{"count":6,"href":"https:\/\/boilermaker.ca\/fr\/wp-json\/wp\/v2\/pages\/1947\/revisions"}],"predecessor-version":[{"id":2925,"href":"https:\/\/boilermaker.ca\/fr\/wp-json\/wp\/v2\/pages\/1947\/revisions\/2925"}],"wp:attachment":[{"href":"https:\/\/boilermaker.ca\/fr\/wp-json\/wp\/v2\/media?parent=1947"}],"curies":[{"name":"wp","href":"https:\/\/api.w.org\/{rel}","templated":true}]}}