{"id":1973,"date":"2015-05-05T07:21:28","date_gmt":"2015-05-05T11:21:28","guid":{"rendered":"http:\/\/www.pbdev.ca\/union\/?page_id=1973"},"modified":"2026-03-27T11:01:15","modified_gmt":"2026-03-27T15:01:15","slug":"joignez-nous","status":"publish","type":"page","link":"https:\/\/boilermaker.ca\/fr\/joignez-nous\/","title":{"rendered":"Faites partie de notre \u00e9quipe"},"content":{"rendered":"<p>Une carri\u00e8re stimulante et bien r\u00e9mun\u00e9r\u00e9e comme Chaudronnier vous int\u00e9resse? La Fraternit\u00e9 internationale des Chaudronniers \u2013 le syndicat repr\u00e9sentant les Chaudronniers \u2013 cherche \u00e0 recruter de nouveaux membres. Le syndicat des Chaudronniers est la principale source \u00e0 laquelle des Chaudronniers font appel pour trouver du travail dans le secteur de la construction et d\u2019autres industries.<\/p>\n<p><a href=\"http:\/\/boilermaker.ca\/fr\/formation-a-travers-le-canada\/devenir-apprenti\/\">Cliquez ici pour obtenir de l\u2019information sur les programmes d\u2019apprentissage.<\/a><\/p>\n<p><a href=\"http:\/\/boilermaker.ca\/fr\/comptes-de-postulantpermis\/completer-votre-demande-dadhesion\/\"><b>Si faire partie de notre \u00e9quipe vous int\u00e9resse, veuillez cliquez ici.<\/b><\/a><\/p>\n\n\n<pre class=\"wp-block-preformatted\"><a href=\"http:\/\/unionizewiththeboilermakers.ca\">Si faire partie Cliquez ici pour d\u00e9couvrir comment obtenir de l'aide sur votre lieu de travail.<\/a><\/pre>\n\n\n\n<p><\/p>\n","protected":false},"excerpt":{"rendered":"<p>Une carri\u00e8re stimulante et bien r\u00e9mun\u00e9r\u00e9e comme Chaudronnier vous int\u00e9resse? La Fraternit\u00e9 internationale des Chaudronniers \u2013 le syndicat repr\u00e9sentant les Chaudronniers \u2013 cherche \u00e0 recruter de nouveaux membres. Le syndicat [&hellip;]<\/p>\n","protected":false},"author":17,"featured_media":0,"parent":0,"menu_order":0,"comment_status":"closed","ping_status":"closed","template":"","meta":{"footnotes":""},"class_list":["post-1973","page","type-page","status-publish","hentry","post"],"_links":{"self":[{"href":"https:\/\/boilermaker.ca\/fr\/wp-json\/wp\/v2\/pages\/1973","targetHints":{"allow":["GET"]}}],"collection":[{"href":"https:\/\/boilermaker.ca\/fr\/wp-json\/wp\/v2\/pages"}],"about":[{"href":"https:\/\/boilermaker.ca\/fr\/wp-json\/wp\/v2\/types\/page"}],"author":[{"embeddable":true,"href":"https:\/\/boilermaker.ca\/fr\/wp-json\/wp\/v2\/users\/17"}],"replies":[{"embeddable":true,"href":"https:\/\/boilermaker.ca\/fr\/wp-json\/wp\/v2\/comments?post=1973"}],"version-history":[{"count":6,"href":"https:\/\/boilermaker.ca\/fr\/wp-json\/wp\/v2\/pages\/1973\/revisions"}],"predecessor-version":[{"id":15869,"href":"https:\/\/boilermaker.ca\/fr\/wp-json\/wp\/v2\/pages\/1973\/revisions\/15869"}],"wp:attachment":[{"href":"https:\/\/boilermaker.ca\/fr\/wp-json\/wp\/v2\/media?parent=1973"}],"curies":[{"name":"wp","href":"https:\/\/api.w.org\/{rel}","templated":true}]}}