{"id":2696,"date":"2017-01-11T13:58:12","date_gmt":"2017-01-11T18:58:12","guid":{"rendered":"http:\/\/test.boilermaker.ca\/?page_id=2696\/"},"modified":"2019-09-20T10:09:39","modified_gmt":"2019-09-20T14:09:39","slug":"membres","status":"publish","type":"page","link":"https:\/\/boilermaker.ca\/fr\/ouverture-de-session\/membres\/","title":{"rendered":"Section r\u00e9serv\u00e9e aux membres"},"content":{"rendered":"<div id=\"pl-2696\"  class=\"panel-layout\" ><div id=\"pg-2696-0\"  class=\"panel-grid panel-no-style\" ><div id=\"pgc-2696-0-0\"  class=\"panel-grid-cell\" ><div id=\"panel-2696-0-0-0\" class=\"so-panel widget widget_sow-editor panel-first-child panel-last-child\" data-index=\"0\" ><div\n\t\t\t\n\t\t\tclass=\"so-widget-sow-editor so-widget-sow-editor-base\"\n\t\t\t\n\t\t>\n<div class=\"siteorigin-widget-tinymce textwidget\">\n\t<p>Bienvenue \u00e0 la section r\u00e9serv\u00e9e aux membres! Cette section est votre source en ligne d'informations telles les nouvelles et les \u00e9v\u00e9nements sp\u00e9ciaux, les rumeurs d'emploi, les informations relatives aux r\u00e9gimes d'avantage sociaux et de retraite, les personnes-ressources et beaucoup plus!<\/p>\n<\/div>\n<\/div><\/div><\/div><\/div><div id=\"pg-2696-1\"  class=\"panel-grid panel-no-style\" ><div id=\"pgc-2696-1-0\"  class=\"panel-grid-cell\" ><div id=\"panel-2696-1-0-0\" class=\"so-panel widget widget_sow-button panel-first-child panel-last-child\" data-index=\"1\" ><div\n\t\t\t\n\t\t\tclass=\"so-widget-sow-button so-widget-sow-button-atom-b5661b1a612f-2696\"\n\t\t\t\n\t\t><div class=\"ow-button-base ow-button-align-center\"\n>\n\t\t\t<a\n\t\t\t\t\thref=\"https:\/\/ibbtravelcard.ca\/fr\/Account\/Login\"\n\t\t\t\t\tclass=\"sowb-button ow-icon-placement-left ow-button-hover\" target=\"_blank\" rel=\"noopener noreferrer\" \t>\n\t\t<span>\n\t\t\t<span class=\"sow-icon-fontawesome sow-fas\" data-sow-icon=\"&#xf023;\"\n\t\tstyle=\"\" \n\t\taria-hidden=\"true\"><\/span>\n\t\t\tOuvrez une session\t\t<\/span>\n\t\t\t<\/a>\n\t<\/div>\n<\/div><\/div><\/div><\/div><div id=\"pg-2696-2\"  class=\"panel-grid panel-no-style\" ><div id=\"pgc-2696-2-0\"  class=\"panel-grid-cell\" ><div id=\"panel-2696-2-0-0\" class=\"so-panel widget widget_sow-editor panel-first-child\" data-index=\"2\" ><div\n\t\t\t\n\t\t\tclass=\"so-widget-sow-editor so-widget-sow-editor-base\"\n\t\t\t\n\t\t>\n<div class=\"siteorigin-widget-tinymce textwidget\">\n\t<h3>Vous n'avez pas de compte?<\/h3>\n<p><b>Membre chaudronnier<\/b><br \/>\nSi vous n'\u00eates <span style=\"color: #A4434B;\">PAS<\/span> inscrit au syst\u00e8me et que vous \u00eates un membre de la<br \/>\nFraternit\u00e9 internationale des Chaudronniers, <a href=\"https:\/\/ibbtravelcard.ca\/fr\/Register\/Member\" target=\"_blank\" rel=\"noopener\">S'inscrire<\/a>.<\/p>\n<p>Pri\u00e9re de noter: Vous devez avoir votre num\u00e9ro d'enregistrement des Chaudronniers pour vous inscrire.<\/p>\n<p><b>Postulants\/Permis<\/b><br \/>\nCette section est r\u00e9serv\u00e9e aux <span style=\"color: #A4434B;\">MEMBRES<\/span> only. seulement. Si vous n'\u00eates pas membre de la Fraternit\u00e9 internationale des Chaudronniers, vous pouvez faire une demande d'adh\u00e9sion en ligne en <a href=\"http:\/\/boilermaker.ca\/fr\/comptes-de-postulantpermis\/completer-votre-demande-dadhesion\/\">cliquant ici<\/a>.<\/p>\n<\/div>\n<\/div><\/div><div id=\"panel-2696-2-0-1\" class=\"so-panel widget widget_sow-editor\" data-index=\"3\" ><div\n\t\t\t\n\t\t\tclass=\"so-widget-sow-editor so-widget-sow-editor-base\"\n\t\t\t\n\t\t>\n<div class=\"siteorigin-widget-tinymce textwidget\">\n\t<h3>Des probl\u00e8mes?<\/h3>\n<p>Pri\u00e8re de communiquer avec l'Appui au membre en <a href=\"https:\/\/ibbtravelcard.ca\/fr\/ContactSupport\" target=\"_blank\" rel=\"noopener\">cliquant ici<\/a>.<\/p>\n<\/div>\n<\/div><\/div><div id=\"panel-2696-2-0-2\" class=\"so-panel widget widget_sow-editor panel-last-child\" data-index=\"4\" ><div\n\t\t\t\n\t\t\tclass=\"so-widget-sow-editor so-widget-sow-editor-base\"\n\t\t\t\n\t\t>\n<div class=\"siteorigin-widget-tinymce textwidget\">\n\t<h3>Changement d'adresse de membre?<\/h3>\n<p>Avez-vous une nouvelle adresse, num\u00e9ro de t\u00e9l\u00e9phone ou adresse de courrier \u00e9lectronique? <a href=\"https:\/\/ibbtravelcard.ca\/fr\/ContactSupport\" target=\"_blank\" rel=\"noopener\">Cliquez ici pour nous le laisser savoir!<\/a><\/p>\n<\/div>\n<\/div><\/div><\/div><\/div><\/div>","protected":false},"excerpt":{"rendered":"<p>Bienvenue \u00e0 la section r\u00e9serv\u00e9e aux membres! Cette section est votre source en ligne d&rsquo;informations telles les nouvelles et les \u00e9v\u00e9nements sp\u00e9ciaux, les rumeurs d&#8217;emploi, les informations relatives aux r\u00e9gimes [&hellip;]<\/p>\n","protected":false},"author":17,"featured_media":0,"parent":4170,"menu_order":0,"comment_status":"closed","ping_status":"closed","template":"","meta":{"footnotes":""},"class_list":["post-2696","page","type-page","status-publish","hentry","post"],"_links":{"self":[{"href":"https:\/\/boilermaker.ca\/fr\/wp-json\/wp\/v2\/pages\/2696","targetHints":{"allow":["GET"]}}],"collection":[{"href":"https:\/\/boilermaker.ca\/fr\/wp-json\/wp\/v2\/pages"}],"about":[{"href":"https:\/\/boilermaker.ca\/fr\/wp-json\/wp\/v2\/types\/page"}],"author":[{"embeddable":true,"href":"https:\/\/boilermaker.ca\/fr\/wp-json\/wp\/v2\/users\/17"}],"replies":[{"embeddable":true,"href":"https:\/\/boilermaker.ca\/fr\/wp-json\/wp\/v2\/comments?post=2696"}],"version-history":[{"count":25,"href":"https:\/\/boilermaker.ca\/fr\/wp-json\/wp\/v2\/pages\/2696\/revisions"}],"predecessor-version":[{"id":8222,"href":"https:\/\/boilermaker.ca\/fr\/wp-json\/wp\/v2\/pages\/2696\/revisions\/8222"}],"up":[{"embeddable":true,"href":"https:\/\/boilermaker.ca\/fr\/wp-json\/wp\/v2\/pages\/4170"}],"wp:attachment":[{"href":"https:\/\/boilermaker.ca\/fr\/wp-json\/wp\/v2\/media?parent=2696"}],"curies":[{"name":"wp","href":"https:\/\/api.w.org\/{rel}","templated":true}]}}