{"id":2717,"date":"2017-01-11T14:13:59","date_gmt":"2017-01-11T19:13:59","guid":{"rendered":"http:\/\/test.boilermaker.ca\/?page_id=2717\/"},"modified":"2026-02-25T09:22:48","modified_gmt":"2026-02-25T14:22:48","slug":"comptes-de-postulantpermis","status":"publish","type":"page","link":"https:\/\/boilermaker.ca\/fr\/ouverture-de-session\/comptes-de-postulantpermis\/","title":{"rendered":"Comptes de postulant"},"content":{"rendered":"<h1>Comptes de postulant<\/h1>\n<p><b>Cette section est r\u00e9serv\u00e9e aux <span style=\"color: #cc0000;\">NON-MEMBRES<\/span> seulement. Si vous \u00eates d\u00e9j\u00e0 un membre de la Fraternit\u00e9 internationale des Chaudronniers et devez vous inscrire pour avoir un compte, <a href=\"https:\/\/ibbtravelcard.ca\/fr\/Register\/Member\" target=\"_blank\" rel=\"noopener noreferrer\">cliquez ici<\/a>.<\/b><\/p>\n<p><strong>Lire attentivement ce qui suit :<\/strong><\/p>\n<div class=\"login-heading\">Vous avez d\u00e9j\u00e0 soumis une demande<\/div>\n<div class=\"box-border\">\n<p style=\"text-align: center;\">Si vous avez d\u00e9j\u00e0 soumis une demande d&rsquo;adh\u00e9sion en ligne en tant que soudeur ou m\u00e9canicien qualifi\u00e9 et que vous avez un nom d&rsquo;utilisateur et un mot de pass\u00e9,<br \/>\n<a href=\"https:\/\/ibbtravelcard.ca\/fr\/Account\/Login\" target=\"_blank\" rel=\"noopener noreferrer\">ouverture session<\/a><\/p>\n<\/div>\n<div class=\"login-heading\">Vous n&rsquo;avez PAS soumis de demande<\/div>\n<div class=\"box-border\">\n<p style=\"text-align: center;\">Si vous n&rsquo;avez <span style=\"color: #cc0000;\">PAS<\/span> soumis une demande d&rsquo;adh\u00e9sion en ligne en tant que soudeur ou m\u00e9canicien qualifi\u00e9 et que vous voulez devenir un membre des Chaudronniers,<br \/>\n<a href=\"http:\/\/boilermaker.ca\/fr\/comptes-de-postulantpermis\/completer-votre-demande-dadhesion\/\" rel=\"noopener noreferrer\">postulez maintenant!<\/a><\/p>\n<\/div>\n<div class=\"login-heading\">Int\u00e9ress\u00e9 \u00e0 devenir apprenti chaudronnier?<\/div>\n<div class=\"box-border\">\n<p style=\"text-align: center;\">Si vous souhaitez devenir apprenti chaudronnier, choisissez un lien ci-dessous correspondant \u00e0 votre province de r\u00e9sidence au Canada.,<\/p>\n<p style=\"text-align: center;\"><a href=\"https:\/\/www.local73.ca\/apprenticeship.html\" target=\"_blank\" rel=\"noopener noreferrer\">cliquez ici pour Nouveau-Brunswick Local<\/a><\/p>\n<p style=\"text-align: center;\"><a href=\"https:\/\/www.local73.ca\/apprenticeship.html\" target=\"_blank\" rel=\"noopener\">cliquez ici pour Nouvelle-\u00c9cosse Local<\/a><\/p>\n<p style=\"text-align: center;\"><a href=\"https:\/\/www.local73.ca\/apprenticeship.html\" target=\"_blank\" rel=\"noopener\">cliquez ici pour \u00cele-du-Prince-\u00c9douard Local<\/a><\/p>\n<p style=\"text-align: center;\"><a href=\"https:\/\/www.boilermakerslocal203.ca\/apprenticeship-faq\" target=\"_blank\" rel=\"noopener\">cliquez ici pour Terre-Neuve-et-Labrador Local<\/a><\/p>\n<p style=\"text-align: center;\"><a href=\"https:\/\/www.local271.net\/\" target=\"_blank\" rel=\"noopener\">cliquez ici pour Qu\u00e9bec Local<\/a><\/p>\n<p style=\"text-align: center;\"><a href=\"https:\/\/128.boilermaker.ca\/apprenticeship\/\" target=\"_blank\" rel=\"noopener\">cliquez ici pour Ontario Local<\/a><\/p>\n<p style=\"text-align: center;\"><a href=\"https:\/\/555.boilermaker.ca\/apprenticeship\/\" target=\"_blank\" rel=\"noopener\">cliquez ici pour Manitoba Local<\/a><\/p>\n<p style=\"text-align: center;\"><a href=\"https:\/\/555.boilermaker.ca\/apprenticeship\/\" target=\"_blank\" rel=\"noopener\">cliquez ici pour Saskatchewan Local<\/a><\/p>\n<p style=\"text-align: center;\"><a href=\"https:\/\/boilermakers.ca\/apprenticeship\/start-an-apprenticeship\/\" target=\"_blank\" rel=\"noopener\">cliquez ici pour Alberta Local<\/a><\/p>\n<p style=\"text-align: center;\"><a href=\"https:\/\/www.boilermakers359.org\/join-boilermakers-359\/\" target=\"_blank\" rel=\"noopener\">cliquez ici pour Colombie-Britannique Local<\/a><\/p>\n<\/div>\n<p><b>Des probl\u00e8mes?<\/b> Pri\u00e8re de communiquer avec l&rsquo;Appui au membre en <a href=\"https:\/\/ibbtravelcard.ca\/fr\/ContactSupport\" target=\"_blank\" rel=\"noopener noreferrer\">cliquant ici<\/a>.<\/p>\n<p>Pri\u00e8re d&rsquo;inclure votre nom, votre num\u00e9ro d&rsquo;application, votre date de naissance et une br\u00e8ve description du probl\u00e8me.<\/p>\n","protected":false},"excerpt":{"rendered":"<p>Comptes de postulant Cette section est r\u00e9serv\u00e9e aux NON-MEMBRES seulement. Si vous \u00eates d\u00e9j\u00e0 un membre de la Fraternit\u00e9 internationale des Chaudronniers et devez vous inscrire pour avoir un compte, [&hellip;]<\/p>\n","protected":false},"author":17,"featured_media":0,"parent":4170,"menu_order":0,"comment_status":"closed","ping_status":"closed","template":"","meta":{"footnotes":""},"class_list":["post-2717","page","type-page","status-publish","hentry","post"],"_links":{"self":[{"href":"https:\/\/boilermaker.ca\/fr\/wp-json\/wp\/v2\/pages\/2717","targetHints":{"allow":["GET"]}}],"collection":[{"href":"https:\/\/boilermaker.ca\/fr\/wp-json\/wp\/v2\/pages"}],"about":[{"href":"https:\/\/boilermaker.ca\/fr\/wp-json\/wp\/v2\/types\/page"}],"author":[{"embeddable":true,"href":"https:\/\/boilermaker.ca\/fr\/wp-json\/wp\/v2\/users\/17"}],"replies":[{"embeddable":true,"href":"https:\/\/boilermaker.ca\/fr\/wp-json\/wp\/v2\/comments?post=2717"}],"version-history":[{"count":20,"href":"https:\/\/boilermaker.ca\/fr\/wp-json\/wp\/v2\/pages\/2717\/revisions"}],"predecessor-version":[{"id":15861,"href":"https:\/\/boilermaker.ca\/fr\/wp-json\/wp\/v2\/pages\/2717\/revisions\/15861"}],"up":[{"embeddable":true,"href":"https:\/\/boilermaker.ca\/fr\/wp-json\/wp\/v2\/pages\/4170"}],"wp:attachment":[{"href":"https:\/\/boilermaker.ca\/fr\/wp-json\/wp\/v2\/media?parent=2717"}],"curies":[{"name":"wp","href":"https:\/\/api.w.org\/{rel}","templated":true}]}}