{"id":2931,"date":"2017-01-16T07:54:33","date_gmt":"2017-01-16T12:54:33","guid":{"rendered":"http:\/\/test.boilermaker.ca\/?page_id=2931\/"},"modified":"2022-06-02T19:25:50","modified_gmt":"2022-06-02T23:25:50","slug":"formation-nationale","status":"publish","type":"page","link":"https:\/\/boilermaker.ca\/fr\/formation-nationale\/","title":{"rendered":"Formation nationale"},"content":{"rendered":"\n<p>Puisque nos membres voyagent \u00e0 travers le pays pour travailler, il est essentiel que nous nous assurions que chaque membre exerce ses fonctions d\u2019une mani\u00e8re qui refl\u00e8te le niveau auquel on s\u2019attend d\u2019un Chaudronnier. Fournir une formation et des normes uniformes \u00e0 travers le Canada permet de cr\u00e9er une main-d\u2019\u0153uvre performante compos\u00e9e de gens qui ne peuvent non seulement mettre en pratique les comp\u00e9tences requises des Chaudronniers, mais qui sont aussi capables de refl\u00e9ter les valeurs de l\u2019organisation, soit la loyaut\u00e9, l\u2019int\u00e9grit\u00e9, le travail d\u2019\u00e9quipe, la s\u00e9curit\u00e9 et l\u2019apprentissage.<\/p>\n\n\n<div\n\t\t\t\n\t\t\tclass=\"so-widget-sow-cta so-widget-sow-cta-default-d14a8d7b8425\"\n\t\t\t\n\t\t><div\n\tclass=\"sow-cta-base\"\n\t>\n\t\n\t<div class=\"sow-cta-wrapper\">\n\n\t\t<div class=\"sow-cta-text\">\n\t\t\t\t\t\t\t<h4 class=\"sow-cta-title\">\n\t\t\t\t\tEntreprendre un apprentissage\t\t\t\t<\/h4>\n\t\t\t\n\t\t\t\t\t\t\t<h4 class=\"sow-cta-subtitle\">\n\t\t\t\t\tVous \u00eates int\u00e9ress\u00e9 \u00e0 entreprendre un apprentissage pour le m\u00e9tier de Chaudronnier ou de Soudeur? Nous vous invitons \u00e0 nous consulter.\t\t\t\t<\/h4>\n\t\t\t\t\t<\/div>\n\n\t\t<div\n\t\t\t\n\t\t\tclass=\"so-widget-sow-button so-widget-sow-button-atom-9480b7382c3d\"\n\t\t\t\n\t\t><div class=\"ow-button-base ow-button-align-center\"\n>\n\t\t\t<a\n\t\t\t\t\thref=\"https:\/\/boilermaker.ca\/fr\/formation-nationale\/devenir-apprenti\/\"\n\t\t\t\t\tclass=\"sowb-button ow-icon-placement-left ow-button-hover\" target=\"_blank\" rel=\"noopener noreferrer\" \t>\n\t\t<span>\n\t\t\t\n\t\t\tPour en apprendre davantage\t\t<\/span>\n\t\t\t<\/a>\n\t<\/div>\n<\/div>\n\t<\/div>\n\n\t<\/div>\n<\/div>\n\n<div\n\t\t\t\n\t\t\tclass=\"so-widget-sow-cta so-widget-sow-cta-default-d14a8d7b8425\"\n\t\t\t\n\t\t><div\n\tclass=\"sow-cta-base\"\n\t>\n\t\n\t<div class=\"sow-cta-wrapper\">\n\n\t\t<div class=\"sow-cta-text\">\n\t\t\t\t\t\t\t<h4 class=\"sow-cta-title\">\n\t\t\t\t\tAm\u00e9liorer vos comp\u00e9tences\t\t\t\t<\/h4>\n\t\t\t\n\t\t\t\t\t\t\t<h4 class=\"sow-cta-subtitle\">\n\t\t\t\t\tLa Formation nationale et chaque Local enseignent les comp\u00e9tences et techniques les plus r\u00e9centes afin de s\u2019assurer que vous receviez la meilleure \u00e9ducation et les meilleures opportunit\u00e9s professionnelles.\t\t\t\t<\/h4>\n\t\t\t\t\t<\/div>\n\n\t\t<div\n\t\t\t\n\t\t\tclass=\"so-widget-sow-button so-widget-sow-button-atom-d1640fd8817f\"\n\t\t\t\n\t\t><div class=\"ow-button-base ow-button-align-center\"\n>\n\t\t\t<a\n\t\t\t\t\thref=\"https:\/\/boilermaker.ca\/fr\/formation-nationale\/reseau-national-de-formation\/\"\n\t\t\t\t\tclass=\"sowb-button ow-icon-placement-left ow-button-hover\" target=\"_blank\" rel=\"noopener noreferrer\" \t>\n\t\t<span>\n\t\t\t\n\t\t\tPour en apprendre davantage\t\t<\/span>\n\t\t\t<\/a>\n\t<\/div>\n<\/div>\n\t<\/div>\n\n\t<\/div>\n<\/div>\n\n<div\n\t\t\t\n\t\t\tclass=\"so-widget-sow-cta so-widget-sow-cta-default-d14a8d7b8425\"\n\t\t\t\n\t\t><div\n\tclass=\"sow-cta-base\"\n\t>\n\t\n\t<div class=\"sow-cta-wrapper\">\n\n\t\t<div class=\"sow-cta-text\">\n\t\t\t\t\t\t\t<h4 class=\"sow-cta-title\">\n\t\t\t\t\tNouveau! Combler l\u2019\u00e9cart \u2013 Programme de soudeur sous pression\t\t\t\t<\/h4>\n\t\t\t\n\t\t\t\t\t\t\t<h4 class=\"sow-cta-subtitle\">\n\t\t\t\t\tDans ce programme de formation d\u2019une dur\u00e9e de huit semaines, vous apprendrez des comp\u00e9tences en soudage sous pression, ce qui vous permettra d\u2019am\u00e9liorer votre employabilit\u00e9 maintenant et \u00e0 l\u2019avenir.\t\t\t\t<\/h4>\n\t\t\t\t\t<\/div>\n\n\t\t<div\n\t\t\t\n\t\t\tclass=\"so-widget-sow-button so-widget-sow-button-atom-d1640fd8817f\"\n\t\t\t\n\t\t><div class=\"ow-button-base ow-button-align-center\"\n>\n\t\t\t<a\n\t\t\t\t\thref=\"https:\/\/pressureweldertraining.com\"\n\t\t\t\t\tclass=\"sowb-button ow-icon-placement-left ow-button-hover\" target=\"_blank\" rel=\"noopener noreferrer\" \t>\n\t\t<span>\n\t\t\t\n\t\t\tPour en apprendre davantage\t\t<\/span>\n\t\t\t<\/a>\n\t<\/div>\n<\/div>\n\t<\/div>\n\n\t<\/div>\n<\/div>\n\n\n<p><a href=\"http:\/\/boilermaker.ca\/fr\/formation-a-travers-le-canada\/fonds-de-fiducie-national-pour-la-formation\/\">Fonds de formation et d&rsquo;\u00e9ducation<\/a>: Les programmes de formation des chaudronniers sont administr\u00e9s par notre Fonds de formation et d&rsquo;\u00e9ducation (NTTF). En savoir plus sur les objectifs et les r\u00e9alisations de la NTTF.<\/p>\n","protected":false},"excerpt":{"rendered":"<p>Puisque nos membres voyagent \u00e0 travers le pays pour travailler, il est essentiel que nous nous assurions que chaque membre exerce ses fonctions d\u2019une mani\u00e8re qui refl\u00e8te le niveau auquel [&hellip;]<\/p>\n","protected":false},"author":17,"featured_media":0,"parent":0,"menu_order":0,"comment_status":"closed","ping_status":"closed","template":"","meta":{"footnotes":""},"class_list":["post-2931","page","type-page","status-publish","hentry","post"],"_links":{"self":[{"href":"https:\/\/boilermaker.ca\/fr\/wp-json\/wp\/v2\/pages\/2931","targetHints":{"allow":["GET"]}}],"collection":[{"href":"https:\/\/boilermaker.ca\/fr\/wp-json\/wp\/v2\/pages"}],"about":[{"href":"https:\/\/boilermaker.ca\/fr\/wp-json\/wp\/v2\/types\/page"}],"author":[{"embeddable":true,"href":"https:\/\/boilermaker.ca\/fr\/wp-json\/wp\/v2\/users\/17"}],"replies":[{"embeddable":true,"href":"https:\/\/boilermaker.ca\/fr\/wp-json\/wp\/v2\/comments?post=2931"}],"version-history":[{"count":10,"href":"https:\/\/boilermaker.ca\/fr\/wp-json\/wp\/v2\/pages\/2931\/revisions"}],"predecessor-version":[{"id":13484,"href":"https:\/\/boilermaker.ca\/fr\/wp-json\/wp\/v2\/pages\/2931\/revisions\/13484"}],"wp:attachment":[{"href":"https:\/\/boilermaker.ca\/fr\/wp-json\/wp\/v2\/media?parent=2931"}],"curies":[{"name":"wp","href":"https:\/\/api.w.org\/{rel}","templated":true}]}}