{"id":2953,"date":"2017-01-16T09:46:54","date_gmt":"2017-01-16T14:46:54","guid":{"rendered":"http:\/\/test.boilermaker.ca\/?page_id=2953\/"},"modified":"2022-06-13T19:37:03","modified_gmt":"2022-06-13T23:37:03","slug":"devenir-apprenti","status":"publish","type":"page","link":"https:\/\/boilermaker.ca\/fr\/devenir-apprenti\/","title":{"rendered":"Devenir apprenti"},"content":{"rendered":"<div id=\"pl-2953\"  class=\"panel-layout\" ><div id=\"pg-2953-0\"  class=\"panel-grid panel-no-style\" ><div id=\"pgc-2953-0-0\"  class=\"panel-grid-cell\" ><div id=\"panel-2953-0-0-0\" class=\"so-panel widget widget_sow-editor panel-first-child panel-last-child\" data-index=\"0\" ><div\n\t\t\t\n\t\t\tclass=\"so-widget-sow-editor so-widget-sow-editor-base\"\n\t\t\t\n\t\t>\n<div class=\"siteorigin-widget-tinymce textwidget\">\n\t<p>Depuis l'\u00e8re des navires et des locomotives \u00e0 vapeur jusqu'aux chaudi\u00e8res modernes supercritiques, les Chaudronniers continuent d'\u00eatre un leader de la formation en apprentissage et au perfectionnement des comp\u00e9tences des compagnons.<\/p>\n<p>L'apprentissage pour un Chaudronnier dure de 4 800 \u00e0 6 000 heures d\u00e9pendant de la province \u00e9mettant le contrat d'apprentissage avec 720 de ces heures pass\u00e9es en classe dans un coll\u00e8ge communautaire. Les coll\u00e8ges offrent un programme bas\u00e9 sur un curriculum national commun qui facilite la mobilit\u00e9 des apprentis de m\u00eame que l'uniformit\u00e9 de la formation en classe.<\/p>\n<p>De pouvoir fournir \u00e0 l'industrie des Chaudronniers hautement qualifies a \u00e9t\u00e9 et continue d'\u00eatre un \u00e9l\u00e9ment important de notre organisation et favorisant des occasions de perfectionnement continu pour nos membres. Les centres de formation de nos syndicats locaux offrent des cours de perfectionnement dans tous les aspects de la s\u00e9curit\u00e9 au travail ainsi que d'autres cours reli\u00e9s aux m\u00e9tier tels la soudure, l'arrimage et la supervision.<\/p>\n<h3>Information sur les programmes provinciaux d'apprentissage<\/h3>\n<p>Pour en savoir davantage sur l'apprentissage en chaudronnerie dans votre province, communiquer avec:<\/p>\n<\/div>\n<\/div><\/div><\/div><\/div><div id=\"pg-2953-1\"  class=\"panel-grid panel-no-style\" ><div id=\"pgc-2953-1-0\"  class=\"panel-grid-cell\" ><div id=\"panel-2953-1-0-0\" class=\"so-panel widget widget_black-studio-tinymce widget_black_studio_tinymce panel-first-child panel-last-child\" data-index=\"1\" ><div class=\"textwidget\"><p><strong>Alberta<\/strong><\/p>\n<p>Robert James<br \/>\nDirector of Education &amp; Apprenticeship<br \/>\nChaudronniers Loge 146<br \/>\n15220 - 114 Avenue<br \/>\nEdmonton, AB T5M 2Z2<br \/>\nT\u00e9l\u00e9phone: (780) 451-5992<\/p>\n<\/div><\/div><\/div><div id=\"pgc-2953-1-1\"  class=\"panel-grid-cell\" ><div id=\"panel-2953-1-1-0\" class=\"so-panel widget widget_black-studio-tinymce widget_black_studio_tinymce panel-first-child panel-last-child\" data-index=\"2\" ><div class=\"textwidget\"><p><strong>Colombie-Britannique<\/strong><\/p>\n<p>Sat Chatta<br \/>\nCoordonnateur de la formation<br \/>\nChaudronniers Loge 359<br \/>\n5510 \u2013 268th Street<br \/>\nLangley, BC V4W 3X4<br \/>\nT\u00e9l\u00e9phone: (778) 369-3590<\/p>\n<\/div><\/div><\/div><\/div><div id=\"pg-2953-2\"  class=\"panel-grid panel-no-style\" ><div id=\"pgc-2953-2-0\"  class=\"panel-grid-cell\" ><div id=\"panel-2953-2-0-0\" class=\"so-panel widget widget_black-studio-tinymce widget_black_studio_tinymce panel-first-child panel-last-child\" data-index=\"3\" ><div class=\"textwidget\"><p><strong>Manitoba & Saskatchewan<\/strong><\/p>\n<p>Nicholas Crook<br \/>\nCoordonnateur de la formation<br \/>\nChaudronniers Loge 555<br \/>\n110 Haarsma Road<br \/>\nEast St.Paul, MB R2E 0M8<br \/>\nT\u00e9l\u00e9phone: (306) 949-4452 Ext: #7<\/p>\n<\/div><\/div><\/div><div id=\"pgc-2953-2-1\"  class=\"panel-grid-cell\" ><div id=\"panel-2953-2-1-0\" class=\"so-panel widget widget_black-studio-tinymce widget_black_studio_tinymce panel-first-child panel-last-child\" data-index=\"4\" ><div class=\"textwidget\"><p><strong>Terre-Neuve et Labrador<\/strong><\/p>\n<p>Robert Moore<br \/>\nRepr\u00e9sentant d'affaires<br \/>\nChaudronniers Loge 203<br \/>\nP.O. Box 250<br \/>\nHolyrood, NL A0A 2R0<br \/>\nT\u00e9l\u00e9phone: (709) 229-7958 x222<br \/>\nT\u00e9l\u00e9copieur: (709) 229-7300<\/p>\n<\/div><\/div><\/div><\/div><div id=\"pg-2953-3\"  class=\"panel-grid panel-no-style\" ><div id=\"pgc-2953-3-0\"  class=\"panel-grid-cell\" ><div id=\"panel-2953-3-0-0\" class=\"so-panel widget widget_black-studio-tinymce widget_black_studio_tinymce panel-first-child panel-last-child\" data-index=\"5\" ><div class=\"textwidget\"><p><strong>Nouveau-Brunswick, Nouvelle-\u00c9cosse et \u00ce-P-E<\/strong><\/p>\n<p>Mario Leblanc<br \/>\nCoordonnateur de la formation et de l'apprentissage<br \/>\nChaudronniers Loges 73 & 203<br \/>\n345 King William Rd.<br \/>\nSaint John, NB E2M 7C9<br \/>\nT\u00e9l\u00e9phone: (506) 634-7386<\/p>\n<\/div><\/div><\/div><div id=\"pgc-2953-3-1\"  class=\"panel-grid-cell\" ><div id=\"panel-2953-3-1-0\" class=\"so-panel widget widget_black-studio-tinymce widget_black_studio_tinymce panel-first-child panel-last-child\" data-index=\"6\" ><div class=\"textwidget\"><p><strong>Ontario<\/strong><\/p>\n<p>Tom MacNeil<br \/>\nCoordonnateur de la formation et de l'apprentissage<br \/>\nChaudronniers Loge 128<br \/>\n1035 Sutton Drive<br \/>\nBurlington, ON L7L 5Z8<br \/>\nT\u00e9l\u00e9phone: (905) 332-8109 x229<br \/>\nT\u00e9l\u00e9copieur: (905) 332-1094<\/p>\n<\/div><\/div><\/div><\/div><\/div>","protected":false},"excerpt":{"rendered":"<p>Depuis l&rsquo;\u00e8re des navires et des locomotives \u00e0 vapeur jusqu&rsquo;aux chaudi\u00e8res modernes supercritiques, les Chaudronniers continuent d&rsquo;\u00eatre un leader de la formation en apprentissage et au perfectionnement des comp\u00e9tences des [&hellip;]<\/p>\n","protected":false},"author":17,"featured_media":0,"parent":0,"menu_order":0,"comment_status":"closed","ping_status":"closed","template":"","meta":{"footnotes":""},"class_list":["post-2953","page","type-page","status-publish","hentry","post"],"_links":{"self":[{"href":"https:\/\/boilermaker.ca\/fr\/wp-json\/wp\/v2\/pages\/2953","targetHints":{"allow":["GET"]}}],"collection":[{"href":"https:\/\/boilermaker.ca\/fr\/wp-json\/wp\/v2\/pages"}],"about":[{"href":"https:\/\/boilermaker.ca\/fr\/wp-json\/wp\/v2\/types\/page"}],"author":[{"embeddable":true,"href":"https:\/\/boilermaker.ca\/fr\/wp-json\/wp\/v2\/users\/17"}],"replies":[{"embeddable":true,"href":"https:\/\/boilermaker.ca\/fr\/wp-json\/wp\/v2\/comments?post=2953"}],"version-history":[{"count":29,"href":"https:\/\/boilermaker.ca\/fr\/wp-json\/wp\/v2\/pages\/2953\/revisions"}],"predecessor-version":[{"id":13503,"href":"https:\/\/boilermaker.ca\/fr\/wp-json\/wp\/v2\/pages\/2953\/revisions\/13503"}],"wp:attachment":[{"href":"https:\/\/boilermaker.ca\/fr\/wp-json\/wp\/v2\/media?parent=2953"}],"curies":[{"name":"wp","href":"https:\/\/api.w.org\/{rel}","templated":true}]}}