{"id":2958,"date":"2017-03-08T07:48:03","date_gmt":"2017-03-08T12:48:03","guid":{"rendered":"http:\/\/test.boilermaker.ca\/?page_id=2958\/"},"modified":"2026-03-21T12:57:46","modified_gmt":"2026-03-21T16:57:46","slug":"cem-div-est","status":"publish","type":"page","link":"https:\/\/boilermaker.ca\/fr\/loges\/cem-div-est\/","title":{"rendered":"Cem-Div Est"},"content":{"rendered":"<h1>Travailleurs unis des industries du ciment, de la chaux et du gypse de l&rsquo;Est du Canada<\/h1>\n<p><b>Survol<\/b><\/p>\n<hr size=\"1\" \/>\n<p>La Division des Travailleurs unis des industries du ciment, de la chaux et du gypse de l&rsquo;Est du Canada est diff\u00e9rente de celle de l&rsquo;Ouest. Dans l&rsquo;Est, chaque Local op\u00e8re de fa\u00e7on autonome. Il y a huit locaux qui travaillent dans les industries du sable, de la chaux, du gravier, du ciment, des produits agricoles, des panneaux de gypse, du stuc, des briques d\u00e9coratives, de pierres de pav\u00e9 uni, des tuyaux d&rsquo;\u00e9gouts en plus de transporter ces produits par camion et de les charger sur des navires et des barges. Les membres de cette r\u00e9gion sont qualifi\u00e9s en tant que m\u00e9caniciens industriels, soudeurs, op\u00e9rateurs de production et op\u00e9rateurs d&rsquo;appui \u00e0 la production.<\/p>\n<p><strong>Loges du District 10:\u00a0 <\/strong><strong>D366 <\/strong>Mississauga, ON;\u00a0 <strong>D387 <\/strong>Picton, ON; <strong>D<\/strong><strong>406<\/strong> St. John, N-B; <strong>D454<\/strong> Brookfield, N-\u00c9; <strong>D488<\/strong> Aberfoyle, Acton, London, Stouffville and West Paris, ON (La section locale D364 a \u00e9t\u00e9 fusionn\u00e9e avec la section locale D488 en 2016); <strong>D494<\/strong> Brantford, Caledon, Dunville, Lincoln, Onaping, Scarborough and Toronto; <strong>D579\u00a0<\/strong>Lantz, N-\u00c9.<\/p>\n<hr size=\"1\" \/>\n\n\n<p> <strong>Contact Information<\/strong><\/p>\n\n\n\n<p><strong>Lincoln Trevail<\/strong><br>G\u00e9rant d\u2019affaires\/Secr\u00e9taire-Tr\u00e9sorier<br>Tel: (905) 873-5355<br>Email:\u00a0<a href=\"mailto:tandrade@boilermaker.ca\">ltrevail@boilermaker.ca<\/a><\/p>\n\n\n\n<p><\/p>\n\n\n\n<p><strong>Conseil D\u2019Administration<\/strong><\/p>\n\n\n\n<p>Pr\u00e9sident: James Louwe, Tel: (416) 676-3152<br>Vice-Pr\u00e9sident: Jason W. Bosley, Tel: (613) 827-7527<br>Pr\u00e9sident des syndics: Lincoln Trevail, Tel: (905) 873-5355<br>Syndic: Frank Diliddo, Tel: (416) 991-6488<br>Syndic: Michael L. Ettinger, Tel: (902) 957-1879<\/p>\n","protected":false},"excerpt":{"rendered":"<p>Travailleurs unis des industries du ciment, de la chaux et du gypse de l&rsquo;Est du Canada Survol La Division des Travailleurs unis des industries du ciment, de la chaux et [&hellip;]<\/p>\n","protected":false},"author":17,"featured_media":0,"parent":1977,"menu_order":0,"comment_status":"closed","ping_status":"closed","template":"","meta":{"footnotes":""},"class_list":["post-2958","page","type-page","status-publish","hentry","post"],"_links":{"self":[{"href":"https:\/\/boilermaker.ca\/fr\/wp-json\/wp\/v2\/pages\/2958","targetHints":{"allow":["GET"]}}],"collection":[{"href":"https:\/\/boilermaker.ca\/fr\/wp-json\/wp\/v2\/pages"}],"about":[{"href":"https:\/\/boilermaker.ca\/fr\/wp-json\/wp\/v2\/types\/page"}],"author":[{"embeddable":true,"href":"https:\/\/boilermaker.ca\/fr\/wp-json\/wp\/v2\/users\/17"}],"replies":[{"embeddable":true,"href":"https:\/\/boilermaker.ca\/fr\/wp-json\/wp\/v2\/comments?post=2958"}],"version-history":[{"count":40,"href":"https:\/\/boilermaker.ca\/fr\/wp-json\/wp\/v2\/pages\/2958\/revisions"}],"predecessor-version":[{"id":15846,"href":"https:\/\/boilermaker.ca\/fr\/wp-json\/wp\/v2\/pages\/2958\/revisions\/15846"}],"up":[{"embeddable":true,"href":"https:\/\/boilermaker.ca\/fr\/wp-json\/wp\/v2\/pages\/1977"}],"wp:attachment":[{"href":"https:\/\/boilermaker.ca\/fr\/wp-json\/wp\/v2\/media?parent=2958"}],"curies":[{"name":"wp","href":"https:\/\/api.w.org\/{rel}","templated":true}]}}