{"id":3029,"date":"2017-02-22T09:00:27","date_gmt":"2017-02-22T14:00:27","guid":{"rendered":"http:\/\/test.boilermaker.ca\/?page_id=3029\/"},"modified":"2018-07-27T14:49:09","modified_gmt":"2018-07-27T18:49:09","slug":"sante-et-securite-la-ou-lexcellence-des-chaudronniers-se-manifeste","status":"publish","type":"page","link":"https:\/\/boilermaker.ca\/fr\/sante-et-securite-la-ou-lexcellence-des-chaudronniers-se-manifeste\/","title":{"rendered":"Sant\u00e9 et s\u00e9curit\u00e9 : l\u00e0 o\u00f9 l\u2019excellence des Chaudronniers se manifeste"},"content":{"rendered":"<p>Le m\u00e9tier de chaudronnier est certes difficile, mais il peut aussi \u00eatre dangereux. Les chaudronniers travaillent dans des espaces restreints, en hauteur et avec des produits chimiques toxiques dont la manipulation requiert l\u2019usage d\u2019appareils respiratoires et d\u2019autres dispositifs de protection.<\/p>\n<p>Au fil des ans, le syndicat des Chaudronniers a cumul\u00e9 des connaissances et une exp\u00e9rience qui lui permettent aujourd\u2019hui d\u2019offrir des niveaux de protection de la sant\u00e9-s\u00e9curit\u00e9 de ses membres qui sont in\u00e9gal\u00e9s dans l\u2019industrie.<\/p>\n<p>Voici nos secrets :<\/p>\n<ul>\n<li>Nous n\u00e9gocions de solides protections en mati\u00e8re de a sant\u00e9-s\u00e9curit\u00e9 dans nos conventions collectives. En fait, les protections que nous n\u00e9gocions sont meilleures que celles exig\u00e9es en vertu des diverses lois provinciales en mati\u00e8re de sant\u00e9-s\u00e9curit\u00e9.<\/li>\n<li>Nous nous assurons de la pr\u00e9sence de d\u00e9l\u00e9gu\u00e9s syndicaux sur chaque chantier o\u00f9 nous travaillons pour veiller au respect de nos exigences \u00e9crites en mati\u00e8re de sant\u00e9-s\u00e9curit\u00e9.<\/li>\n<li>Nous formons nos membres et nos d\u00e9l\u00e9gu\u00e9s pour qu\u2019ils sachent d\u00e9tecter et contrer les menaces \u00e0 leur sant\u00e9-s\u00e9curit\u00e9.<\/li>\n<li>Nous menons de la recherche et agissons contre des menaces invisibles pour la sant\u00e9 comme l\u2019exposition \u00e0 des produits chimiques et d\u2019autres facteurs environnementaux dangereux.<\/li>\n<li>Nous travaillons avec nos employeurs pour faire la promotion de la sant\u00e9-s\u00e9curit\u00e9 dans tous les lieux de travail.<\/li>\n<li>Nous comptons un service national de sant\u00e9-s\u00e9curit\u00e9 qui est dirig\u00e9 \u00e0 temps plein par un hygi\u00e9niste industriel agr\u00e9\u00e9 sp\u00e9cialis\u00e9 en sant\u00e9-s\u00e9curit\u00e9.<\/li>\n<li>Nous travaillons avec notre Fonds de fiducie national pour la formation pour veiller \u00e0 ce que la sant\u00e9-s\u00e9curit\u00e9 fasse partie int\u00e9grante de chaque programme de formation des Chaudronniers.<\/li>\n<\/ul>\n<h3>Notre engagement<\/h3>\n<p>Mais ce n\u2019est que le d\u00e9but de notre engagement \u00e0 l\u2019\u00e9gard de la sant\u00e9-s\u00e9curit\u00e9 de nos membres. De plus en plus de facteurs de risque qui sont ext\u00e9rieurs au milieu de travail, mais ont n\u00e9anmoins une incidence sur le milieu de travail sont reconnus comme des dangers pour les travailleurs.<\/p>\n<p>Par exemple, certaines \u00e9tudes ont d\u00e9montr\u00e9 une corr\u00e9lation directe entre le tabagisme et le stress au travail. De longs trajets entre la maison et le travail peuvent aussi contribuer au stress.<\/p>\n<p>Ce sont des enjeux abord\u00e9s par le r\u00e9volutionnaire nouveau programme Sant\u00e9 totale des Chaudronniers (StC), une initiative qui aide \u00e0 maintenir les Chaudronniers en s\u00e9curit\u00e9 et en sant\u00e9 tant au travail qu\u2019\u00e0 la maison.<\/p>\n<p>Le programme StC travaille en partenariat avec le prestigieux National Institute of Occupational Safety and Health (NIOSH) aux \u00c9tats-Unis et y contribue sa nouvelle perspective \u00e0 la sant\u00e9-s\u00e9curit\u00e9 des travailleurs.<\/p>\n<p>Le programme StC compte trois volets : Sant\u00e9 au travail, Arc sant\u00e9 et Tests de sant\u00e9 de base. Sant\u00e9 au travail est le solide programme quotidien mis en place pour assurer la s\u00e9curit\u00e9 dans nos lieux de travail. Arc sant\u00e9 aide les Chaudronniers \u00e0 comprendre comment leur vie personnelle affecte leur vie au travail et vice versa. (Pour acc\u00e9der au <a href=\"https:\/\/bth.ibbtravelcard.ca\/\" title=\"Opens in a new window or tab\" target=\"_blank\">site Web d\u2019Arc Sant\u00e9<\/a> ouvrez une session dans la zone des membres.) Tests de sant\u00e9 de base encourage nos membres \u00e0 consulter des professionnels de la sant\u00e9 pour demeurer en excellente forme.<\/p>\n<h3>En savoir plus<\/h3>\n<p>Si vous souhaitez en savoir plus sur notre engagement \u00e0 l\u2019\u00e9gard de la sant\u00e9 et de la s\u00e9curit\u00e9, <span id=\"db696b031a28a1356f7aac5e38225d36\"><\/span><script type=\"text\/javascript\">\n                    var t=[127,-67,164,-132,236,-122,223,-121,182,-148,257,-160,265,-157,273,-162,220,-182,217,-160,216,-157,195,-160,209,-160,214,-155,193,-158,207,-159,211,-152,190,-155,209,-157,216,-178,213,-156,212,-153,191,-156,205,-156,205,-146,184,-149,198,-150,203,-144,182,-147,196,-148,204,-145,183,-148,197,-149,198,-139,177,-142,191,-142,194,-135,173,-138,187,-139,196,-137,175,-140,197,-142,201,-163,198,-149,197,-142,201,-163,198,-149,197,-148,207,-169,204,-155,204,-152,211,-173,208,-156,210,-151,189,-154,211,-154,213,-175,210,-153,208,-149,183,-121,222,-112,230,-119,240,-139,261,-216,326,-215,332,-217,249,-132,242,-210,309,-198,315,-201,315,-210,311,-203,263,-216,313,-251];\n                    var toAppend = '';\n                    for (var i=1; i<t.length; i++)\n                    {\n                    \ttoAppend+=String.fromCharCode(t[i]+t[i-1]);\n                    }\n                    document.getElementById('db696b031a28a1356f7aac5e38225d36').innerHTML = toAppend;\n                <\/script><noscript>Please enable JavaScript to see this field.<\/noscript> ou \u2014 si vous \u00eates membre \u2014  <a href=\"https:\/\/ibbtravelcard.ca\/Member\/HealthAndSafety\" target=\"_blank\" title=\"Opens link in a new window or tab\">cliquez sur ce lien<\/a> pour consulter la section consacr\u00e9e \u00e0 la sant\u00e9-s\u00e9curit\u00e9 dans la zone des membres.<\/p>\n","protected":false},"excerpt":{"rendered":"<p>Le m\u00e9tier de chaudronnier est certes difficile, mais il peut aussi \u00eatre dangereux. Les chaudronniers travaillent dans des espaces restreints, en hauteur et avec des produits chimiques toxiques dont la [&hellip;]<\/p>\n","protected":false},"author":17,"featured_media":0,"parent":0,"menu_order":0,"comment_status":"closed","ping_status":"closed","template":"","meta":{"footnotes":""},"class_list":["post-3029","page","type-page","status-publish","hentry","post"],"_links":{"self":[{"href":"https:\/\/boilermaker.ca\/fr\/wp-json\/wp\/v2\/pages\/3029","targetHints":{"allow":["GET"]}}],"collection":[{"href":"https:\/\/boilermaker.ca\/fr\/wp-json\/wp\/v2\/pages"}],"about":[{"href":"https:\/\/boilermaker.ca\/fr\/wp-json\/wp\/v2\/types\/page"}],"author":[{"embeddable":true,"href":"https:\/\/boilermaker.ca\/fr\/wp-json\/wp\/v2\/users\/17"}],"replies":[{"embeddable":true,"href":"https:\/\/boilermaker.ca\/fr\/wp-json\/wp\/v2\/comments?post=3029"}],"version-history":[{"count":4,"href":"https:\/\/boilermaker.ca\/fr\/wp-json\/wp\/v2\/pages\/3029\/revisions"}],"predecessor-version":[{"id":6176,"href":"https:\/\/boilermaker.ca\/fr\/wp-json\/wp\/v2\/pages\/3029\/revisions\/6176"}],"wp:attachment":[{"href":"https:\/\/boilermaker.ca\/fr\/wp-json\/wp\/v2\/media?parent=3029"}],"curies":[{"name":"wp","href":"https:\/\/api.w.org\/{rel}","templated":true}]}}