{"id":3031,"date":"2017-03-08T05:52:03","date_gmt":"2017-03-08T10:52:03","guid":{"rendered":"http:\/\/test.boilermaker.ca\/?page_id=3031\/"},"modified":"2018-10-24T13:03:18","modified_gmt":"2018-10-24T17:03:18","slug":"fonds-de-fiducie-national-pour-la-formation","status":"publish","type":"page","link":"https:\/\/boilermaker.ca\/fr\/formation-nationale\/fonds-de-fiducie-national-pour-la-formation\/","title":{"rendered":"Fonds de fiducie national pour la formation"},"content":{"rendered":"<div id=\"pl-3031\"  class=\"panel-layout\" ><div id=\"pg-3031-0\"  class=\"panel-grid panel-no-style\" ><div id=\"pgc-3031-0-0\"  class=\"panel-grid-cell\" ><div id=\"panel-3031-0-0-0\" class=\"so-panel widget widget_sow-editor panel-first-child panel-last-child\" data-index=\"0\" ><div\n\t\t\t\n\t\t\tclass=\"so-widget-sow-editor so-widget-sow-editor-base\"\n\t\t\t\n\t\t>\n<div class=\"siteorigin-widget-tinymce textwidget\">\n\t<p><img loading=\"lazy\" decoding=\"async\" width=\"300\" height=\"163\" class=\"alignnone wp-image-2244\" src=\"\/wp-content\/uploads\/NTTF_Logo_300x163.jpg\" alt=\"NTTF Logo\" \/><\/p>\n<\/div>\n<\/div><\/div><\/div><\/div><div id=\"pg-3031-1\"  class=\"panel-grid panel-no-style\" ><div id=\"pgc-3031-1-0\"  class=\"panel-grid-cell\" ><div id=\"panel-3031-1-0-0\" class=\"so-panel widget widget_sow-editor panel-first-child panel-last-child\" data-index=\"1\" ><div\n\t\t\t\n\t\t\tclass=\"so-widget-sow-editor so-widget-sow-editor-base\"\n\t\t\t\n\t\t>\n<div class=\"siteorigin-widget-tinymce textwidget\">\n\t<p>Le Fonds de fiducie national pour la formation (FFNF) des Chaudronniers est responsable de tenir \u00e0 jour et de normaliser les programmes de formation des Chaudronniers. Administr\u00e9 conjointement par des repr\u00e9sentants des employ\u00e9s et des employeurs, le Fonds exploite un r\u00e9seau national de centres de formation en plus de vaquer \u00e0 ses autres occupations.<\/p>\n<p>La mission du FFNF consiste \u00e0 promouvoir l\u2019excellence en mati\u00e8re de formation et d\u2019\u00e9ducation des Chaudronniers. Son but est de veiller \u00e0 ce que la client\u00e8le b\u00e9n\u00e9ficie des services des Chaudronniers les mieux qualifi\u00e9s peu importe o\u00f9 elle se trouve au Canada.<\/p>\n<p>Le FFNF travaille de concert avec les gouvernements pour maintenir des normes nationales de qualit\u00e9 de la formation. Par exemple, il a conclu des ententes avec Ressources humaines et D\u00e9veloppement des comp\u00e9tences Canada pour \u00e9laborer un programme d\u2019apprentissage en chaudronnerie de port\u00e9e v\u00e9ritablement pancanadienne. Un programme commun de formation de base est offert depuis 1997. \u00c0 l\u2019\u00e9poque, il s\u2019agissait d\u2019une r\u00e9alisation de taille dans l\u2019industrie.<\/p>\n<p>Les normes nationales en formation d\u2019apprentis aident les Chaudronniers \u00e0 obtenir leurs qualifications Sceau rouge, ce qui leur permet de travailler dans diff\u00e9rentes provinces sans exigence en mati\u00e8re de recyclage ou de recertification.<\/p>\n<p>&nbsp;<\/p>\n<\/div>\n<\/div><\/div><\/div><\/div><\/div>","protected":false},"excerpt":{"rendered":"<p>Le Fonds de fiducie national pour la formation (FFNF) des Chaudronniers est responsable de tenir \u00e0 jour et de normaliser les programmes de formation des Chaudronniers. Administr\u00e9 conjointement par des [&hellip;]<\/p>\n","protected":false},"author":17,"featured_media":0,"parent":2931,"menu_order":0,"comment_status":"closed","ping_status":"closed","template":"","meta":{"footnotes":""},"class_list":["post-3031","page","type-page","status-publish","hentry","post"],"_links":{"self":[{"href":"https:\/\/boilermaker.ca\/fr\/wp-json\/wp\/v2\/pages\/3031","targetHints":{"allow":["GET"]}}],"collection":[{"href":"https:\/\/boilermaker.ca\/fr\/wp-json\/wp\/v2\/pages"}],"about":[{"href":"https:\/\/boilermaker.ca\/fr\/wp-json\/wp\/v2\/types\/page"}],"author":[{"embeddable":true,"href":"https:\/\/boilermaker.ca\/fr\/wp-json\/wp\/v2\/users\/17"}],"replies":[{"embeddable":true,"href":"https:\/\/boilermaker.ca\/fr\/wp-json\/wp\/v2\/comments?post=3031"}],"version-history":[{"count":8,"href":"https:\/\/boilermaker.ca\/fr\/wp-json\/wp\/v2\/pages\/3031\/revisions"}],"predecessor-version":[{"id":6507,"href":"https:\/\/boilermaker.ca\/fr\/wp-json\/wp\/v2\/pages\/3031\/revisions\/6507"}],"up":[{"embeddable":true,"href":"https:\/\/boilermaker.ca\/fr\/wp-json\/wp\/v2\/pages\/2931"}],"wp:attachment":[{"href":"https:\/\/boilermaker.ca\/fr\/wp-json\/wp\/v2\/media?parent=3031"}],"curies":[{"name":"wp","href":"https:\/\/api.w.org\/{rel}","templated":true}]}}