{"id":3035,"date":"2017-03-08T06:19:48","date_gmt":"2017-03-08T11:19:48","guid":{"rendered":"http:\/\/test.boilermaker.ca\/?page_id=3035\/"},"modified":"2017-03-08T07:44:12","modified_gmt":"2017-03-08T12:44:12","slug":"demande-de-main-doeuvre-qualifiee-a-victoria-colombie-britannique","status":"publish","type":"page","link":"https:\/\/boilermaker.ca\/fr\/demande-de-main-doeuvre-qualifiee-a-victoria-colombie-britannique\/","title":{"rendered":"Demande de main-d\u2019\u0153uvre qualifi\u00e9e \u00e0 Victoria (Colombie-Britannique)"},"content":{"rendered":"<p>Cherchez-vous une nouvelle occasion d\u2019atteindre vos objectifs financiers, professionnels et personnels? Si vous \u00eates soudeur, transformateur de m\u00e9taux ou chaudronnier certifi\u00e9 Sceau rouge, vous pourriez vous rapprocher de la r\u00e9alisation de vos r\u00eaves en devenant membre du syndicat des Chaudronniers.<\/p>\n<p><img loading=\"lazy\" decoding=\"async\" src=\"http:\/\/boilermaker.ca\/wp-content\/uploads\/2015\/05\/click-here-to-join.jpg\" alt=\"Cliquez pour adh\u00e9rez\" width=\"230\" height=\"230\" class=\"alignright size-full wp-image-1934\" srcset=\"https:\/\/boilermaker.ca\/wp-content\/uploads\/2015\/05\/click-here-to-join.jpg 230w, https:\/\/boilermaker.ca\/wp-content\/uploads\/2015\/05\/click-here-to-join-150x150.jpg 150w, https:\/\/boilermaker.ca\/wp-content\/uploads\/2015\/05\/click-here-to-join-45x45.jpg 45w\" sizes=\"auto, (max-width: 230px) 100vw, 230px\" \/>La Section locale 191 des Chaudronniers cherche \u00e0 recruter de nouveaux membres pour r\u00e9pondre \u00e0 une demande sans pr\u00e9c\u00e9dent de main-d\u2019\u0153uvre qualifi\u00e9e sur l\u2019\u00eele de Vancouver. Les membres du syndicat des Chaudronniers b\u00e9n\u00e9ficient des meilleurs salaires et avantages sociaux dans l\u2019industrie. Ils sont prot\u00e9g\u00e9s par une convention collective qui garantit le respect de leurs droits au travail ainsi que leur s\u00e9curit\u00e9. Enfin, les Chaudronniers ont acc\u00e8s \u00e0 des centres de formation \u00e0 la fine pointe technologique o\u00f9 ils peuvent parfaire leurs comp\u00e9tences.<\/p>\n<p>Les membres de la Section locale 191 travaillent principalement pour les chantiers navals et les usines de transformation des m\u00e9taux situ\u00e9s dans le sud de l\u2019\u00eele de Vancouver. Mais, comme ils sont titulaires d\u2019une carte de voyage des Chaudronniers, ils peuvent travailler n\u2019importe o\u00f9 au Canada.<\/p>\n<h3>Construction et r\u00e9paration navales<\/h3>\n<p><img loading=\"lazy\" decoding=\"async\" src=\"http:\/\/boilermaker.ca\/wp-content\/uploads\/2015\/05\/boilermaker-victoria-300x196.jpg\" alt=\"chaudronnier-victoria\" width=\"300\" height=\"196\" class=\"alignleft size-medium wp-image-1933\" srcset=\"https:\/\/boilermaker.ca\/wp-content\/uploads\/2015\/05\/boilermaker-victoria-300x196.jpg 300w, https:\/\/boilermaker.ca\/wp-content\/uploads\/2015\/05\/boilermaker-victoria-1024x668.jpg 1024w\" sizes=\"auto, (max-width: 300px) 100vw, 300px\" \/>En construction navale, les Chaudronniers am\u00e9nagent et soudent des navires tout en effectuant toutes sortes de travaux de structure et de t\u00f4lerie. Les membres de la Section locale 191 travaillent pour le chantier naval de Victoria ainsi que le chantier maritime du gouvernement f\u00e9d\u00e9ral, tous deux situ\u00e9s \u00e0 Esquimalt.<\/p>\n<h3>Fabrication<\/h3>\n<p>Dans le secteur de la fabrication, les Chaudronniers travaillent avec divers m\u00e9taux pour am\u00e9nager et souder les composantes de chaudi\u00e8res, de r\u00e9cipients \u00e0 pression, de machines et de structures pour l\u2019industrie manufacturi\u00e8re. \u00c0 Sidney, Nicholson Manufacture et Ramsey Machine Shop sont deux employeurs pour qui des membres de la Section locale 191 r\u00e9alisent des travaux de fabrication.<\/p>\n<h3>Construction<\/h3>\n<p><img loading=\"lazy\" decoding=\"async\" src=\"http:\/\/boilermaker.ca\/wp-content\/uploads\/2015\/05\/boilermaker-fitting-victoria-bc-300x225.gif\" alt=\"chaudronnier-victoria-bc\" width=\"300\" height=\"225\" class=\"alignright size-medium wp-image-1935\" \/>Dans l\u2019industrie de la construction, les Chaudronniers construisent, \u00e9rigent, r\u00e9parent, testent et entretiennent toutes sortes de chaudi\u00e8res, de r\u00e9servoirs et de r\u00e9cipients \u00e0 pression. Ils effectuent toutes sortes de travaux de structure et de t\u00f4lerie sur des r\u00e9cipients \u00e9tanches aux poussi\u00e8res, \u00e0 l\u2019air, au gaz, \u00e0 la vapeur, \u00e0 l\u2019huile, \u00e0 l\u2019eau et \u00e0 d\u2019autres liquides. Plusieurs membres de la Section locale 191 se sont rendus dans d\u2019autres r\u00e9gions du pays pour contribuer \u00e0 certains des plus grands projets de construction au Canada dans les secteurs du p\u00e9trole et du gaz, du gaz naturel liqu\u00e9fi\u00e9, des mines, de l\u2019\u00e9lectricit\u00e9 et des p\u00e2tes et papiers.<\/p>\n<h3>Candidats recherch\u00e9s<\/h3>\n<p>La Section locale 191 des Chaudronniers est \u00e0 la recherche de chaudronniers, transformateurs de m\u00e9taux et soudeurs certifi\u00e9s Sceau rouge. Des occasions pourraient se pr\u00e9senter pour des techniciens de coque retrait\u00e9s ou en transition (niveau QL5 au minimum). Nous sommes aussi \u00e0 la recherche de soudeurs qualifi\u00e9s titulaires de la certification CWB pour tous les postes ainsi que de gens ayant de l\u2019exp\u00e9rience dans les industries m\u00e9tallurgiques : fabrication, construction navale ou construction.<\/p>\n<h3>Nous joindre<\/h3>\n<p>Si l\u2019id\u00e9e d\u2019occuper un poste dans un fier m\u00e9tier repr\u00e9sent\u00e9 par un fier syndicat vous int\u00e9resse, cliquez ici pour nous transmettre vos coordonn\u00e9es directement par notre site Web.<\/p>\n<p>Sinon, n\u2019h\u00e9sitez pas \u00e0 communiquer avec Gordie White, le directeur administratif de la Section locale 191, par la poste, par courriel ou par t\u00e9l\u00e9phone.<\/p>\n<p>Boilermakers Lodge 191<br \/>\n802 Esquimalt Road<br \/>\nVictoria, BC V9A 3M4<\/p>\n<p>T\u00e9l\u00e9phone : (250) 383-4196<br \/>\nT\u00e9l\u00e9copieur : (250) 383-4688<br \/>\nCourriel : lodge191adm@shaw.ca<\/p>\n","protected":false},"excerpt":{"rendered":"<p>Cherchez-vous une nouvelle occasion d\u2019atteindre vos objectifs financiers, professionnels et personnels? Si vous \u00eates soudeur, transformateur de m\u00e9taux ou chaudronnier certifi\u00e9 Sceau rouge, vous pourriez vous rapprocher de la r\u00e9alisation [&hellip;]<\/p>\n","protected":false},"author":17,"featured_media":0,"parent":0,"menu_order":0,"comment_status":"closed","ping_status":"closed","template":"","meta":{"footnotes":""},"class_list":["post-3035","page","type-page","status-publish","hentry","post"],"_links":{"self":[{"href":"https:\/\/boilermaker.ca\/fr\/wp-json\/wp\/v2\/pages\/3035","targetHints":{"allow":["GET"]}}],"collection":[{"href":"https:\/\/boilermaker.ca\/fr\/wp-json\/wp\/v2\/pages"}],"about":[{"href":"https:\/\/boilermaker.ca\/fr\/wp-json\/wp\/v2\/types\/page"}],"author":[{"embeddable":true,"href":"https:\/\/boilermaker.ca\/fr\/wp-json\/wp\/v2\/users\/17"}],"replies":[{"embeddable":true,"href":"https:\/\/boilermaker.ca\/fr\/wp-json\/wp\/v2\/comments?post=3035"}],"version-history":[{"count":2,"href":"https:\/\/boilermaker.ca\/fr\/wp-json\/wp\/v2\/pages\/3035\/revisions"}],"predecessor-version":[{"id":3066,"href":"https:\/\/boilermaker.ca\/fr\/wp-json\/wp\/v2\/pages\/3035\/revisions\/3066"}],"wp:attachment":[{"href":"https:\/\/boilermaker.ca\/fr\/wp-json\/wp\/v2\/media?parent=3035"}],"curies":[{"name":"wp","href":"https:\/\/api.w.org\/{rel}","templated":true}]}}