{"id":3037,"date":"2017-03-08T06:47:03","date_gmt":"2017-03-08T11:47:03","guid":{"rendered":"http:\/\/test.boilermaker.ca\/?page_id=3037\/"},"modified":"2024-03-26T13:32:41","modified_gmt":"2024-03-26T17:32:41","slug":"soutien-de-nos-communautes","status":"publish","type":"page","link":"https:\/\/boilermaker.ca\/fr\/soutien-de-nos-communautes\/","title":{"rendered":"Soutien de nos communaut\u00e9s"},"content":{"rendered":"<div id=\"pl-gb3037-69f51af6c0ca3\"  class=\"panel-layout\" ><div id=\"pg-gb3037-69f51af6c0ca3-0\"  class=\"panel-grid panel-has-style\" ><div class=\"panel-row-style panel-row-style-for-gb3037-69f51af6c0ca3-0\" ><div id=\"pgc-gb3037-69f51af6c0ca3-0-0\"  class=\"panel-grid-cell\" ><div id=\"panel-gb3037-69f51af6c0ca3-0-0-0\" class=\"so-panel widget widget_media_image panel-first-child panel-last-child\" data-index=\"0\" ><div style=\"width: 660px\" class=\"wp-caption alignnone\"><img loading=\"lazy\" decoding=\"async\" width=\"650\" height=\"432\" src=\"https:\/\/boilermaker.ca\/wp-content\/uploads\/teens-to-trades.jpg\" class=\"image wp-image-2540  attachment-full size-full\" alt=\"\" style=\"max-width: 100%; height: auto;\" srcset=\"https:\/\/boilermaker.ca\/wp-content\/uploads\/teens-to-trades.jpg 650w, https:\/\/boilermaker.ca\/wp-content\/uploads\/teens-to-trades-320x213.jpg 320w, https:\/\/boilermaker.ca\/wp-content\/uploads\/teens-to-trades-640x425.jpg 640w, https:\/\/boilermaker.ca\/wp-content\/uploads\/teens-to-trades-272x182.jpg 272w\" sizes=\"auto, (max-width: 650px) 100vw, 650px\" \/><p class=\"wp-caption-text\">Le programme Teens to Trades aide de jeunes adultes membres des r\u00e9serves des Forces arm\u00e9es canadiennes \u00e0 s\u2019inscrire \u00e0 des programmes d\u2019apprentissage de m\u00e9tiers sp\u00e9cialis\u00e9s. Les Chaudronniers soutiennent sans r\u00e9serve nos communaut\u00e9s et nos militaires.<\/p><\/div><\/div><\/div><\/div><\/div><\/div>\n\n<div id=\"pl-gb3037-69f51af6c1a68\"  class=\"panel-layout\" ><div id=\"pg-gb3037-69f51af6c1a68-0\"  class=\"panel-grid panel-no-style\" ><div id=\"pgc-gb3037-69f51af6c1a68-0-0\"  class=\"panel-grid-cell\" ><div id=\"panel-gb3037-69f51af6c1a68-0-0-0\" class=\"so-panel widget widget_media_image panel-first-child panel-last-child\" data-index=\"0\" ><div style=\"width: 310px\" class=\"wp-caption alignnone\"><img loading=\"lazy\" decoding=\"async\" width=\"300\" height=\"233\" src=\"https:\/\/boilermaker.ca\/wp-content\/uploads\/franks-tanks.jpg\" class=\"image wp-image-2541  attachment-full size-full\" alt=\"\" style=\"max-width: 100%; height: auto;\" \/><p class=\"wp-caption-text\">L\u2019\u00e9quipe de hockey de rue \u00ab Frank\u2019s Tanks \u00bb des Chaudronniers a recueilli plus de 20 000 $ au profit de la lutte contre le cancer.<\/p><\/div><\/div><\/div><div id=\"pgc-gb3037-69f51af6c1a68-0-1\"  class=\"panel-grid-cell\" ><div id=\"panel-gb3037-69f51af6c1a68-0-1-0\" class=\"so-panel widget widget_sow-editor panel-first-child panel-last-child\" data-index=\"1\" ><div\n\t\t\t\n\t\t\tclass=\"so-widget-sow-editor so-widget-sow-editor-base\"\n\t\t\t\n\t\t>\n<div class=\"siteorigin-widget-tinymce textwidget\">\n\t<p>Depuis notre fondation il y a plus de 140 ans, le syndicat des Chaudronniers et ses membres viennent fi\u00e8rement en aide \u00e0 des communaut\u00e9s partout au Canada.<\/p>\n<p>\u2022 Le programme <a title=\"Visitez au site web du programme H2H\" href=\"http:\/\/www.helmetstohardhats.ca\/\" target=\"_blank\" rel=\"noopener\">Helmets to Hardhats (H2H)<\/a>, dont nous figurons parmi les principaux fondateurs, offre de la formation et des services gratuits d\u2019orientation de carri\u00e8re aux anciens combattants, les aidant ainsi \u00e0 se trouver du travail dans les m\u00e9tiers du b\u00e2timent et de la construction. Plus de 4 000 anciens combattants se sont inscrits au programme et plus de 425 placements en emploi ont \u00e9t\u00e9 confirm\u00e9s. Cependant, jusqu\u2019\u00e0 trois fois plus d\u2019anciens combattants ont r\u00e9ussi \u00e0 se trouver du travail gr\u00e2ce \u00e0 ce programme.<\/p>\n<\/div>\n<\/div><\/div><\/div><\/div><div id=\"pg-gb3037-69f51af6c1a68-1\"  class=\"panel-grid panel-no-style\" ><div id=\"pgc-gb3037-69f51af6c1a68-1-0\"  class=\"panel-grid-cell\" ><div id=\"panel-gb3037-69f51af6c1a68-1-0-0\" class=\"so-panel widget widget_sow-editor panel-first-child panel-last-child\" data-index=\"2\" ><div\n\t\t\t\n\t\t\tclass=\"so-widget-sow-editor so-widget-sow-editor-base\"\n\t\t\t\n\t\t>\n<div class=\"siteorigin-widget-tinymce textwidget\">\n\t<p>\u2022 Nous soutenons aussi le programme <a title=\"Visitez au site web du programme Teens to Trades\" href=\"http:\/\/www.helmetstohardhats.ca\/en\/teenstotrades.htm\" target=\"_blank\" rel=\"noopener\">Teens to Trades<\/a>, qui aide des jeunes membres de la r\u00e9serve militaire \u00e0 s\u2019inscrire \u00e0 des programmes d\u2019apprentis.<\/p>\n<p>\u2022 En plus des importantes contributions financi\u00e8res faites par le syndicat, nos membres ont travaill\u00e9 sans rel\u00e2che pour venir en aide aux victimes des incendies de Fort McMurray en 2016. Plusieurs membres ont pr\u00eat\u00e9 main forte \u00e0 des projets comme l\u2019envoi de nourriture, d\u2019eau potable et d\u2019autres fournitures aux citoyens de la ville. D\u2019autres ont lev\u00e9 des fonds pour venir en aide aux familles d\u00e9plac\u00e9es. Les Chaudronniers sont fiers de leur appartenance \u00e0 Fort McMurray et d\u2019avoir pu redonner \u00e0 la communaut\u00e9 qui leur a tant donn\u00e9.<\/p>\n<p>\u2022 Au cours des derni\u00e8res ann\u00e9es, le syndicat a fait don de 10 000 $ au St. Michael\u2019s Hospital de Toronto pour faire avancer la recherche sur le diab\u00e8te.<\/p>\n<p>\u2022 Le syndicat soutient les enfants plus jeunes par le biais de <a title=\"Visitez au site web du programme Sport Jeunesse Canada\" href=\"http:\/\/www.kidsportcanada.ca\/fr\/\" target=\"_blank\" rel=\"noopener\">Sport Jeunesse Canada<\/a>, qui aide les enfants \u00e0 participer \u00e0 des sports organis\u00e9s, et de <a title=\"Voyage de r\u00eave\" href=\"http:\/\/yeg.dreamstakeflight.ca\/\" target=\"_blank\" rel=\"noopener\">Voyage de r\u00eave<\/a>, qui permet \u00e0 des enfants aux prises avec des difficult\u00e9s de prendre leur envol pour Disneyland.<\/p>\n<p>\u2022 Les sections locales jouent un r\u00f4le actif au sein de leur communaut\u00e9 et versent des centaines de milliers de dollars chaque ann\u00e9e \u00e0 des \u0153uvres de bienfaisance en plus de soutenir les lev\u00e9es de fonds organis\u00e9es par leurs membres. \u00c0 Edmonton, la Section locale 146 a contribu\u00e9 500 000 $ \u00e0 la construction du <a title=\"Visitez le Building Trades of Alberta Courage Centre\" href=\"http:\/\/www.albertacarpenters.com\/bta-courage-centre\" target=\"_blank\" rel=\"noopener\">Building Trades of Alberta Courage Centre<\/a>, qui m\u00e8ne de la recherche sur les th\u00e9rapies de r\u00e9habilitation. Les Chaudronniers de la Section locale D366 ont amass\u00e9 plus de 20 000 $ pour la lutte contre le cancer dans le cadre d\u2019un tournoi de hockey de l\u2019aube au cr\u00e9puscule au profit du Princess Margaret Hospital de Toronto. John Gras de la Section locale 146 a parcouru 200 kilom\u00e8tres \u00e0 v\u00e9lo sur deux jours et a recueilli 21 375 $ aupr\u00e8s de ses confr\u00e8res et cons\u0153urs Chaudronniers entre autres au profit de <a title=\"Visitez le site web de l\u2019Alberta Cancer Foundation\" href=\"http:\/\/ab13.conquercancer.ca\/site\/PageServer?pagename=ab13_homepage\" target=\"_blank\" rel=\"noopener\">l\u2019Alberta Cancer Foundation<\/a>. D\u2019autres sections locales ont fait des dons \u00e0 des soci\u00e9t\u00e9s de soins palliatifs et des banques d\u2019alimentation locales entre plusieurs autres \u0153uvres de bienfaisance.<\/p>\n<p>Si votre \u0153uvre de bienfaisance souhaiterait b\u00e9n\u00e9ficier du soutien des Chaudronniers, n\u2019h\u00e9sitez pas \u00e0 <a title=\"Opens in this window or tab\" href=\"http:\/\/boilermaker.ca\/fr\/contactez-nous\/\">nous joindre<\/a>.<\/p>\n<\/div>\n<\/div><\/div><\/div><\/div><\/div>","protected":false},"excerpt":{"rendered":"","protected":false},"author":17,"featured_media":0,"parent":0,"menu_order":0,"comment_status":"closed","ping_status":"closed","template":"","meta":{"footnotes":""},"class_list":["post-3037","page","type-page","status-publish","hentry","post"],"_links":{"self":[{"href":"https:\/\/boilermaker.ca\/fr\/wp-json\/wp\/v2\/pages\/3037","targetHints":{"allow":["GET"]}}],"collection":[{"href":"https:\/\/boilermaker.ca\/fr\/wp-json\/wp\/v2\/pages"}],"about":[{"href":"https:\/\/boilermaker.ca\/fr\/wp-json\/wp\/v2\/types\/page"}],"author":[{"embeddable":true,"href":"https:\/\/boilermaker.ca\/fr\/wp-json\/wp\/v2\/users\/17"}],"replies":[{"embeddable":true,"href":"https:\/\/boilermaker.ca\/fr\/wp-json\/wp\/v2\/comments?post=3037"}],"version-history":[{"count":11,"href":"https:\/\/boilermaker.ca\/fr\/wp-json\/wp\/v2\/pages\/3037\/revisions"}],"predecessor-version":[{"id":14982,"href":"https:\/\/boilermaker.ca\/fr\/wp-json\/wp\/v2\/pages\/3037\/revisions\/14982"}],"wp:attachment":[{"href":"https:\/\/boilermaker.ca\/fr\/wp-json\/wp\/v2\/media?parent=3037"}],"curies":[{"name":"wp","href":"https:\/\/api.w.org\/{rel}","templated":true}]}}