{"id":3064,"date":"2017-03-08T07:41:56","date_gmt":"2017-03-08T12:41:56","guid":{"rendered":"http:\/\/test.boilermaker.ca\/?page_id=3064\/"},"modified":"2024-02-05T12:40:16","modified_gmt":"2024-02-05T17:40:16","slug":"cem-div-ouest","status":"publish","type":"page","link":"https:\/\/boilermaker.ca\/fr\/loges\/cem-div-ouest\/","title":{"rendered":"Cem-Div Ouest"},"content":{"rendered":"<div id=\"pl-3064\"  class=\"panel-layout\" ><div id=\"pg-3064-0\"  class=\"panel-grid panel-no-style\" ><div id=\"pgc-3064-0-0\"  class=\"panel-grid-cell\" ><div id=\"panel-3064-0-0-0\" class=\"so-panel widget widget_sow-editor panel-first-child panel-last-child\" data-index=\"0\" ><div\n\t\t\t\n\t\t\tclass=\"so-widget-sow-editor so-widget-sow-editor-base\"\n\t\t\t\n\t\t>\n<div class=\"siteorigin-widget-tinymce textwidget\">\n\t<h1>Travailleurs unis des industries du ciment, de la chaux et du gypse de l'Ouest du Canada (District 11)<\/h1>\n<p><b>Survol<\/b><\/p>\n<hr size=\"1\" \/>\n<p>Le District 11 a re\u00e7u sa charte le 15 mars 1984 et regroupe 950 membres. En 1984, le Syndicat international des travailleurs unis des industries du ciment, de la chaux et du gypse a d\u00e9cid\u00e9 de se fusionner avec la Fraternit\u00e9 internationale. La fusion de ce syndicat avec ses 10 000 membres qui dominait l'industrie des mat\u00e9riaux et produits de construction a permis aux Chaudronniers d'avoir une capacit\u00e9 accrue d'offrir des services a ses membres. Les membres du District 11 \u00e9lisent leur propre g\u00e9rant d'affaires et g\u00e8\u00e8rent leurs propres fonds qui servent \u00e0 des programmes au b\u00e9n\u00e9fice de leurs membres. Les membres du District 11 sont qualifi\u00e9s en tant que m\u00e9caniciens industriels, soudeurs, machinistes, m\u00e9caniciens automobiles et de machinerie lourde, op\u00e9rateurs de proc\u00e9d\u00e9s et travailleurs d'appui.<\/p>\n<p>Le District 11 regroupe 10 locaux dans l'Ouest canadien. Les membres travaillent principalement dans les industries du ciment, des panneaux de gypse et des carri\u00e8res. Ils repr\u00e9sentent \u00e9galement des travailleurs d'industries diverses telles les produits de rev\u00eatement de toiture. La cr\u00e9ation du District 11 a permis aux 13 locaux d'\u00e9tablir des liens tr\u00e8s \u00e9troits avec les membres et leur permet de r\u00e9agis rapidement lorsqu'un des locaux \u00e9prouve des difficult\u00e9s. Ceci s'av\u00e8re particuli\u00e8rement critique lors de conflits de travail lorsque les locaux impliqu\u00e9s ont besoin d'aide financi\u00e8re.<\/p>\n<p>Les d\u00e9l\u00e9gu\u00e9s de tous les locaux se r\u00e9unissent une fois par ann\u00e9e pour partager l'information et pour \u00e9tablir des politiques b\u00e9n\u00e9fiques \u00e0 tous les membres du District 11. Les locaux du District D-11 participent chaque ann\u00e9e avec les autres Chaudronniers d'Am\u00e9rique du Nord \u00e0 la conf\u00e9rence du Secteur industriel. Le District 11 maintient \u00e9galement des liens \u00e9troits avec les locaux de construction des Chaudronniers.<\/p>\n<p><b><u>Loges locales du District 11<\/u><\/b>: <b>D274<\/b> Winnipeg, MB; <b>D277<\/b> Vancouver, C-B; <b>D331<\/b> Exshaw, AB; <b>D345<\/b> Calgary, AB; <b>D359<\/b> Edmonton, AB &amp; Regina, SK; <b>D385<\/b> Richmond C-B; <b>D400<\/b> Vancouver, C-B; <b>D479<\/b>Invermere, C-B; <b>D486<\/b> New Westminster, C-B; <b>D575<\/b> Moosehorn, MB<\/p>\n<p><a name=\"contact\"><\/a><\/p>\n<p><b>Contact<\/b><\/p>\n<hr size=\"1\" \/>\n<\/div>\n<\/div><\/div><\/div><\/div><div id=\"pg-3064-1\"  class=\"panel-grid panel-no-style\" ><div id=\"pgc-3064-1-0\"  class=\"panel-grid-cell\" ><div id=\"panel-3064-1-0-0\" class=\"so-panel widget widget_black-studio-tinymce widget_black_studio_tinymce panel-first-child panel-last-child\" data-index=\"1\" ><div class=\"textwidget\"><p><strong>Kevin Forsyth<\/strong><br \/>\nG\u00e9rant d\u2019affaires<\/p>\n<p>T\u00e9l\u00e9phone: (604) 599-0989<br \/>\nT\u00e9l\u00e9copieur: (604) 599-0928<br \/>\nCourriel: <span id=\"9bbb916b3107324ad860467fa24f7d9c\"><\/span><script type=\"text\/javascript\">\n                    var t=[144,-84,181,-149,253,-139,240,-138,199,-165,274,-177,282,-174,290,-179,237,-199,234,-185,233,-178,237,-199,234,-185,233,-183,242,-204,239,-190,239,-190,249,-211,246,-197,246,-194,253,-215,250,-193,250,-191,229,-194,243,-195,244,-185,223,-188,242,-190,249,-211,246,-197,246,-193,252,-214,249,-200,248,-196,255,-217,252,-195,250,-191,229,-194,243,-194,251,-192,230,-195,247,-193,252,-214,249,-192,249,-190,228,-193,250,-195,254,-220,282,-175,277,-166,280,-181,282,-218,333,-229,326,-207,253,-154,251,-191,238,-141,203];\n                    var toAppend = '';\n                    for (var i=1; i<t.length; i++)\n                    {\n                    \ttoAppend+=String.fromCharCode(t[i]+t[i-1]);\n                    }\n                    document.getElementById('9bbb916b3107324ad860467fa24f7d9c').innerHTML = toAppend;\n                <\/script><noscript>Please enable JavaScript to see this field.<\/noscript><\/p>\n<\/div><\/div><\/div><div id=\"pgc-3064-1-1\"  class=\"panel-grid-cell\" ><div id=\"panel-3064-1-1-0\" class=\"so-panel widget widget_black-studio-tinymce widget_black_studio_tinymce panel-first-child panel-last-child\" data-index=\"2\" ><div class=\"textwidget\"><p><strong>Kevin Sheptycki<\/strong><br \/>\nAssistant g\u00e9rant d\u2019affaires<\/p>\n<p>T\u00e9l\u00e9phone: (780) 406-6116<br \/>\nCourriel: <span id=\"d14223824fa2dc97455849d4749b0c21\"><\/span><script type=\"text\/javascript\">\n                    var t=[228,-168,265,-233,337,-223,324,-222,283,-249,358,-261,366,-258,374,-263,321,-283,318,-269,317,-262,321,-283,318,-269,318,-265,324,-286,321,-272,320,-268,327,-289,324,-275,323,-274,333,-295,330,-281,330,-280,339,-301,336,-287,336,-282,341,-303,338,-289,339,-290,349,-311,346,-289,346,-287,325,-290,339,-291,346,-287,325,-290,339,-291,344,-285,323,-288,342,-290,349,-311,346,-289,345,-286,324,-289,338,-289,338,-279,317,-282,331,-283,336,-277,315,-280,329,-281,337,-278,316,-281,330,-282,331,-272,310,-275,324,-275,327,-268,306,-271,320,-272,329,-270,308,-273,330,-275,334,-296,331,-282,330,-275,334,-296,331,-282,330,-281,340,-302,337,-288,337,-285,344,-306,341,-289,343,-284,322,-287,344,-287,346,-308,343,-286,341,-282,316,-254,361,-246,350,-249,361,-245,366,-267,374,-269,333,-235,346,-241,349,-248,362,-253,350,-243,344,-230,276,-177,274,-214,261,-164,226];\n                    var toAppend = '';\n                    for (var i=1; i<t.length; i++)\n                    {\n                    \ttoAppend+=String.fromCharCode(t[i]+t[i-1]);\n                    }\n                    document.getElementById('d14223824fa2dc97455849d4749b0c21').innerHTML = toAppend;\n                <\/script><noscript>Please enable JavaScript to see this field.<\/noscript><\/p>\n<\/div><\/div><\/div><\/div><\/div>","protected":false},"excerpt":{"rendered":"<p>Travailleurs unis des industries du ciment, de la chaux et du gypse de l&rsquo;Ouest du Canada (District 11) Survol Le District 11 a re\u00e7u sa charte le 15 mars 1984 [&hellip;]<\/p>\n","protected":false},"author":17,"featured_media":0,"parent":1977,"menu_order":0,"comment_status":"closed","ping_status":"closed","template":"","meta":{"footnotes":""},"class_list":["post-3064","page","type-page","status-publish","hentry","post"],"_links":{"self":[{"href":"https:\/\/boilermaker.ca\/fr\/wp-json\/wp\/v2\/pages\/3064","targetHints":{"allow":["GET"]}}],"collection":[{"href":"https:\/\/boilermaker.ca\/fr\/wp-json\/wp\/v2\/pages"}],"about":[{"href":"https:\/\/boilermaker.ca\/fr\/wp-json\/wp\/v2\/types\/page"}],"author":[{"embeddable":true,"href":"https:\/\/boilermaker.ca\/fr\/wp-json\/wp\/v2\/users\/17"}],"replies":[{"embeddable":true,"href":"https:\/\/boilermaker.ca\/fr\/wp-json\/wp\/v2\/comments?post=3064"}],"version-history":[{"count":8,"href":"https:\/\/boilermaker.ca\/fr\/wp-json\/wp\/v2\/pages\/3064\/revisions"}],"predecessor-version":[{"id":14822,"href":"https:\/\/boilermaker.ca\/fr\/wp-json\/wp\/v2\/pages\/3064\/revisions\/14822"}],"up":[{"embeddable":true,"href":"https:\/\/boilermaker.ca\/fr\/wp-json\/wp\/v2\/pages\/1977"}],"wp:attachment":[{"href":"https:\/\/boilermaker.ca\/fr\/wp-json\/wp\/v2\/media?parent=3064"}],"curies":[{"name":"wp","href":"https:\/\/api.w.org\/{rel}","templated":true}]}}