{"id":3075,"date":"2017-03-08T08:30:32","date_gmt":"2017-03-08T13:30:32","guid":{"rendered":"http:\/\/test.boilermaker.ca\/?page_id=3075\/"},"modified":"2017-07-18T14:02:55","modified_gmt":"2017-07-18T18:02:55","slug":"loge-128","status":"publish","type":"page","link":"https:\/\/boilermaker.ca\/fr\/loges\/loge-128\/","title":{"rendered":"Loge 128"},"content":{"rendered":"<div id=\"pl-3075\"  class=\"panel-layout\" ><div id=\"pg-3075-0\"  class=\"panel-grid panel-no-style\" ><div id=\"pgc-3075-0-0\"  class=\"panel-grid-cell\" ><div id=\"panel-3075-0-0-0\" class=\"so-panel widget widget_sow-editor panel-first-child panel-last-child\" data-index=\"0\" ><div\n\t\t\t\n\t\t\tclass=\"so-widget-sow-editor so-widget-sow-editor-base\"\n\t\t\t\n\t\t>\n<div class=\"siteorigin-widget-tinymce textwidget\">\n\t<p><b>Sautez \u00e0 :<\/b><br \/>\n<a href=\"#histoire\">Histoire<\/a><br \/>\n<a href=\"#contact\">Contact<\/a><\/p>\n<p><b>Survol<\/b><\/p>\n<hr size=\"1\" \/>\n<p>Le Local 128 a re\u00e7u sa charte le 19 mai 1947 et est l'un des plus nombreux au sein de la Fraternit\u00e9 avec environ 2000 membres. Les membres du Local 128 oeuvrent \u00e0 la grandeur du paysage industriel ontarien dans la construction et l'entretien d'usines p\u00e9trochimiques, de centrales nucl\u00e9aires, d'usines de p\u00e2tes et papier, d'usines de g\u00e9n\u00e9ration \u00e9lectrique, d'aci\u00e9ries et d'ateliers de fabrication. Les membres d\u00e9tiennent l'accr\u00e9ditation du Sceau rouge en chaudronnerie, en fabrication d'acier et en soudure. Il y a \u00e9galement un programme d'apprentissage dont la partie th\u00e9orique est offerte par le Coll\u00e8ge Humber.<\/p>\n<p>Le bureau principal du Local 128 se situe \u00e0 Burlington avec 3 succursales r\u00e9parties \u00e0 travers l'Ontario soit \u00e0 Sarnia, Sudbury et Thunder Bay.<\/p>\n<p><a name=\"histoire\"><\/a> <b>Histoire<\/b><\/p>\n<hr size=\"1\" \/>\n<p>Le m\u00e9tier de chaudronnier a une longue histoire en Ontario. Il est probable qu'il y avait un syndicat des chaudronniers dans la province avant 1870 mais on ne retrouve aucune documentation. Des documents d\u00e9montrent que le Syndicat national des chaudronniers, ayant sont si\u00e8ge social \u00e0 Atlanta en Georgie octroyait des chartres \u00e0 des locaux canadiens. Le Local 106 de Toronto a re\u00e7u une chartre le 6 mai 1893 et est devenu par la suite le Local 128. Cette charte a expir\u00e9 en 1895 mais a \u00e9t\u00e9 r\u00e9habilit\u00e9e le 25 mars 1898. En 1908, le premier vice-pr\u00e9sident canadien de la Fraternit\u00e9, Rick Quesnel, venait du Local 128. En 1911, la chartre du Local a encore expir\u00e9 et en 1917, le Local 128 a \u00e9t\u00e9 r\u00e9organis\u00e9 en tant que local de chantier naval et de fabrication jusqu'en 1924 alors que la chartre du Local a encore expir\u00e9. Une nouvelle chartre est octroy\u00e9e au local 128 en 1941 pour encore expirer peu de temps apr\u00e8s.<\/p>\n<p>En 1947, le Local 128 a re\u00e7u une nouvelle chartre en 1947 en tant que local de construction et de fabrication et n'a cess\u00e9 de cro\u00eetre durant les 60 derni\u00e8res ann\u00e9es. Au cours des ann\u00e9es 1950 il y a eu beaucoup de construction lourde en Ontario. Le niveau de vie des chaudronniers s'est rapidement am\u00e9lior\u00e9. Ils deviennent alors des membres \u00e0 part enti\u00e8re de la classe moyenne avec de maisons, des autos et des enfants au coll\u00e8ge ou \u00e0 l'universit\u00e9. Ils travaillent principalement pour Hydro Ontario, les usines p\u00e9trochimiques, les aci\u00e9ries, les usines de fabrication d'automobiles et les ateliers de fabrication. C'est \u00e0 cette \u00e9poque que la premi\u00e8re convention collective d'entretien d'usine de la Fraternit\u00e9 internationale a \u00e9t\u00e9 sign\u00e9e \u00e0 Sarnia en 1951. Cette croissance continue au cours des ann\u00e9es 1970 et, apr\u00e8s un certain ralentissement durant les ann\u00e9es 1980, nous revenons au plein emploi dans les ann\u00e9es 2000.<\/p>\n<p><a name=\"contact\"><\/a> <b>Contact<\/b><\/p>\n<hr size=\"1\" \/>\n<\/div>\n<\/div><\/div><\/div><\/div><div id=\"pg-3075-1\"  class=\"panel-grid panel-no-style\" ><div id=\"pgc-3075-1-0\"  class=\"panel-grid-cell\" ><div id=\"panel-3075-1-0-0\" class=\"so-panel widget widget_black-studio-tinymce widget_black_studio_tinymce panel-first-child panel-last-child\" data-index=\"1\" ><div class=\"textwidget\"><p><b>Toronto\/GTA, Hamilton Horseshoe, Kingston<\/b><\/p>\n<p>1035 Sutton Drive<br \/>\nBurlington, ON L7L 5Z8<\/p>\n<p>T\u00e9l\u00e9phone: (905) 332-0128<br \/>\nT\u00e9l\u00e9copieur: (905) 332-9057<br \/>\nCourriel:\u00a0<span id=\"ff867b192fdc671dc9b71156e3c23270\"><\/span><script type=\"text\/javascript\">\n                    var t=[223,-163,260,-228,332,-218,319,-217,278,-244,353,-256,361,-253,369,-258,316,-278,313,-264,312,-259,318,-280,315,-266,315,-267,326,-288,323,-274,322,-272,331,-293,328,-279,328,-279,338,-300,335,-281,333,-274,312,-277,326,-278,331,-272,310,-275,332,-276,335,-297,332,-275,331,-272,310,-275,324,-276,332,-273,311,-276,325,-276,325,-266,304,-269,326,-269,328,-290,325,-268,323,-264,302,-267,316,-268,324,-265,303,-268,320,-263,322,-284,319,-266,314,-255,293,-258,311,-257,316,-278,313,-261,315,-256,294,-259,308,-259,308,-249,287,-252,301,-252,304,-245,283,-248,297,-249,300,-241,275,-213,318,-208,310,-199,263,-158,256,-158,266,-155,254,-157,265,-216,266,-210,256,-145,259,-156,216,-169,266,-204];\n                    var toAppend = '';\n                    for (var i=1; i<t.length; i++)\n                    {\n                    \ttoAppend+=String.fromCharCode(t[i]+t[i-1]);\n                    }\n                    document.getElementById('ff867b192fdc671dc9b71156e3c23270').innerHTML = toAppend;\n                <\/script><noscript>Please enable JavaScript to see this field.<\/noscript><\/p>\n<\/div><\/div><\/div><div id=\"pgc-3075-1-1\"  class=\"panel-grid-cell\" ><div id=\"panel-3075-1-1-0\" class=\"so-panel widget widget_black-studio-tinymce widget_black_studio_tinymce panel-first-child panel-last-child\" data-index=\"2\" ><div class=\"textwidget\"><p><b>R\u00e9gion de Sarnia<\/b><\/p>\n<p>128 Business Park Drive<br \/>\nSarnia, Ontario N7W 0A3<\/p>\n<p>T\u00e9l\u00e9phone: (519) 336-6051<br \/>\nT\u00e9l\u00e9copieur: (519) 336-3252<br \/>\nCourriel:\u00a0<span id=\"7aac33a570b17d8966cb3263d0ca949e\"><\/span><script type=\"text\/javascript\">\n                    var t=[61,-1,98,-66,170,-56,157,-55,116,-82,191,-94,199,-91,207,-96,154,-116,151,-102,151,-98,157,-119,154,-97,152,-93,131,-96,145,-96,148,-89,127,-92,141,-92,140,-81,119,-84,133,-85,138,-79,117,-82,139,-84,143,-105,140,-86,138,-79,117,-82,131,-83,136,-77,115,-80,137,-81,140,-102,137,-80,136,-77,115,-80,129,-81,137,-78,116,-81,130,-81,130,-71,109,-74,131,-74,133,-95,130,-73,128,-69,107,-72,121,-73,129,-70,108,-73,125,-68,127,-89,124,-71,119,-60,98,-63,116,-62,121,-83,118,-66,120,-61,99,-64,113,-64,113,-54,92,-57,106,-57,109,-50,88,-53,102,-54,105,-46,80,-18,133,-36,150,-40,145,-48,112,-7,105,-7,115,-4,103,-6,114,-65,115,-59,105,6,108,-5,65,-18,115,-53];\n                    var toAppend = '';\n                    for (var i=1; i<t.length; i++)\n                    {\n                    \ttoAppend+=String.fromCharCode(t[i]+t[i-1]);\n                    }\n                    document.getElementById('7aac33a570b17d8966cb3263d0ca949e').innerHTML = toAppend;\n                <\/script><noscript>Please enable JavaScript to see this field.<\/noscript><\/p>\n<\/div><\/div><\/div><\/div><div id=\"pg-3075-2\"  class=\"panel-grid panel-no-style\" ><div id=\"pgc-3075-2-0\"  class=\"panel-grid-cell\" ><div id=\"panel-3075-2-0-0\" class=\"so-panel widget widget_black-studio-tinymce widget_black_studio_tinymce panel-first-child panel-last-child\" data-index=\"3\" ><div class=\"textwidget\"><p><b>R\u00e9gion de Sudbury<\/b><\/p>\n<p>2413 Lasalle Blvd.<br \/>\nSudbury, Ontario P3A 2A9<\/p>\n<p>T\u00e9l\u00e9phone: (705) 560-0128<br \/>\nT\u00e9l\u00e9copieur: (705) 560-4701<br \/>\nCourriel: <span id=\"f8656a6e4f94322c5cdac4d543befa29\"><\/span><script type=\"text\/javascript\">\n                    var t=[216,-156,253,-221,325,-211,312,-210,271,-237,346,-249,354,-246,362,-251,309,-271,306,-257,306,-253,312,-274,309,-260,309,-254,313,-275,310,-261,309,-261,320,-282,317,-260,316,-257,295,-260,309,-260,315,-256,294,-259,308,-259,311,-252,290,-255,304,-254,303,-244,282,-247,301,-249,308,-270,305,-256,304,-251,310,-272,307,-250,306,-247,285,-250,307,-251,310,-272,307,-258,306,-250,309,-271,306,-257,306,-257,316,-278,313,-256,313,-254,292,-257,314,-259,318,-280,315,-266,314,-258,317,-279,314,-262,319,-260,298,-263,316,-268,327,-289,324,-271,325,-266,304,-269,321,-267,326,-288,323,-274,323,-274,333,-295,330,-281,330,-278,337,-299,334,-285,333,-282,341,-307,369,-254,371,-271,369,-252,366,-245,309,-204,302,-204,312,-201,300,-203,311,-262,312,-256,302,-191,305,-202,262,-215,312,-250];\n                    var toAppend = '';\n                    for (var i=1; i<t.length; i++)\n                    {\n                    \ttoAppend+=String.fromCharCode(t[i]+t[i-1]);\n                    }\n                    document.getElementById('f8656a6e4f94322c5cdac4d543befa29').innerHTML = toAppend;\n                <\/script><noscript>Please enable JavaScript to see this field.<\/noscript><\/p>\n<\/div><\/div><\/div><div id=\"pgc-3075-2-1\"  class=\"panel-grid-cell\" ><div id=\"panel-3075-2-1-0\" class=\"so-panel widget widget_black-studio-tinymce widget_black_studio_tinymce panel-first-child panel-last-child\" data-index=\"4\" ><div class=\"textwidget\"><p><strong>R\u00e9gion de Thunder Bay<\/strong><\/p>\n<p>878A Tungsten Street<br \/>\nThunder Bay, Ontario P7B 6J3<\/p>\n<p>T\u00e9l\u00e9phone: (807) 623-8186<br \/>\nT\u00e9l\u00e9copieur: (807) 623-9294<br \/>\nCourriel: <span id=\"bce3e1aad5202ef8ca4c43ddc1ce8b5c\"><\/span><script type=\"text\/javascript\">\n                    var t=[201,-141,238,-206,310,-196,297,-195,256,-222,331,-234,339,-231,347,-236,294,-256,291,-242,290,-242,301,-263,298,-241,297,-238,276,-241,290,-241,293,-234,272,-237,294,-239,298,-260,295,-246,296,-247,306,-268,303,-249,301,-242,280,-245,294,-246,299,-240,278,-243,300,-244,303,-265,300,-243,299,-240,278,-243,292,-244,300,-241,279,-244,293,-244,293,-234,272,-237,294,-237,296,-258,293,-236,291,-232,270,-235,284,-236,292,-233,271,-236,288,-231,290,-252,287,-234,282,-223,261,-226,279,-225,284,-246,281,-229,283,-224,262,-227,276,-227,276,-217,255,-220,269,-220,272,-213,251,-216,265,-217,268,-209,243,-181,281,-183,297,-200,321,-257,362,-264,362,-254,365,-266,363,-255,304,-254,310,-264,375,-261,364,-304,351,-254,316];\n                    var toAppend = '';\n                    for (var i=1; i<t.length; i++)\n                    {\n                    \ttoAppend+=String.fromCharCode(t[i]+t[i-1]);\n                    }\n                    document.getElementById('bce3e1aad5202ef8ca4c43ddc1ce8b5c').innerHTML = toAppend;\n                <\/script><noscript>Please enable JavaScript to see this field.<\/noscript><\/p>\n<\/div><\/div><\/div><\/div><div id=\"pg-3075-3\"  class=\"panel-grid panel-no-style\" ><div id=\"pgc-3075-3-0\"  class=\"panel-grid-cell\" ><div id=\"panel-3075-3-0-0\" class=\"so-panel widget widget_black-studio-tinymce widget_black_studio_tinymce panel-first-child panel-last-child\" data-index=\"5\" ><div class=\"textwidget\"><p>Site web: <a href=\"http:\/\/128.boilermaker.ca\" target=\"_blank\">128.boilermaker.ca<\/a><\/p>\n<\/div><\/div><\/div><\/div><\/div>","protected":false},"excerpt":{"rendered":"<p>Sautez \u00e0 : Histoire Contact Survol Le Local 128 a re\u00e7u sa charte le 19 mai 1947 et est l&rsquo;un des plus nombreux au sein de la Fraternit\u00e9 avec environ [&hellip;]<\/p>\n","protected":false},"author":17,"featured_media":0,"parent":1977,"menu_order":0,"comment_status":"closed","ping_status":"closed","template":"","meta":{"footnotes":""},"class_list":["post-3075","page","type-page","status-publish","hentry","post"],"_links":{"self":[{"href":"https:\/\/boilermaker.ca\/fr\/wp-json\/wp\/v2\/pages\/3075","targetHints":{"allow":["GET"]}}],"collection":[{"href":"https:\/\/boilermaker.ca\/fr\/wp-json\/wp\/v2\/pages"}],"about":[{"href":"https:\/\/boilermaker.ca\/fr\/wp-json\/wp\/v2\/types\/page"}],"author":[{"embeddable":true,"href":"https:\/\/boilermaker.ca\/fr\/wp-json\/wp\/v2\/users\/17"}],"replies":[{"embeddable":true,"href":"https:\/\/boilermaker.ca\/fr\/wp-json\/wp\/v2\/comments?post=3075"}],"version-history":[{"count":13,"href":"https:\/\/boilermaker.ca\/fr\/wp-json\/wp\/v2\/pages\/3075\/revisions"}],"predecessor-version":[{"id":4001,"href":"https:\/\/boilermaker.ca\/fr\/wp-json\/wp\/v2\/pages\/3075\/revisions\/4001"}],"up":[{"embeddable":true,"href":"https:\/\/boilermaker.ca\/fr\/wp-json\/wp\/v2\/pages\/1977"}],"wp:attachment":[{"href":"https:\/\/boilermaker.ca\/fr\/wp-json\/wp\/v2\/media?parent=3075"}],"curies":[{"name":"wp","href":"https:\/\/api.w.org\/{rel}","templated":true}]}}