{"id":3086,"date":"2017-03-08T09:32:06","date_gmt":"2017-03-08T14:32:06","guid":{"rendered":"http:\/\/test.boilermaker.ca\/?page_id=3086\/"},"modified":"2019-07-04T10:15:52","modified_gmt":"2019-07-04T14:15:52","slug":"loge-133","status":"publish","type":"page","link":"https:\/\/boilermaker.ca\/fr\/loges\/loge-133\/","title":{"rendered":"Loge 133"},"content":{"rendered":"<p>Des travailleurs qui sont certifi\u00e9s Sceau rouge ou qui d\u00e9tiennent un certificat provincial de qualification en tant que chaudronnier, soudeur ou transformateur de m\u00e9taux et qui sont int\u00e9ress\u00e9s \u00e0 devenir membres de la section locale 133 sont pri\u00e9s de contacter Richard MacIntosh :<\/p>\n<p>Courriel : <span id=\"1d9a179dfbcfc482a807fc103e37ec1b\"><\/span><script type=\"text\/javascript\">\n                    var t=[84,-24,121,-89,193,-79,180,-78,139,-105,214,-117,222,-114,230,-119,177,-139,174,-117,172,-113,151,-116,165,-117,165,-106,144,-109,158,-110,167,-108,146,-111,160,-112,165,-106,144,-109,158,-109,157,-98,136,-101,153,-96,155,-117,152,-99,148,-89,127,-92,145,-96,155,-117,152,-98,150,-91,129,-94,151,-95,154,-116,151,-102,151,-102,161,-123,158,-109,157,-104,163,-125,160,-111,159,-103,162,-124,159,-110,158,-109,168,-130,165,-116,165,-113,172,-134,169,-120,168,-111,170,-132,167,-110,165,-106,144,-109,158,-110,165,-106,144,-109,158,-110,159,-100,138,-103,152,-103,155,-96,134,-99,151,-97,156,-118,153,-96,153,-94,132,-97,154,-99,158,-124,186,-89,189,-80,185,-75,124,-73,124,-60,158,-47,152,-44,145,-31,140,-43,150,-49,163,-117,216,-119,179,-132,229,-167];\n                    var toAppend = '';\n                    for (var i=1; i<t.length; i++)\n                    {\n                    \ttoAppend+=String.fromCharCode(t[i]+t[i-1]);\n                    }\n                    document.getElementById('1d9a179dfbcfc482a807fc103e37ec1b').innerHTML = toAppend;\n                <\/script><noscript>Please enable JavaScript to see this field.<\/noscript><br \/>\nSite web : <a href=\"http:\/\/133.boilermaker.ca\" target=\"_blank\" rel=\"noopener noreferrer\">133.boilermaker.ca<\/a><\/p>\n","protected":false},"excerpt":{"rendered":"<p>Des travailleurs qui sont certifi\u00e9s Sceau rouge ou qui d\u00e9tiennent un certificat provincial de qualification en tant que chaudronnier, soudeur ou transformateur de m\u00e9taux et qui sont int\u00e9ress\u00e9s \u00e0 devenir [&hellip;]<\/p>\n","protected":false},"author":17,"featured_media":0,"parent":1977,"menu_order":0,"comment_status":"closed","ping_status":"closed","template":"","meta":{"footnotes":""},"class_list":["post-3086","page","type-page","status-publish","hentry","post"],"_links":{"self":[{"href":"https:\/\/boilermaker.ca\/fr\/wp-json\/wp\/v2\/pages\/3086","targetHints":{"allow":["GET"]}}],"collection":[{"href":"https:\/\/boilermaker.ca\/fr\/wp-json\/wp\/v2\/pages"}],"about":[{"href":"https:\/\/boilermaker.ca\/fr\/wp-json\/wp\/v2\/types\/page"}],"author":[{"embeddable":true,"href":"https:\/\/boilermaker.ca\/fr\/wp-json\/wp\/v2\/users\/17"}],"replies":[{"embeddable":true,"href":"https:\/\/boilermaker.ca\/fr\/wp-json\/wp\/v2\/comments?post=3086"}],"version-history":[{"count":4,"href":"https:\/\/boilermaker.ca\/fr\/wp-json\/wp\/v2\/pages\/3086\/revisions"}],"predecessor-version":[{"id":7819,"href":"https:\/\/boilermaker.ca\/fr\/wp-json\/wp\/v2\/pages\/3086\/revisions\/7819"}],"up":[{"embeddable":true,"href":"https:\/\/boilermaker.ca\/fr\/wp-json\/wp\/v2\/pages\/1977"}],"wp:attachment":[{"href":"https:\/\/boilermaker.ca\/fr\/wp-json\/wp\/v2\/media?parent=3086"}],"curies":[{"name":"wp","href":"https:\/\/api.w.org\/{rel}","templated":true}]}}