{"id":3088,"date":"2017-03-08T09:42:00","date_gmt":"2017-03-08T14:42:00","guid":{"rendered":"http:\/\/test.boilermaker.ca\/?page_id=3088\/"},"modified":"2017-07-18T14:07:51","modified_gmt":"2017-07-18T18:07:51","slug":"loge-146","status":"publish","type":"page","link":"https:\/\/boilermaker.ca\/fr\/loges\/loge-146\/","title":{"rendered":"Loge 146"},"content":{"rendered":"<div id=\"pl-3088\"  class=\"panel-layout\" ><div id=\"pg-3088-0\"  class=\"panel-grid panel-no-style\" ><div id=\"pgc-3088-0-0\"  class=\"panel-grid-cell\" ><div id=\"panel-3088-0-0-0\" class=\"so-panel widget widget_sow-editor panel-first-child panel-last-child\" data-index=\"0\" ><div\n\t\t\t\n\t\t\tclass=\"so-widget-sow-editor so-widget-sow-editor-base\"\n\t\t\t\n\t\t>\n<div class=\"siteorigin-widget-tinymce textwidget\">\n\t<p><b>Sautez \u00e0 :<\/b><br \/>\n<a href=\"#histoire\">Histoire<\/a><br \/>\n<a href=\"#entrepreneurs\">Entrepreneurs<\/a><br \/>\n<a href=\"#chantiers\">Grands chantiers<\/a><br \/>\n<a href=\"#formation\">Cours de formation<\/a><br \/>\n<a href=\"#bourses\">Boursess<\/a><br \/>\n<a href=\"#r\u00e9alisations\">R\u00e9alisations<\/a><br \/>\n<a href=\"#\u00e9v\u00e9nements\">\u00c9v\u00e9nements<\/a><br \/>\n<a href=\"#communautaire\">Travail communautaire<\/a><br \/>\n<a href=\"#contact\">Contact<\/a><\/p>\n<p><b>Survol<\/b><\/p>\n<hr size=\"1\" \/>\n<p>Situ\u00e9 au cour du \u00ab pays du p\u00e9trole \u00bb, le Local 146 fournit des chaudronniers aux \u00e9normes chantiers des sables bitumineux \u00e0 Fort McMurray de m\u00eame qu'\u00e0 plusieurs raffineries et usines de produits p\u00e9trochimiques, usines de p\u00e2tes et papier, usine de g\u00e9n\u00e9ration d'\u00e9nergie \u00e9lectrique et aux ateliers de fabrication de l'Alberta.<\/p>\n<p>Le Local 146 a re\u00e7u sa charte en mai 1948 et comptait alors 60 membres. Le nombre de membre n'a cess\u00e9 de cro\u00eetre pour atteindre 3 800 aujourd'hui. Notre petit nombre de membres se rencontrait dans divers locaux lou\u00e9s jusqu'\u00e0 ce que nous construisions notre premier bureau syndical et centre de formation au d\u00e9but des ann\u00e9es 1970.<\/p>\n<p>En mai 2003, le Local 146 a pris possession de locaux de fine pointe renfermant un centre de formation de 13 000 pi2 avec 8 000 pi2 d'atelier de soudure, de salles de classe et d'un laboratoire d'informatique.<\/p>\n<p><a name=\"histoire\"><\/a> <b>Histoire<\/b><\/p>\n<hr size=\"1\" \/>\n<p>Situ\u00e9 au cour du \u00ab pays du p\u00e9trole \u00bb, le Local 146 fournit des chaudronniers aux \u00e9normes chantiers des sables bitumineux \u00e0 Fort McMurray de m\u00eame qu'\u00e0 plusieurs raffineries et usines de produits p\u00e9trochimiques, usines de p\u00e2tes et papier, usine de g\u00e9n\u00e9ration d'\u00e9nergie \u00e9lectrique et aux ateliers de fabrication de l'Alberta.<\/p>\n<p>Le Local 146 a re\u00e7u sa charte en mai 1948 et comptait alors 60 membres. Le nombre de membre n'a cess\u00e9 de cro\u00eetre pour atteindre 3 800 aujourd'hui. Notre petit nombre de membres se rencontrait dans divers locaux lou\u00e9s jusqu'\u00e0 ce que nous construisions notre premier bureau syndical et centre de formation au d\u00e9but des ann\u00e9es 1970.<\/p>\n<p>En mai 2003, le Local 146 a pris possession de locaux de fine pointe renfermant un centre de formation de 13 000 pi2 avec 8 000 pi2 d'atelier de soudure, de salles de classe et d'un laboratoire d'informatique.<\/p>\n<p><a name=\"entrepreneurs\"><\/a> <b>Quelques-uns de nos entrepreneurs<\/b><\/p>\n<hr size=\"1\" \/>\n<table>\n<tbody>\n<tr>\n<td width=\"300px\"><b>Employeurs d'atelier<\/b><\/td>\n<td><b>Employeurs de construction<\/b><\/td>\n<\/tr>\n<tr>\n<td>Alberta Exchanger, Edmonton<\/td>\n<td>Alstom Power<\/td>\n<\/tr>\n<tr>\n<td>Alberta Custom Pipe Bending, Edmonton<\/td>\n<td>Babcock &amp; Wilcox<\/td>\n<\/tr>\n<tr>\n<td>Altex Industries, Edmonton<\/td>\n<td>Bantrel<\/td>\n<\/tr>\n<tr>\n<td>Cessco Fabrication<\/td>\n<td>Brown &amp; Root<\/td>\n<\/tr>\n<tr>\n<td>Corlac Industries, Lloydminster<\/td>\n<td>Canadian Erectors (TIW)<\/td>\n<\/tr>\n<tr>\n<td>Dacro Industries, Edmonton<\/td>\n<td>Cessco Fabrication<\/td>\n<\/tr>\n<tr>\n<td>Edmonton Exchanger, Edmonton<\/td>\n<td>Edmonton Exchanger &amp; Refinery Services<\/td>\n<\/tr>\n<tr>\n<td>Larsen D'Amico<\/td>\n<td>Fluor<\/td>\n<\/tr>\n<tr>\n<td>Maloney Industries, Calgary<\/td>\n<td>Horton CBI<\/td>\n<\/tr>\n<tr>\n<td>Melloy, Nisku<\/td>\n<td>Jacobs Catalytic<\/td>\n<\/tr>\n<tr>\n<td>TIW Western, Calgary<\/td>\n<td>Lockerbie &amp; Hole<\/td>\n<\/tr>\n<tr>\n<td>Universal Industries, Lloydminster<\/td>\n<td>Melloy Industrial<\/td>\n<\/tr>\n<tr>\n<td>Universal Industries, Calgary<\/td>\n<td><\/td>\n<\/tr>\n<\/tbody>\n<\/table>\n<p><a name=\"chantiers\"><\/a> <b>Grands chantiers<\/b><\/p>\n<hr size=\"1\" \/>\n<p>La liste suivante \u00e9num\u00e8re quelques-uns des grands chantiers construits et entretenus par les membres du Local 146 :<\/p>\n<ul>\n<li>Syncrude<\/li>\n<li>Suncor<\/li>\n<li>Albion Sands<\/li>\n<li>Dow Chemical<\/li>\n<li>Petro Canada Refinery Edmonton<\/li>\n<li>Genesee Power Generating Station<\/li>\n<li>Sundance Power Generating Station<\/li>\n<li>Sheerness Power Generating Station<\/li>\n<li>Weyerhauser Pulp Mill - Grande Prairie<\/li>\n<li>Shell Refinery - Caroline<\/li>\n<\/ul>\n<p><a name=\"formation\"><\/a> <b>Programmes et cours de formation<\/b><\/p>\n<hr size=\"1\" \/>\n<p>Avec 4 instructeurs \u00e0 plein temps, nous avons la capacit\u00e9 de former nos membres dans tous les aspects du m\u00e9tier.<\/p>\n<ul>\n<li>Cours de base et de perfectionnement de soudeur de classe \"B\"<\/li>\n<li>Cours de base et de perfectionnement de soudeur TIG<\/li>\n<li>SAW\/FCAW\/GTAW<\/li>\n<li>S\u00e9minaire ASME Section IX<\/li>\n<li>Lecture de bleus<\/li>\n<li>Fixation et installation de chaudi\u00e8re<\/li>\n<li>Montage d'appareils de levage (de base et avanc\u00e9)<\/li>\n<li>\u00c9changeur de chaleur<\/li>\n<li>Formation de repr\u00e9sentant de chantier<\/li>\n<li>Formation de s\u00e9curit\u00e9 de construction (cours informatis\u00e9)<\/li>\n<li>Sensibilisation aux espaces clos (cours informatis\u00e9)<\/li>\n<li>Sensibilisation au H2S (cours informatis\u00e9)<\/li>\n<\/ul>\n<p><a name=\"bourses\"><\/a> <b>Bourses<\/b><\/p>\n<hr size=\"1\" \/>\n<ul>\n<li>Prix Rod Springer - d\u00e9cern\u00e9 \u00e0 l'apprenti qui obtient les meilleures notes<\/li>\n<li>Bourse du Syndicat international<\/li>\n<\/ul>\n<p><a name=\"r\u00e9alisations\"><\/a> <b>R\u00e9alisations<\/b><\/p>\n<hr size=\"1\" \/>\n<ul>\n<li>R\u00e9cipiendaire du Prix de l'esprit \"Can-Do\" de la Fraternit\u00e9 internationale (1994)<\/li>\n<\/ul>\n<p><a name=\"\u00e9v\u00e9nements\"><\/a> <b>\u00c9v\u00e9nements<\/b><\/p>\n<hr size=\"1\" \/>\n<p>Le Local 146 tient de nombreux \u00e9v\u00e9nements tout au long de l'ann\u00e9e :<\/p>\n<p>Janvier : Banquet annuel de la remise des prix<br \/>\nJuin : Pique-nique familial annuel<br \/>\nJuillet : Tournoi de golf annuel<br \/>\nAo\u00fbt : Exposition charitable d'automobiles<br \/>\nNovembre : Soir\u00e9e familiale - Galaxy Land<br \/>\nD\u00e9cembre : F\u00eate familiale de No\u00ebl<\/p>\n<p><a name=\"communautaire\"><\/a> <b>Travail communautaire<\/b><\/p>\n<hr size=\"1\" \/>\n<p>Des contributions financi\u00e8res et du b\u00e9n\u00e9volat pour :<\/p>\n<ul>\n<li>La recherche sur le diab\u00e8te<\/li>\n<li>La Western Guide Dog Foundation<\/li>\n<\/ul>\n<p>Le comit\u00e9 des dons choisit les oeuvres charitables du grand nombre de demandes re\u00e7ues chaque ann\u00e9e.<\/p>\n<p><a name=\"contact\"><\/a> <b>Contact Information<\/b><\/p>\n<hr size=\"1\" \/>\n<\/div>\n<\/div><\/div><\/div><\/div><div id=\"pg-3088-1\"  class=\"panel-grid panel-no-style\" ><div id=\"pgc-3088-1-0\"  class=\"panel-grid-cell\" ><div id=\"panel-3088-1-0-0\" class=\"so-panel widget widget_black-studio-tinymce widget_black_studio_tinymce panel-first-child panel-last-child\" data-index=\"1\" ><div class=\"textwidget\"><p><strong>Edmonton<\/strong><\/p>\n<p>15220 - 114 Avenue<br \/>\nEdmonton, AB T5M 2Z2<\/p>\n<p>T\u00e9l\u00e9phone: (780) 451-5992<br \/>\nT\u00e9l\u00e9copieur: (780) 451-3927<\/p>\n<\/div><\/div><\/div><div id=\"pgc-3088-1-1\"  class=\"panel-grid-cell\" ><div id=\"panel-3088-1-1-0\" class=\"so-panel widget widget_black-studio-tinymce widget_black_studio_tinymce panel-first-child panel-last-child\" data-index=\"2\" ><div class=\"textwidget\"><p><strong>Calgary<\/strong><\/p>\n<p>11055 - 48 Street, SE<br \/>\nCalgary, AB T2C 1G8<\/p>\n<p>T\u00e9l\u00e9phone: (403) 253-6976<br \/>\nT\u00e9l\u00e9copieur: (403) 252-4187<\/p>\n<\/div><\/div><\/div><\/div><div id=\"pg-3088-2\"  class=\"panel-grid panel-no-style\" ><div id=\"pgc-3088-2-0\"  class=\"panel-grid-cell\" ><div id=\"panel-3088-2-0-0\" class=\"so-panel widget widget_black-studio-tinymce widget_black_studio_tinymce panel-first-child panel-last-child\" data-index=\"3\" ><div class=\"textwidget\"><p>Site web: <a href=\"http:\/\/boilermakers.ca\" target=\"_blank\">boilermakers.ca<\/a><\/p>\n<\/div><\/div><\/div><\/div><\/div>","protected":false},"excerpt":{"rendered":"<p>Sautez \u00e0 : Histoire Entrepreneurs Grands chantiers Cours de formation Boursess R\u00e9alisations \u00c9v\u00e9nements Travail communautaire Contact Survol Situ\u00e9 au cour du \u00ab pays du p\u00e9trole \u00bb, le Local 146 fournit [&hellip;]<\/p>\n","protected":false},"author":17,"featured_media":0,"parent":1977,"menu_order":0,"comment_status":"closed","ping_status":"closed","template":"","meta":{"footnotes":""},"class_list":["post-3088","page","type-page","status-publish","hentry","post"],"_links":{"self":[{"href":"https:\/\/boilermaker.ca\/fr\/wp-json\/wp\/v2\/pages\/3088","targetHints":{"allow":["GET"]}}],"collection":[{"href":"https:\/\/boilermaker.ca\/fr\/wp-json\/wp\/v2\/pages"}],"about":[{"href":"https:\/\/boilermaker.ca\/fr\/wp-json\/wp\/v2\/types\/page"}],"author":[{"embeddable":true,"href":"https:\/\/boilermaker.ca\/fr\/wp-json\/wp\/v2\/users\/17"}],"replies":[{"embeddable":true,"href":"https:\/\/boilermaker.ca\/fr\/wp-json\/wp\/v2\/comments?post=3088"}],"version-history":[{"count":14,"href":"https:\/\/boilermaker.ca\/fr\/wp-json\/wp\/v2\/pages\/3088\/revisions"}],"predecessor-version":[{"id":4004,"href":"https:\/\/boilermaker.ca\/fr\/wp-json\/wp\/v2\/pages\/3088\/revisions\/4004"}],"up":[{"embeddable":true,"href":"https:\/\/boilermaker.ca\/fr\/wp-json\/wp\/v2\/pages\/1977"}],"wp:attachment":[{"href":"https:\/\/boilermaker.ca\/fr\/wp-json\/wp\/v2\/media?parent=3088"}],"curies":[{"name":"wp","href":"https:\/\/api.w.org\/{rel}","templated":true}]}}