{"id":3105,"date":"2017-03-08T10:48:04","date_gmt":"2017-03-08T15:48:04","guid":{"rendered":"http:\/\/test.boilermaker.ca\/?page_id=3105\/"},"modified":"2017-08-09T10:42:54","modified_gmt":"2017-08-09T14:42:54","slug":"loge-203","status":"publish","type":"page","link":"https:\/\/boilermaker.ca\/fr\/loges\/loge-203\/","title":{"rendered":"Loge 203"},"content":{"rendered":"<p><b>Jump to:<\/b><\/p>\n<p><a href=\"#histoire\">Histoire<\/a><br \/>\n<a href=\"#entrepreneurs\">Entrepreneurs<\/a><br \/>\n<a href=\"#formation\">Cours de formation<\/a><br \/>\n<a href=\"#contact\">Contact<\/a><\/p>\n<p><b>Survol<\/b><\/p>\n<hr size=\"1\" \/>\n<p>Le Local 203 est situ\u00e9 \u00e0 Holyrood, Terre-Neuve, et a re\u00e7u sa charte le 7 juillet 1969. Ses 450 membres qualifi\u00e9s ouvrent dans les domaines de : <\/p>\n<ul>\n<li>Chaudronnerie<\/li>\n<li>Fabrication<\/li>\n<li>Soudure<\/li>\n<li>Essais non-destructifs<\/li>\n<\/ul>\n<p><a name=\"histoire\"><\/a> <b>Histoire<\/b><\/p>\n<hr size=\"1\" \/>\n<p>Le Local 203 a re\u00e7u sa charte en 1969 mais le mouvement syndical remonte aux d\u00e9buts des ann\u00e9es 1800. Les d\u00e9pouilleurs de phoques ont eu une gr\u00e8ve violente \u00e0 Harbour Grace en 1832 mais aucun des syndicats de m\u00e9tiers de l&rsquo;\u00e9poque \u00e9taient assez nombreux pour former leur propre organisation donc, un groupe g\u00e9n\u00e9ral, connu sous le nom de Soci\u00e9t\u00e9 des m\u00e9caniciens, a combl\u00e9 les besoins de repr\u00e9sentation de divers travailleurs entre 1827 et 1850. Au milieu des ann\u00e9es 1800, les syndicats de m\u00e9tiers font leur apparition ce qui m\u00e8ne \u00e0 plusieurs gr\u00e8ves pour obtenir la reconnaissance syndicale, de meilleurs salaires, des conditions de travail s\u00e9curitaires, etc. En 1897, le premier d\u00e9fil\u00e9 de la f\u00eate du travail a lieu \u00e0 St. John&rsquo;s. Le char all\u00e9gorique des chaudronniers avait un pot pour chauffer les rivets qui \u00e9taient ensuite ins\u00e9r\u00e9s dans la t\u00f4le de chaudi\u00e8re alors que d\u00e9fil\u00e9 passait devant le public ce qui permettait aux divers m\u00e9tiers de d\u00e9montrer que les syndicats se portaient bien \u00e0 Terre-Neuve.<\/p>\n<p>Au d\u00e9but des ann\u00e9es 1900, les op\u00e9rations de chemins de fer progressaient sur l&rsquo;\u00eele. Pour tenir les syndicats en \u00e9chec, on avait la loi appel\u00e9e l&rsquo;Employer&rsquo;s Liability Act. Une des dispositions de cette loi permettait \u00e0 l&#8217;employeur de forcer les travailleurs, comme condition d&#8217;emploi, \u00e0 renoncer \u00e0 leurs droits et cette situation a dur\u00e9 durant de nombreuses ann\u00e9es. En 1917, les chaudronniers avec d&rsquo;autres m\u00e9tiers forment la Newfoundland Industrial Workers Association (NIWA) et une gr\u00e8ve est d\u00e9clench\u00e9e l&rsquo;ann\u00e9e suivante. Les employeurs utilisent des briseurs de gr\u00e8ve et apr\u00e8s quelques semaines d&rsquo;autres syndicats se joignent \u00e0 la lutte. En bout de ligne, l&#8217;employeur a convenu de reconna\u00eetre le syndicat, d&rsquo;accorder des augmentations de salaire et d&rsquo;instaurer une proc\u00e9dure de grief.<\/p>\n<p>Suite aux ravages \u00e0 Terre-Neuve caus\u00e9s par le ralentissement \u00e9conomique d&rsquo;apr\u00e8s la Premi\u00e8re guerre mondiale et de la Grande d\u00e9pression, les syndicats commencent \u00e0 dispara\u00eetre de l&rsquo;\u00eele. Durant cette p\u00e9riode, le Premier ministre donne la responsabilit\u00e9 \u00e0 l&rsquo;Angleterre de g\u00e9rer les affaires de Terre-Neuve. La commission qui dirigeait les affaires de Terre-Neuve refusait de reconna\u00eetre les syndicats. Il a fallu les efforts du Vice-pr\u00e9sident international des Chaudronniers, qui a utilis\u00e9 son influence pour relancer le d\u00e9bat \u00e0 la Chambre des communes de Londres, pour changer la situation. En 1943, la Fraternit\u00e9 internationale octroie une charte au Local 917 de St. John&rsquo;s, un local de chemin de fer (qui deviendra plus tard une local de construction maritime). En 1947, la convention collective nationale de r\u00e9servoirs du Canada couvre Terre-Neuve et c&rsquo;est le Local 271 de Montr\u00e9al qui a la juridiction. Au cours des ann\u00e9es 1950 et 1960, il y a plusieurs grands projets de construction en cours -usine de phosphore, usine de papier kraft, raffinerie, barrages hydro\u00e9lectriques. C&rsquo;est cet environnement de croissance \u00e9conomique qui a occasionn\u00e9 la cr\u00e9ation d&rsquo;un local de construction en 1969 \u00e0 Terre-Neuve.<\/p>\n<p>Dans les ann\u00e9es 1970 la construction \u00e9tait encore en essor : barrages hydro\u00e9lectriques au Labrador, une usine de palettes \u00e0 Labrador City, des raffineries sur l&rsquo;\u00eele avec des fermes de r\u00e9servoirs g\u00e9ants. Au cours des ann\u00e9es 1980 et 1990, les membres du Local 203 ont surtout travaill\u00e9 hors de la province partout en Am\u00e9rique du Nord pour gagner leur vie. En 1996, la charte du Local 717 est devenue p\u00e9rim\u00e9e faute de travail pour ses membres.<\/p>\n<p><a name=\"entrepreneurs\"><\/a> <b>Entrepreneurs<\/b><\/p>\n<hr size=\"1\" \/>\n<ul>\n<li>Holyrood Generating Station<\/li>\n<li>NARL Refinery<\/li>\n<li>Grand Falls Mill<\/li>\n<li>Corner Brook Pup &amp; Paper<\/li>\n<li>Iron Ore Company of Canada, Labrador City<\/li>\n<\/ul>\n<p><a name=\"formation\"><\/a> <b>Cours de formation<\/b><\/p>\n<hr size=\"1\" \/>\n<ul>\n<li>Red Seal<\/li>\n<li>Safety Training<\/li>\n<li>Rigging upgrading<\/li>\n<li>Welding, upgrading, and Certification to Provincial Qualifications<\/li>\n<\/ul>\n<p><a name=\"contact\"><\/a> <b>Contact<\/b><\/p>\n<hr size=\"1\" \/>\n<p>PO Box 250<br \/>\nHolyrood, NL AOA 2R0<\/p>\n<p>T\u00e9l\u00e9phone: (709)229-7355<br \/>\nT\u00e9l\u00e9copieur: (709)229-7300<\/p>\n<p>Site Web: <a href=\"http:\/\/203.boilermaker.ca\" target=\"_blank\">203.boilermaker.ca<\/a><\/p>\n","protected":false},"excerpt":{"rendered":"<p>Jump to: Histoire Entrepreneurs Cours de formation Contact Survol Le Local 203 est situ\u00e9 \u00e0 Holyrood, Terre-Neuve, et a re\u00e7u sa charte le 7 juillet 1969. Ses 450 membres qualifi\u00e9s [&hellip;]<\/p>\n","protected":false},"author":17,"featured_media":0,"parent":1977,"menu_order":0,"comment_status":"closed","ping_status":"closed","template":"","meta":{"footnotes":""},"class_list":["post-3105","page","type-page","status-publish","hentry","post"],"_links":{"self":[{"href":"https:\/\/boilermaker.ca\/fr\/wp-json\/wp\/v2\/pages\/3105","targetHints":{"allow":["GET"]}}],"collection":[{"href":"https:\/\/boilermaker.ca\/fr\/wp-json\/wp\/v2\/pages"}],"about":[{"href":"https:\/\/boilermaker.ca\/fr\/wp-json\/wp\/v2\/types\/page"}],"author":[{"embeddable":true,"href":"https:\/\/boilermaker.ca\/fr\/wp-json\/wp\/v2\/users\/17"}],"replies":[{"embeddable":true,"href":"https:\/\/boilermaker.ca\/fr\/wp-json\/wp\/v2\/comments?post=3105"}],"version-history":[{"count":7,"href":"https:\/\/boilermaker.ca\/fr\/wp-json\/wp\/v2\/pages\/3105\/revisions"}],"predecessor-version":[{"id":4929,"href":"https:\/\/boilermaker.ca\/fr\/wp-json\/wp\/v2\/pages\/3105\/revisions\/4929"}],"up":[{"embeddable":true,"href":"https:\/\/boilermaker.ca\/fr\/wp-json\/wp\/v2\/pages\/1977"}],"wp:attachment":[{"href":"https:\/\/boilermaker.ca\/fr\/wp-json\/wp\/v2\/media?parent=3105"}],"curies":[{"name":"wp","href":"https:\/\/api.w.org\/{rel}","templated":true}]}}