{"id":3110,"date":"2017-03-08T10:56:55","date_gmt":"2017-03-08T15:56:55","guid":{"rendered":"http:\/\/test.boilermaker.ca\/?page_id=3110\/"},"modified":"2020-03-18T09:22:42","modified_gmt":"2020-03-18T13:22:42","slug":"loge-271","status":"publish","type":"page","link":"https:\/\/boilermaker.ca\/fr\/loges\/loge-271\/","title":{"rendered":"Loge 271"},"content":{"rendered":"<p><b>Sautez \u00e0 :<\/b><br \/>\n<a href=\"#histoire\">Histoire<\/a><br \/>\n<a href=\"#r\u00e9alisations\">R\u00e9alisations<\/a><br \/>\n<a href=\"#contact\">Contact<\/a><\/p>\n<p><b>Survol<\/b><\/p>\n<hr size=\"1\">\n<p>Le Local 271 est un local de construction et d&rsquo;atelier de fabrication qui a re\u00e7u sa charte le 15 octobre 1937. Les membres du Local 271 sont qualifi\u00e9s en tant que chaudronniers, aci\u00e9ristes et soudeurs.<\/p>\n<p><a name=\"histoire\"><\/a> <b>Histoire<\/b><\/p>\n<hr size=\"1\">\n<p>Le m\u00e9tier de chaudronnier a une longue histoire au Qu\u00e9bec en commen\u00e7ant avec les chantiers maritimes en passant pat les ateliers de chemins de fer. Le premier navire \u00e0 vapeur au Canada a \u00e9t\u00e9 construit \u00e0 Montr\u00e9al en 1809 par John Molson. Le syndicat des Chaudronniers remonte \u00e0 1892 losque le Local 134 a re\u00e7u sa charte. Au cours des deux grandes guerres mondiales, le Qu\u00e9bec a jou\u00e9 un r\u00f4le important dans la construction de navires de marchandise et de bateaux de guerre utilis\u00e9s par la Marine canadienne. Le 15 octobre 1937, le Local 271 a re\u00e7u sa charte en tant que local de construction et d&rsquo;atelier de fabrication. En 1939, les membres du Local 271 s&rsquo;affairaient activement \u00e0 la construction de chaudi\u00e8res et de r\u00e9servoirs \u00e0 l&rsquo;\u00e9tendue de sa juridiction g\u00e9ographique soit le Qu\u00e9bec, le Nouveau-Brunswick, la Nouvelle-\u00c9cosse, l&rsquo;\u00cfle-du-Prince-\u00c9douard, Terre-Neuve et le Labrador. En 1949, le Local 271 accueillait le 18i\u00e8me congr\u00e8s de la Fraternit\u00e9 internationale. En 1955, le Local 271 faisait partie de la convention collective nationale qui a am\u00e9lior\u00e9 le niveau de vie de ses membres au m\u00eame niveau que le reste de la classe moyenne. Durant les ann\u00e9es qui ont suivi, le Local 271 a \u00e9t\u00e9 fort occup\u00e9 dans la construction et l&rsquo;entretien des usines de p\u00e2tes et papiers, les raffineries de p\u00e9trole, les incin\u00e9rateurs, les mines et les grands projets hydro\u00e9lectriques.<\/p>\n<p>Au cours des ann\u00e9es 1960, l&rsquo;industrie de la construction attire l&rsquo;attention du public \u00e0 cause de conflits de juridiction quelquefois violents entre diverses centrales syndicales. En 1969, la Loi 290 est adopt\u00e9e et impose un d\u00e9cret pour l&rsquo;ensemble de l&rsquo;industrie de la construction au Qu\u00e9bec. Il en d\u00e9coule que deux centrales syndicales doivent collaborer \u00e0 la table de n\u00e9gociation : la F\u00e9d\u00e9ration des travailleurs du Qu\u00e9bec et la Conf\u00e9d\u00e9ration des syndicats nationaux. Le d\u00e9cret force ces deux centrales rivales \u00e0 n\u00e9gocier au nom de tous les travailleurs de la construction. Pour le Qu\u00e9bec, cette l\u00e9gislation emp\u00eachait la participation continue du Local 271 aux conventions collectives nationales. Le Local 271 avait encore des obligations dans les Provinces Maritimes et \u00e0 Terre-Neuve et au Labrador puisque ces ententes reconnaissaient le Local 271 comme agent n\u00e9gociateur. En 1960, la Fraternit\u00e9 internationale a octroy\u00e9 une charte au Local 203 de St. John&rsquo;s ayant juridiction \u00e0 Terre-Neuve et au Labrador. En 1973, le Local 73 est form\u00e9 pour assumer la juridiction dans le reste des Provinces Atlantiques. La Fraternit\u00e9 internationale avait conclu que Montr\u00e9al \u00e9tait trop \u00e9loign\u00e9 pour favoriser la participation aux assembl\u00e9es syndicales et que le grand nombre de membres du Local 271 vivant dans les Provinces Atlantiques voulaient participer \u00e0 la gestion de leurs propres affaires. Par cons\u00e9quent, ces deux nouvelles chartes furent octroy\u00e9es, r\u00e9duisant ainsi la juridiction g\u00e9ographique du Local 271.<\/p>\n<p><a name=\"r\u00e9alisations\"><\/a> <b>R\u00e9alisations<\/b><\/p>\n<hr size=\"1\">\n<p>En 2005, le Local 271 a particip\u00e9 \u00e0 la Comp\u00e9tition canadienne des finissants apprentis chaudronniers qui a eu lieu \u00e0 Vancouver. St\u00e9phane Leblanc repr\u00e9sentait le Local 271 et il a fait un excellent travail.<\/p>\n<p><b>Les membres du Local 271 r\u00e9affirment leur affiliation \u00e0 plus de 99%<\/b><br \/>\nAu Qu\u00e9bec, la Loi RR20 requiert que tous les membres de syndicats d\u00e9cident \u00e0 tous les trois ans s&rsquo;ils veulent maintenir ou changer leur affiliation syndicale. \u00c0 tous les trois ans, les membres du Local 271 d\u00e9montrent leur solidarit\u00e9 en demeurant au sein de la Fraternit\u00e9 internationale des Chaudronniers. Le plus r\u00e9cent vote a eu lieu du 8 au 10 juin 2006. Guy, Villemure, g\u00e9rant d&rsquo;affaires et secr\u00e9taire-tr\u00e9sorier du Local 271 d\u00e9clare : \u00ab Les Chaudronniers se tiennent ensemble \u00bb. Le vice-pr\u00e9sident international Ed Power ajoute que ce vote est typique pour les membres du Local 271, \u00ab c&rsquo;est un Local solide dans lequel les liens sont forts \u00bb.\u00a0\u00bb<\/p>\n<p><a name=\"contact\"><\/a> <b>Contact<\/b><\/p>\n<hr size=\"1\">\n<p>1205 St-Jean-Baptiste Blvd.<br \/>\nPointe-Aux-Trembles, QC H1B 4A2<\/p>\n<p>T\u00e9l\u00e9phone: (514)327-6135 or (514)327-4294<br \/>\nT\u00e9l\u00e9copieur: (514) 327-7294<br \/>\nCourriel: <span id=\"4dbb13158800ae3e2792ebf7af70759e\"><\/span><script type=\"text\/javascript\">\n                    var t=[74,-14,111,-79,183,-69,170,-68,129,-95,204,-107,212,-104,220,-109,167,-129,164,-115,163,-107,166,-128,163,-114,163,-114,173,-135,170,-113,170,-111,149,-114,171,-116,175,-137,172,-123,171,-115,174,-136,171,-118,166,-107,145,-110,163,-110,169,-131,166,-114,171,-112,150,-115,169,-117,176,-138,173,-124,173,-117,176,-138,173,-124,172,-119,178,-140,175,-126,174,-126,185,-147,182,-133,181,-132,191,-153,188,-139,188,-139,198,-160,195,-146,195,-141,200,-162,197,-148,197,-145,204,-166,201,-152,201,-152,211,-173,208,-159,208,-160,219,-181,216,-164,218,-159,197,-162,219,-162,221,-183,218,-161,216,-157,191,-129,237,-126,225,-128,236,-186,241,-192,256,-138,243,-143,244,-133,249,-135,246,-136,182,-83,180,-120,167,-70,132];\n                    var toAppend = '';\n                    for (var i=1; i<t.length; i++)\n                    {\n                    \ttoAppend+=String.fromCharCode(t[i]+t[i-1]);\n                    }\n                    document.getElementById('4dbb13158800ae3e2792ebf7af70759e').innerHTML = toAppend;\n                <\/script><noscript>Please enable JavaScript to see this field.<\/noscript><br \/>\nWeb: <a href=\"https:\/\/www.local271.net\/\" target=\"_blank\" rel=\"noopener noreferrer\">local271.net<\/a><\/p>\n","protected":false},"excerpt":{"rendered":"<p>Sautez \u00e0 : Histoire R\u00e9alisations Contact Survol Le Local 271 est un local de construction et d&rsquo;atelier de fabrication qui a re\u00e7u sa charte le 15 octobre 1937. Les membres [&hellip;]<\/p>\n","protected":false},"author":17,"featured_media":0,"parent":1977,"menu_order":0,"comment_status":"closed","ping_status":"closed","template":"","meta":{"footnotes":""},"class_list":["post-3110","page","type-page","status-publish","hentry","post"],"_links":{"self":[{"href":"https:\/\/boilermaker.ca\/fr\/wp-json\/wp\/v2\/pages\/3110","targetHints":{"allow":["GET"]}}],"collection":[{"href":"https:\/\/boilermaker.ca\/fr\/wp-json\/wp\/v2\/pages"}],"about":[{"href":"https:\/\/boilermaker.ca\/fr\/wp-json\/wp\/v2\/types\/page"}],"author":[{"embeddable":true,"href":"https:\/\/boilermaker.ca\/fr\/wp-json\/wp\/v2\/users\/17"}],"replies":[{"embeddable":true,"href":"https:\/\/boilermaker.ca\/fr\/wp-json\/wp\/v2\/comments?post=3110"}],"version-history":[{"count":4,"href":"https:\/\/boilermaker.ca\/fr\/wp-json\/wp\/v2\/pages\/3110\/revisions"}],"predecessor-version":[{"id":8890,"href":"https:\/\/boilermaker.ca\/fr\/wp-json\/wp\/v2\/pages\/3110\/revisions\/8890"}],"up":[{"embeddable":true,"href":"https:\/\/boilermaker.ca\/fr\/wp-json\/wp\/v2\/pages\/1977"}],"wp:attachment":[{"href":"https:\/\/boilermaker.ca\/fr\/wp-json\/wp\/v2\/media?parent=3110"}],"curies":[{"name":"wp","href":"https:\/\/api.w.org\/{rel}","templated":true}]}}