{"id":3114,"date":"2017-03-08T11:06:02","date_gmt":"2017-03-08T16:06:02","guid":{"rendered":"http:\/\/test.boilermaker.ca\/?page_id=3114\/"},"modified":"2017-07-18T14:21:13","modified_gmt":"2017-07-18T18:21:13","slug":"loge-359","status":"publish","type":"page","link":"https:\/\/boilermaker.ca\/fr\/loges\/loge-359\/","title":{"rendered":"Loge 359"},"content":{"rendered":"<p><b>Sautez \u00e0 :<\/b><br \/>\n<a href=\"#entrepreneurs\">Entrepreneurs<\/a><br \/>\n<a href=\"#r\u00e9alisations\">R\u00e9alisations<\/a><br \/>\n<a href=\"#contact\">Contact<\/a><\/p>\n<p><b>Survol<\/b><\/p>\n<hr size=\"1\" \/>\n<p>Le Local 359 a re\u00e7u sa chartre le 27 mars 1947 et repr\u00e9sente 1291 membres. Situ\u00e9 \u00e0 Burnaby en Colombie-Britannique le Local 350 a un personnel de 11 personnes incluant un r\u00e9partiteur, un repr\u00e9sentant en sant\u00e9 et s\u00e9curit\u00e9 et un coordonnateur de la formation.<\/p>\n<p>Les bureaux du Local 359 renferment une Pi\u00e8ce de juridiction qui illustre l&rsquo;histoire du Local avec plusieurs photos illustrant sa croissance. Une salle de banquet pouvant accommoder 100 personnes est lou\u00e9e r\u00e9guli\u00e8rement \u00e0 diverses compagnies pour leurs \u00e9v\u00e9nements. On y retrouve \u00e9galement des salles de classe pour la formation.<\/p>\n<p><a name=\"entrepreneurs\"><\/a> <b>Quelques-uns de nos entrepreneurs<\/b><\/p>\n<hr size=\"1\" \/>\n<table>\n<tbody>\n<tr>\n<td colspan=\"2\"><b>Principaux employeurs d&rsquo;atelier<\/b><\/td>\n<\/tr>\n<tr>\n<td width=\"300px\"><a href=\"http:\/\/www.bmandm.com\" target=\"_blank\">BM&amp;M Screening Solutions<\/a><\/td>\n<td><a href=\"http:\/\/www.farrfabricating.com\" target=\"_blank\">Farr Fabricating<\/a><\/td>\n<\/tr>\n<tr>\n<td width=\"300px\"><a href=\"http:\/\/www.inter-kraft.com\/index.htm\" target=\"_blank\">Inter-Kraft Contracting Ltd.<\/a><\/td>\n<td><a href=\"http:\/\/www.lockerbiehole.com\" target=\"_blank\">Lockerbie &amp; Hole<\/a><\/td>\n<\/tr>\n<tr>\n<td width=\"300px\"><a href=\"http:\/\/www.mcateer.ca\" target=\"_blank\">McAteer Employee Benefit Plan Services<\/a><\/td>\n<td><a href=\"http:\/\/www.metaldist.com\" target=\"_blank\">Metal Distributors Ltd.<\/a><\/td>\n<\/tr>\n<tr>\n<td width=\"300px\"><a href=\"http:\/\/www.peerless.mccoyjobs.com\/index.php\" target=\"_blank\">Peerless Ltd.<\/a><\/td>\n<td><a href=\"http:\/\/www.wceng.com\" target=\"_blank\">West Coast Engineering<\/a><\/td>\n<\/tr>\n<tr>\n<td width=\"300px\"><a href=\"http:\/\/www.ellett.bc.ca\" target=\"_blank\">Western Titanium<\/a><\/td>\n<td><\/td>\n<\/tr>\n<\/tbody>\n<\/table>\n<table>\n<tbody>\n<tr>\n<td colspan=\"2\"><b>Principaux employeurs du CCQC<\/b><\/td>\n<\/tr>\n<tr>\n<td width=\"300px\"><a href=\"http:\/\/www.acuren.com\" target=\"_blank\">Acuren Group Inc.<\/a><\/td>\n<td><a href=\"http:\/\/www.aitec.ca\" target=\"_blank\">AITEC Inc.<\/a><\/td>\n<\/tr>\n<tr>\n<td width=\"300px\"><a href=\"http:\/\/www.cantechinspections.com\" target=\"_blank\">Cantech Inspections Ltd.<\/a><\/td>\n<td>Dynatron Technologies Inc.<\/td>\n<\/tr>\n<tr>\n<td width=\"300px\"><a href=\"http:\/\/elanderinspection.ca\/\" target=\"_blank\">Elander Inspections Ltd.<\/a><\/td>\n<td>Pacific NDE &amp; Consulting Services Ltd.<\/td>\n<\/tr>\n<tr>\n<td width=\"300px\">Shadow Inspection Services Ltd.<\/td>\n<td><a href=\"http:\/\/www.nde.net\/\" target=\"_blank\">Stasuk Testing &amp; Inspection Ltd.<\/a><\/td>\n<\/tr>\n<tr>\n<td width=\"300px\">Vulcan International Thermal Services Inc.<\/td>\n<td><\/td>\n<\/tr>\n<\/tbody>\n<\/table>\n<table>\n<tbody>\n<tr>\n<td colspan=\"2\"><b>Principaux employeurs de construction<\/b><\/td>\n<\/tr>\n<tr>\n<td width=\"300\">101 Industries Ltd.<\/td>\n<td>Acorn Installations Ltd.<\/td>\n<\/tr>\n<tr>\n<td width=\"300\"><a href=\"http:\/\/www.alstom.com\" target=\"_blank\">Alstom Canada<\/a><\/td>\n<td><a href=\"http:\/\/www.babcock.com\" target=\"_blank\">Babcock &amp; Wilcox<\/a><\/td>\n<\/tr>\n<tr>\n<td><a href=\"http:\/\/www.bcfiberglass.com\/\" target=\"_blank\">Barski Industries (1985) Ltd.<\/a><\/td>\n<td><a href=\"http:\/\/www.brymark.bc.ca\/\" target=\"_blank\">Brymark Installations<\/a><\/td>\n<\/tr>\n<tr>\n<td><a href=\"http:\/\/www.tiwsteelplatework.ca\" target=\"_blank\">Canadian Erectors &#8211; TIW Division<\/a><\/td>\n<td><a href=\"http:\/\/www.cimsltd.com\/\" target=\"_blank\">Canadian Industrial Mill Services (CIMS)<\/a><\/td>\n<\/tr>\n<tr>\n<td><a href=\"http:\/\/www.canron.com\" target=\"_blank\">Canron Construction Corp.<\/a><\/td>\n<td><a href=\"http:\/\/www.cascademechanical.com\" target=\"_blank\">Cascade Mechanical Ltd.<\/a><\/td>\n<\/tr>\n<tr>\n<td>CBJ Industrial Ltd.<\/td>\n<td><a href=\"http:\/\/www.cessco.ca\" target=\"_blank\">Cessco Fabricating &amp; Engineering<\/a><\/td>\n<\/tr>\n<tr>\n<td>Co-Gen Mechanical Services<\/td>\n<td><a href=\"http:\/\/www.columbiapower.org\" target=\"_blank\">Columbia Hydro Constructors<\/a><\/td>\n<\/tr>\n<tr>\n<td>Cranberry Construction<\/td>\n<td>Critical Path Boiler Service Ltd.<\/td>\n<\/tr>\n<tr>\n<td>Evtex (Parent Company &#8211; Altex Industries)<\/td>\n<td>F&amp;M Industrial Installations<\/td>\n<\/tr>\n<tr>\n<td>Farr Installations<\/td>\n<td><a href=\"http:\/\/www.fwc.com\" target=\"_blank\">Foster Wheeler<\/a><\/td>\n<\/tr>\n<tr>\n<td><a href=\"http:\/\/geotechindustries.com\" target=\"_blank\">Geo Tech Industries Inc.<\/a><\/td>\n<td><a href=\"http:\/\/www.getsco.com\" target=\"_blank\">Getsco Technical Services<\/a><\/td>\n<\/tr>\n<tr>\n<td><a href=\"http:\/\/www.hamon.com\" target=\"_blank\">Hamon Custodis-Cottrell Canada<\/a><\/td>\n<td><a href=\"http:\/\/www.hartfordinstallations.com\" target=\"_blank\">Hartford Installations<\/a><\/td>\n<\/tr>\n<tr>\n<td><a href=\"http:\/\/www.cbi.com\" target=\"_blank\">Horton CBI Ltd.<\/a><\/td>\n<td><a href=\"http:\/\/www.inter-kraft.com\" target=\"_blank\">Inter-Kraft Contracting Ltd.<\/a><\/td>\n<\/tr>\n<tr>\n<td>Interior Industrial Constructors<\/td>\n<td>Interior Power &amp; Chemical<\/td>\n<\/tr>\n<tr>\n<td>Jacobs Catalytic<\/td>\n<td><a href=\"http:\/\/www.lafarge.com\" target=\"_blank\">Lafarge<\/a><\/td>\n<\/tr>\n<tr>\n<td>Melloy and Associates Ltd.<\/td>\n<td>Midwest Constructors Corp.<\/td>\n<\/tr>\n<tr>\n<td>Midwest Mechanical<\/td>\n<td>Milltech Installations<\/td>\n<\/tr>\n<tr>\n<td><a href=\"http:\/\/www.mitchellinstallations.ca\" target=\"_blank\">Mitchell Installations<\/a><\/td>\n<td><a href=\"http:\/\/www.mycoservices.com\" target=\"_blank\">Myco Services<\/a><\/td>\n<\/tr>\n<tr>\n<td>Nova Dawn Enterprises Incorporated<\/td>\n<td>P.S.P. Erectors Inc.<\/td>\n<\/tr>\n<tr>\n<td>Sharcon Enterprises Ltd.<\/td>\n<td>Superior Cladding Limited<\/td>\n<\/tr>\n<tr>\n<td>Thorpe Canada<\/td>\n<td>Ventex<\/td>\n<\/tr>\n<tr>\n<td><a href=\"http:\/\/www.weldingservices.com\" target=\"_blank\">Welding Services Inc.<\/a><\/td>\n<td>West Kootenay Mechanical Ltd.<\/td>\n<\/tr>\n<tr>\n<td>Western Technical Installations Ltd.<\/td>\n<td>Whelen Mechanical Installations<\/td>\n<\/tr>\n<tr>\n<td>Whertec Canada Inc.<\/td>\n<td><\/td>\n<\/tr>\n<\/tbody>\n<\/table>\n<p><a name=\"r\u00e9alisations\"><\/a> <b>R\u00e9alisations<\/b><\/p>\n<hr size=\"1\" \/>\n<ul>\n<li>Prix d&rsquo;excellence de la Comp\u00e9tition nationale des finissants apprentis chaudronniers 2005<\/li>\n<li>Prix d&rsquo;excellence de la Comp\u00e9tition nationale des finissants apprentis chaudronniers 2006<\/li>\n<\/ul>\n<p><a name=\"contact\"><\/a> <b>Contact<\/b><\/p>\n<hr size=\"1\" \/>\n<p>5510 &#8211; 268th Street<br \/>\nLangley, BC V4W 3X4<\/p>\n<p>T\u00e9l\u00e9phone: (778) 369-3590<br \/>\nT\u00e9l\u00e9copieur: (778) 369-3595<\/p>\n<p>Site web: <a href=\"http:\/\/www.boilermakers359.org\/\" target=\"_blank\">boilermakers359.org<\/a><\/p>\n","protected":false},"excerpt":{"rendered":"<p>Sautez \u00e0 : Entrepreneurs R\u00e9alisations Contact Survol Le Local 359 a re\u00e7u sa chartre le 27 mars 1947 et repr\u00e9sente 1291 membres. Situ\u00e9 \u00e0 Burnaby en Colombie-Britannique le Local 350 [&hellip;]<\/p>\n","protected":false},"author":17,"featured_media":0,"parent":1977,"menu_order":0,"comment_status":"closed","ping_status":"closed","template":"","meta":{"footnotes":""},"class_list":["post-3114","page","type-page","status-publish","hentry","post"],"_links":{"self":[{"href":"https:\/\/boilermaker.ca\/fr\/wp-json\/wp\/v2\/pages\/3114","targetHints":{"allow":["GET"]}}],"collection":[{"href":"https:\/\/boilermaker.ca\/fr\/wp-json\/wp\/v2\/pages"}],"about":[{"href":"https:\/\/boilermaker.ca\/fr\/wp-json\/wp\/v2\/types\/page"}],"author":[{"embeddable":true,"href":"https:\/\/boilermaker.ca\/fr\/wp-json\/wp\/v2\/users\/17"}],"replies":[{"embeddable":true,"href":"https:\/\/boilermaker.ca\/fr\/wp-json\/wp\/v2\/comments?post=3114"}],"version-history":[{"count":2,"href":"https:\/\/boilermaker.ca\/fr\/wp-json\/wp\/v2\/pages\/3114\/revisions"}],"predecessor-version":[{"id":4014,"href":"https:\/\/boilermaker.ca\/fr\/wp-json\/wp\/v2\/pages\/3114\/revisions\/4014"}],"up":[{"embeddable":true,"href":"https:\/\/boilermaker.ca\/fr\/wp-json\/wp\/v2\/pages\/1977"}],"wp:attachment":[{"href":"https:\/\/boilermaker.ca\/fr\/wp-json\/wp\/v2\/media?parent=3114"}],"curies":[{"name":"wp","href":"https:\/\/api.w.org\/{rel}","templated":true}]}}