{"id":3120,"date":"2017-03-08T11:23:22","date_gmt":"2017-03-08T16:23:22","guid":{"rendered":"http:\/\/test.boilermaker.ca\/?page_id=3120\/"},"modified":"2024-01-25T14:14:29","modified_gmt":"2024-01-25T19:14:29","slug":"loge-532","status":"publish","type":"page","link":"https:\/\/boilermaker.ca\/fr\/loges\/loge-532\/","title":{"rendered":"Loge 532"},"content":{"rendered":"<p><b>Sautez \u00e0 :<\/b><br \/>\n<a href=\"#histoire\">Histoire<\/a><br \/>\n<a href=\"#employeurs\">Employeurs<\/a><br \/>\n<a href=\"#r\u00e9alisations\">R\u00e9alisations<\/a><br \/>\n<a href=\"#contact\">Contact<\/a><\/p>\n<p><b>Survol<\/b><\/p>\n<hr size=\"1\" \/>\n<p>Le Local 532 a re\u00e7u sa charte le 23 ao\u00fbt 1920 et compte actuellement 80 membres. Le Local 532 a deux employeurs : Atelier d&rsquo;entretien et de r\u00e9paration de Procor Railcar Repair Service Co. (General Electric Railcar) et Russell Metals Inc., un fabriquant et distributeur de produits d&rsquo;acier faits sur mesure. Les membres sont des soudeurs, des ajusteurs, des peintres, des sableurs et des techniciens d&rsquo;essais non destructifs.<\/p>\n<p><a name=\"histoire\"><\/a> <b>Histoire<\/b><\/p>\n<hr size=\"1\" \/>\n<p>La loge 532 a \u00e9t\u00e9 organis\u00e9e comme une loge de chemin de fer \u00e0 Regina. Il y a eu de nombreux magasins contractuels diff\u00e9rents dans ce lodge au fil des ans.<\/p>\n<p><a name=\"employeurs\"><\/a> <b>Employeurs<\/b><\/p>\n<hr size=\"1\" \/>\n<p>Le Local 532 a deux employeurs:<\/p>\n<p>Atelier d&rsquo;entretien et de r\u00e9paration de Procor Railcar Reapir Service Co. (General Electric Railcar).<br \/>\nRussell Metals Inc. &#8211; fabrication et distribution de produits d&rsquo;acier faits sur mesure.<\/p>\n<p><a name=\"r\u00e9alisations\"><\/a> <b>R\u00e9alisations<\/b><\/p>\n<hr size=\"1\" \/>\n<p><b>Champions 2006 &#8211; 2007 de la comp\u00e9tition pour la coupe G.E. Ergo<\/b><\/p>\n<p>Dans les ateliers de General Electric Railcar de R\u00e9gina, le d\u00e9montage et linstallation de clapets de refoulement inf\u00e9rieurs de 30 livres sont des t\u00e2ches courantes, mais il y a eu 2 cas d&rsquo;accidents n\u00e9cessitant des premiers soins associ\u00e9s au d\u00e9montage et \u00e0 l&rsquo;installation de ces clapets. Cette t\u00e2che est un proc\u00e9d\u00e9 manuel consid\u00e9r\u00e9 comme tr\u00e8s difficile pour les travailleurs \u00e0 cause de l&rsquo;effort excessif et de la fatigue. Apr\u00e8s une \u00e9tude des pratiques dans les autres ateliers de r\u00e9paration, aucune solution \u00e9vidente n&rsquo;a \u00e9t\u00e9 trouv\u00e9e.<\/p>\n<p>Une \u00e9quipe a \u00e9t\u00e9 cr\u00e9\u00e9e pour trouver une solution. L&rsquo;\u00e9quipe a d\u00e9velopp\u00e9 un syst\u00e8me \u00e0 trois composantes constitu\u00e9 d&rsquo;un chariot de gestion des outils, d&rsquo;un v\u00e9rin de levage de valves inf\u00e9rieures et d&rsquo;une plate-forme mobile d&rsquo;appui. Ces outils ont r\u00e9duit la quantit\u00e9 de marche de 83%, ont \u00e9limin\u00e9 la lev\u00e9e et le d\u00e9placement des palettes, le d\u00e9placement, le soul\u00e8vement et les risques de chute des clapets de refoulement sur les chaudronniers. La t\u00e2che est maintenant plus facile pour les travailleurs avec une r\u00e9duction de risque de blessure et de fatigue. En plus des am\u00e9liorations ergonomiques, le syst\u00e8me de d\u00e9montage et d&rsquo;installation a de solides retomb\u00e9es \u00e9conomiques pour l&rsquo;atelier de R\u00e9gina de l&rsquo;ordre de 11 700$ par ann\u00e9e.<\/p>\n<p><strong>Les membres de l&rsquo;\u00e9quipe sont :<\/strong><\/p>\n<p>James Windley, Chef d&rsquo;\u00e9quipe principal<br \/>\nGarth Charko, Chef d&rsquo;\u00e9quipe<br \/>\nElroy Kimmie, Chef d&rsquo;\u00e9quipe<br \/>\nDwayne Wadsworth, R\u00e9parateur<br \/>\nScott Simpson, Technicien de vapeur<br \/>\nDan Hill, Technicien de vapeur<br \/>\nJim Reid, R\u00e9parateur\/soudeur<\/p>\n<p><a name=\"contact\"><\/a> <b>Contact<\/b><\/p>\n<hr size=\"1\" \/>\n<p><b>Leonard Brodner, Secr\u00e9taire-tr\u00e9sorier<\/b><\/p>\n<p>443 Toronto St. Regina SK<\/p>\n<p>T\u00e9l\u00e9phone: (306)545-7581<\/p>\n<p><b>Executive Board<\/b><br \/>\nCurtis Nesset &#8211; Pr\u00e9sident<br \/>\nDevon Schick &#8211; Vice-Pr\u00e9sident<br \/>\nLeonard Brodner &#8211; Secr\u00e9taire-tr\u00e9sorier<br \/>\nElmer Keller &#8211; Pr\u00e9sident des syndics:<br \/>\nTaylor Cobler, Jeremy Palanuik &#8211; Syndics<br \/>\nKelly Courtney- Secr\u00e9taire-archiviste<\/p>\n<p>Paul Meja &#8211; Inspecteur<\/p>\n","protected":false},"excerpt":{"rendered":"<p>Sautez \u00e0 : Histoire Employeurs R\u00e9alisations Contact Survol Le Local 532 a re\u00e7u sa charte le 23 ao\u00fbt 1920 et compte actuellement 80 membres. Le Local 532 a deux employeurs [&hellip;]<\/p>\n","protected":false},"author":17,"featured_media":0,"parent":1977,"menu_order":0,"comment_status":"closed","ping_status":"closed","template":"","meta":{"footnotes":""},"class_list":["post-3120","page","type-page","status-publish","hentry","post"],"_links":{"self":[{"href":"https:\/\/boilermaker.ca\/fr\/wp-json\/wp\/v2\/pages\/3120","targetHints":{"allow":["GET"]}}],"collection":[{"href":"https:\/\/boilermaker.ca\/fr\/wp-json\/wp\/v2\/pages"}],"about":[{"href":"https:\/\/boilermaker.ca\/fr\/wp-json\/wp\/v2\/types\/page"}],"author":[{"embeddable":true,"href":"https:\/\/boilermaker.ca\/fr\/wp-json\/wp\/v2\/users\/17"}],"replies":[{"embeddable":true,"href":"https:\/\/boilermaker.ca\/fr\/wp-json\/wp\/v2\/comments?post=3120"}],"version-history":[{"count":6,"href":"https:\/\/boilermaker.ca\/fr\/wp-json\/wp\/v2\/pages\/3120\/revisions"}],"predecessor-version":[{"id":14795,"href":"https:\/\/boilermaker.ca\/fr\/wp-json\/wp\/v2\/pages\/3120\/revisions\/14795"}],"up":[{"embeddable":true,"href":"https:\/\/boilermaker.ca\/fr\/wp-json\/wp\/v2\/pages\/1977"}],"wp:attachment":[{"href":"https:\/\/boilermaker.ca\/fr\/wp-json\/wp\/v2\/media?parent=3120"}],"curies":[{"name":"wp","href":"https:\/\/api.w.org\/{rel}","templated":true}]}}