{"id":3124,"date":"2017-03-08T11:31:27","date_gmt":"2017-03-08T16:31:27","guid":{"rendered":"http:\/\/test.boilermaker.ca\/?page_id=3124\/"},"modified":"2024-01-26T14:19:49","modified_gmt":"2024-01-26T19:19:49","slug":"lodge-555","status":"publish","type":"page","link":"https:\/\/boilermaker.ca\/fr\/loges\/lodge-555\/","title":{"rendered":"Loge 555"},"content":{"rendered":"<div id=\"pl-3124\"  class=\"panel-layout\" ><div id=\"pg-3124-0\"  class=\"panel-grid panel-no-style\" ><div id=\"pgc-3124-0-0\"  class=\"panel-grid-cell\" ><div id=\"panel-3124-0-0-0\" class=\"so-panel widget widget_sow-editor panel-first-child panel-last-child\" data-index=\"0\" ><div\n\t\t\t\n\t\t\tclass=\"so-widget-sow-editor so-widget-sow-editor-base\"\n\t\t\t\n\t\t>\n<div class=\"siteorigin-widget-tinymce textwidget\">\n\t<p><b>Sautez \u00e0 :<\/b><br \/>\n<a href=\"#histoire\">Histoire<\/a><br \/>\n<a href=\"#bureaux\">Bureaux<\/a><br \/>\n<a href=\"#contact\">Contact<\/a><\/p>\n<p><b>Survol<\/b><\/p>\n<hr size=\"1\" \/>\n<p>Le Local 555 a re\u00e7u sa charte le 6 octobre 1954 et poss\u00e8de la plus vaste r\u00e9gion g\u00e9ographique de toute la Fraternit\u00e9 recouvrant la Saskatchewan, le Manitoba et le Nord-Ouest de l'Ontario. Les membres du Local 555 travaillent dans la construction et l'entretien d'usines de p\u00e2tes et papier, d'usines de g\u00e9n\u00e9ration d'\u00e9lectricit\u00e9, d'usines p\u00e9trochimiques, de barrages hydro\u00e9lectriques et d'ateliers de fabrication. Le si\u00e8ge social est situ\u00e9 \u00e0 Winnipeg au Manitoba avec une succursale \u00e0 R\u00e9gina. Les membres de ce Local en g\u00e9n\u00e9ral poss\u00e8dent une accr\u00e9ditation du Sceau rouge en chaudronnerie, en fabrication de produits d'acier, en soudure sous pression et \u00e9galement selon les normes du CWB. Un programme d'apprentissage menant \u00e0 une certification Sceau rouge est offert.<\/p>\n<p>Dans les locaux du bureau de Winnipeg, nous retrouvons des stations de soudure qui servent \u00e0 perfectionnement des comp\u00e9tences de nos membres. La formation th\u00e9orique est offerte par le Coll\u00e8ge communautaire Red River.<\/p>\n<p><a name=\"histoire\"><\/a> <b>Histoire<\/b><\/p>\n<hr size=\"1\" \/>\n<p>Le Local 555 \u00e9tait auparavant situ\u00e9 \u00e0 Las Vegas, N\u00e9vada et a \u00e9t\u00e9 r\u00e9-institu\u00e9 \u00e0 Winnipeg en 1954. \u00c0 ce moment-l\u00e0, les chaudronniers travaillaient \u00e0 la nouvelle fonderie de Thompson, \u00e0 l'usine thermique \u00e0 Winnipeg, au barrage hydro\u00e9lectrique McArthur et dans les raffineries p\u00e9troli\u00e8res. Le syndicat international a reconnu les besoins des chaudronniers d'avoir une repr\u00e9sentation \u00e9quitable dans cette r\u00e9gion du Canada. La Fraternit\u00e9 a alors accord\u00e9 un soutien financier en engageant un Secr\u00e9taire-tr\u00e9sorier avec une exp\u00e9rience syndicale pour mettre le Local en bonne situation financi\u00e8re.<\/p>\n<p>Avec toutes les occasions d'emploi \u00e0 l'\u00e9poque, plusieurs travailleurs venaient d'autres Locaux et leur haut niveau de comp\u00e9tence et d'expertise s'est transf\u00e9r\u00e9 aux nouveaux membres de la Fraternit\u00e9. Lorsque l'emploi a ralenti, ce sont les membres du Local 555 qui se sont d\u00e9plac\u00e9s en Saskatchewan et dans la r\u00e9gion du Nord-Ouest de l'Ontario, r\u00e9gions qui ont \u00e9ventuellement \u00e9t\u00e9 ajout\u00e9 au territoire du Local 555.<\/p>\n<p>Au d\u00e9but des ann\u00e9es 1970, le Local 555 a instaur\u00e9 un programme d'apprentissage au Manitoba et a travaill\u00e9 pour faire reconna\u00eetre le m\u00e9tier en Saskatchewan. En 1976, Le Local 555 a \u00e9tabli un partenariat avec le Coll\u00e8ge communautaire Red River pour offrir la formation \u00e0 la nouvelle g\u00e9n\u00e9ration de Chaudronniers.<\/p>\n<p>La Loge 451 est la loge la plus septentrionale de la Fraternit\u00e9 dans la ville de Flin Flon, \u00e0 la fronti\u00e8re du Manitoba et de la Saskatchewan. qui a fusionn\u00e9 avec la section locale 555 le 21 Septembre 2023.<\/p>\n<p><a name=\"bureaux\"><\/a> <b>Bureaux<\/b><\/p>\n<hr size=\"1\" \/>\n<p>Le Local 555 a un bureau syndical \u00e0 Winnipeg qui renferme un atelier de soudure avec 7 stations pour permettre aux membres de perfectionner leurs comp\u00e9tences.<\/p>\n<p><a name=\"contact\"><\/a> <b>Contact<\/b><\/p>\n<hr size=\"1\" \/>\n<\/div>\n<\/div><\/div><\/div><\/div><div id=\"pg-3124-1\"  class=\"panel-grid panel-no-style\" ><div id=\"pgc-3124-1-0\"  class=\"panel-grid-cell\" ><div id=\"panel-3124-1-0-0\" class=\"so-panel widget widget_black-studio-tinymce widget_black_studio_tinymce panel-first-child panel-last-child\" data-index=\"1\" ><div class=\"textwidget\"><p><strong>Winnipeg<\/strong><\/p>\n<p>110 Haarsma Rd.<br \/>\nEast St. Paul, MB R2E 0M8<\/p>\n<p>T\u00e9l\u00e9phone: (204)987-9200<br \/>\nLigne d'emploi: (204)987-9205<br \/>\nT\u00e9l\u00e9copieur: (204)987-9219<\/p>\n<\/div><\/div><\/div><div id=\"pgc-3124-1-1\"  class=\"panel-grid-cell\" ><div id=\"panel-3124-1-1-0\" class=\"so-panel widget widget_black-studio-tinymce widget_black_studio_tinymce panel-first-child panel-last-child\" data-index=\"2\" ><div class=\"textwidget\"><p><strong>Regina<\/strong><\/p>\n<p>350 Solomon Drive<br \/>\nRegina, SK S4N 5A8<\/p>\n<p>T\u00e9l\u00e9phone: (306)949-4452<br \/>\nLigne d'emploi: (306)566-4684<br \/>\nT\u00e9l\u00e9copieur: (306)543-9339<\/p>\n<\/div><\/div><\/div><div id=\"pgc-3124-1-2\"  class=\"panel-grid-cell\" ><div id=\"panel-3124-1-2-0\" class=\"so-panel widget widget_black-studio-tinymce widget_black_studio_tinymce panel-first-child panel-last-child\" data-index=\"3\" ><div class=\"textwidget\"><p><strong>Thunder Bay<\/strong><\/p>\n<p>878-A Tungsten Street<br \/>\nThunder Bay, ON P7B 6J3<\/p>\n<p>T\u00e9l\u00e9phone: (807)623-8186<br \/>\nT\u00e9l\u00e9copieur: (807)623-9294<\/p>\n<\/div><\/div><\/div><\/div><div id=\"pg-3124-2\"  class=\"panel-grid panel-no-style\" ><div id=\"pgc-3124-2-0\"  class=\"panel-grid-cell\" ><div id=\"panel-3124-2-0-0\" class=\"so-panel widget widget_black-studio-tinymce widget_black_studio_tinymce panel-first-child panel-last-child\" data-index=\"4\" ><div class=\"textwidget\"><p>Site web: <a href=\"http:\/\/555.boilermaker.ca\" target=\"_blank\">555.boilermaker.ca<\/a><\/p>\n<\/div><\/div><\/div><\/div><\/div>","protected":false},"excerpt":{"rendered":"<p>Sautez \u00e0 : Histoire Bureaux Contact Survol Le Local 555 a re\u00e7u sa charte le 6 octobre 1954 et poss\u00e8de la plus vaste r\u00e9gion g\u00e9ographique de toute la Fraternit\u00e9 recouvrant [&hellip;]<\/p>\n","protected":false},"author":17,"featured_media":0,"parent":1977,"menu_order":0,"comment_status":"closed","ping_status":"closed","template":"","meta":{"footnotes":""},"class_list":["post-3124","page","type-page","status-publish","hentry","post"],"_links":{"self":[{"href":"https:\/\/boilermaker.ca\/fr\/wp-json\/wp\/v2\/pages\/3124","targetHints":{"allow":["GET"]}}],"collection":[{"href":"https:\/\/boilermaker.ca\/fr\/wp-json\/wp\/v2\/pages"}],"about":[{"href":"https:\/\/boilermaker.ca\/fr\/wp-json\/wp\/v2\/types\/page"}],"author":[{"embeddable":true,"href":"https:\/\/boilermaker.ca\/fr\/wp-json\/wp\/v2\/users\/17"}],"replies":[{"embeddable":true,"href":"https:\/\/boilermaker.ca\/fr\/wp-json\/wp\/v2\/comments?post=3124"}],"version-history":[{"count":11,"href":"https:\/\/boilermaker.ca\/fr\/wp-json\/wp\/v2\/pages\/3124\/revisions"}],"predecessor-version":[{"id":14799,"href":"https:\/\/boilermaker.ca\/fr\/wp-json\/wp\/v2\/pages\/3124\/revisions\/14799"}],"up":[{"embeddable":true,"href":"https:\/\/boilermaker.ca\/fr\/wp-json\/wp\/v2\/pages\/1977"}],"wp:attachment":[{"href":"https:\/\/boilermaker.ca\/fr\/wp-json\/wp\/v2\/media?parent=3124"}],"curies":[{"name":"wp","href":"https:\/\/api.w.org\/{rel}","templated":true}]}}