{"id":3135,"date":"2017-03-08T11:51:08","date_gmt":"2017-03-08T16:51:08","guid":{"rendered":"http:\/\/test.boilermaker.ca\/?page_id=3135\/"},"modified":"2023-05-09T16:31:12","modified_gmt":"2023-05-09T20:31:12","slug":"loge-73","status":"publish","type":"page","link":"https:\/\/boilermaker.ca\/fr\/loges\/loge-73\/","title":{"rendered":"Loge 73"},"content":{"rendered":"<div id=\"pl-3135\"  class=\"panel-layout\" ><div id=\"pg-3135-0\"  class=\"panel-grid panel-no-style\" ><div id=\"pgc-3135-0-0\"  class=\"panel-grid-cell\" ><div id=\"panel-3135-0-0-0\" class=\"so-panel widget widget_sow-editor panel-first-child panel-last-child\" data-index=\"0\" ><div\n\t\t\t\n\t\t\tclass=\"so-widget-sow-editor so-widget-sow-editor-base\"\n\t\t\t\n\t\t>\n<div class=\"siteorigin-widget-tinymce textwidget\">\n\t<p><b>Sautez \u00e0 :<\/b><br \/>\n<a href=\"#histoire\">Histoire<\/a><br \/>\n<a href=\"#entrepreneurs\">Entrepreneurs<\/a><br \/>\n<a href=\"#formation\">Cours de formation<\/a><br \/>\n<a href=\"#bourses\">Bourses<\/a><br \/>\n<a href=\"#\u00e9v\u00e9nements\">\u00c9v\u00e9nements<\/a><br \/>\n<a href=\"#contact\">Contact<\/a><\/p>\n<p><b>Overview<\/b><\/p>\n<hr size=\"1\" \/>\n<p>Le Local 73 est principalement un local de construction oeuvrant dans l'industrie p\u00e9troli\u00e8re, des p\u00e2tes et papier et de la production d'\u00e9nergie \u00e9lectrique. Parmi nos membres on retrouve des travailleurs de deux ateliers de fabrication et des techniciens du contr\u00f4le de la qualit\u00e9.<\/p>\n<p>Le Local 73, autrefois une partie du Local 271 au Qu\u00e9bec, a re\u00e7u sa charte en 1973 et comptait alors 152 membres. Le nombre de membres atteint maintenant 820 et avec la croissance anticip\u00e9e dans tous les secteurs, ce nombre continuera d'augmenter.<\/p>\n<p>Nos bureaux et notre centre de formation sont situ\u00e9s \u00e0 Saint John au Nouveau-Brunswick. Nous sommes pr\u00e9sentement \u00e0 construire un bureau syndical et un centre de formation \u00e0 Truro en Nouvelle-\u00c9cosse.<\/p>\n<p><a name=\"histoire\"><\/a><br \/>\n<b>Histoire<\/b><\/p>\n<hr size=\"1\" \/>\n<p>Le Local 73 est le Local de construction le plus jeune au Canada mais le m\u00e9tier de Chaudronnier remonte aux d\u00e9buts de l'age de la vapeur dans les Provinces Atlantiques, en mai 1816 lorsque le navire \u00e0 vapeur General Smyth a effectu\u00e9 son premier voyage d'essai \u00e0 Saint John, N.-B. En 1822, l'\u00e9nergie \u00e0 vapeur commence \u00e0 \u00eatre utilis\u00e9e pour op\u00e9rer la machinerie d'une scierie. L'\u00e9nergie \u00e0 vapeur fait ses d\u00e9buts en Nouvelle-\u00c9cosse lorsqu'une chaudi\u00e8re est install\u00e9e dans l'atelier de forge McKay de Pictou, N.-\u00c9.<\/p>\n<p>Le Nouveau-Brunswick est consid\u00e9r\u00e9 par plusieurs historiens comme le \u00ab berceau des syndicats en Am\u00e9rique du Nord \u00bb lorsqu'en 1812, la guerre a d\u00e9clench\u00e9 une forte activit\u00e9 de construction accompagn\u00e9e d'une demande accrue de main-d'oeuvre ce qui a r\u00e9sult\u00e9 en des augmentations salariales pour les hommes de m\u00e9tier. Les travailleurs ont cru bon de se regrouper pour prot\u00e9ger leurs nouveaux gains. L'\u00e9conomie florissante a attir\u00e9 un grand nombre de travailleurs de l'ext\u00e9rieur mena\u00e7ant ainsi de cr\u00e9er une surabondance de main-d'oeuvre. C'est ce qui a occasionn\u00e9 les d\u00e9buts de syndicalisation en Am\u00e9rique du Nord. Malheureusement, il y a peu de documentation sur les activit\u00e9s syndicales de cette \u00e9poque. En 1840, il y avait des d\u00e9fil\u00e9s syndicaux dans lesquelles les forgerons et les autres m\u00e9tiers d\u00e9montraient leur fiert\u00e9. En 1872, les chaudronniers ont fait les manchettes en d\u00e9clenchant une gr\u00e8ve pour obtenir un taux quotidien de 2,00$ pour les riveteurs et les monteurs, 1,66$ pour les burineurs et les calfats et 1,20$ pour les apprentis.<\/p>\n<p>Avec la croissance de l'industrie au Nouveau-Brunswick et en Nouvelle-\u00c9cosse, la demande pour les chaudronniers a augment\u00e9. Au d\u00e9but des ann\u00e9es 1900, la Fraternit\u00e9 internationale a commenc\u00e9 \u00e0 octroyer des chartes \u00e0 plusieurs ateliers commerciaux et de chemin de fer et \u00e0 des chantiers navals: Local 285 Halifax N.-\u00c9., Local 378 Moncton N.-B., Local 379 McAdam Junction N.-B., Local 580 et Local 361 Halifax N.-\u00c9., Local 687 New Glasgow N.-\u00c9., Local 688 Amberst, Local 717 Saint John et Local 497 Kentville. Au cours des ann\u00e9es, tous ces locaux ont disparu sauf le Local 580 qui progresse encore aujourd'hui.<\/p>\n<p>En 1937, le Local 271 de Montr\u00e9al recevait sa charte comme le premier Local de construction au Canada et ayant juridiction au Qu\u00e9bec et dans les Provinces Atlantiques. Pendant la Seconde Guerre Mondiale, il y a eu de la construction de chaudi\u00e8res en Nouvelle-\u00c9cosse. Apr\u00e8s la guerre, la construction a commenc\u00e9 lentement \u00e0 reprendre de l'essor avec la construction de r\u00e9servoirs d'entreposage et avec du travail de chaudi\u00e8res \u00e0 Grand Lake et \u00e0 Charlottetown, \u00ce-P-\u00c9 grace \u00e0 l'accroissement de la demande d'\u00e9lectricit\u00e9. \u00c0 cette \u00e9poque, la pratique g\u00e9n\u00e9rale \u00e9tait que l'entrepreneur venait avec une petite \u00e9quipe de chaudronniers d'exp\u00e9rience et engageait sur place les autres travailleurs selon le besoin au taux de salaire de journalier \u00e0 moins qu'ils poss\u00e8dent des qualifications, d\u00e9pendant des talents de n\u00e9gociations des travailleurs locaux.<\/p>\n<p>Au fil des d\u00e9cennies, des usines de g\u00e9n\u00e9ration d'\u00e9lectricit\u00e9 et des usines de p\u00e2tes et papier ont \u00e9t\u00e9 construites en Nouvelle-\u00c9cosse, au Nouveau-Brunswick et \u00e0 l'\u00cele du Prince \u00c9douard. En 1970, le march\u00e9 du travail \u00e9tait tel que le Local 271 a ouvert un bureau \u00e0 halifax. Comme le nombre de membres croissait, le d\u00e9sir de ceux-ci d'avoir le contr\u00f4le sur leurs propres affaires s'est accru et la Fraternit\u00e9 internationale a reconnu que de voyager de Halifax \u00e0 Montr\u00e9al pour assister \u00e0 une assembl\u00e9e syndicale n'\u00e9tait pas trop pratique. Cons\u00e9quemment, le Local 73 s'est vu octroy\u00e9 une charte avec juridiction au Nouveau-Brunswick, en Nouvelle-\u00c9cosse et \u00e0 l'\u00cele du Prince \u00c9douard.<\/p>\n<p><a name=\"entrepreneurs\"><\/a><br \/>\n<b>Quelques-uns de nos entrepreneurs<\/b><\/p>\n<hr size=\"1\" \/>\n<table>\n<tbody>\n<tr>\n<td width=\"200px\"><b>Employeurs d'atelier<\/b><\/td>\n<td><b>Employeurs de construction<\/b><\/td>\n<\/tr>\n<tr>\n<td>Woodside Industries<\/td>\n<td>Babcock &amp; Wilcox<\/td>\n<\/tr>\n<tr>\n<td>Ready Arc Welding<\/td>\n<td>Comstock Canada Ltd.<\/td>\n<\/tr>\n<tr>\n<td><\/td>\n<td>Alstom Canada Inc.<\/td>\n<\/tr>\n<tr>\n<td><\/td>\n<td>Jacobs Catalytic<\/td>\n<\/tr>\n<tr>\n<td><\/td>\n<td>Sunny Corner Enterprises<\/td>\n<\/tr>\n<tr>\n<td><\/td>\n<td>Horton CBI<\/td>\n<\/tr>\n<tr>\n<td><\/td>\n<td>Toronto Iron Workers (TIW)<\/td>\n<\/tr>\n<tr>\n<td><\/td>\n<td>Lorneville Mechanical Contractors<\/td>\n<\/tr>\n<tr>\n<td><\/td>\n<td>Mandate Erectors<\/td>\n<\/tr>\n<tr>\n<td><\/td>\n<td>Landmark<\/td>\n<\/tr>\n<tr>\n<td><\/td>\n<td>Kamtech<\/td>\n<\/tr>\n<tr>\n<td><\/td>\n<td>A&amp;G Crane Ltd.<\/td>\n<\/tr>\n<tr>\n<td><\/td>\n<td>Services Inc.<\/td>\n<\/tr>\n<tr>\n<td><\/td>\n<td>Matrix Services Inc.<\/td>\n<\/tr>\n<\/tbody>\n<\/table>\n<p><a name=\"formation\"><\/a><br \/>\n<b>Programmes et cours de formation<\/b><\/p>\n<hr size=\"1\" \/>\n<ul>\n<li>Sensibilisation aux espaces clos<\/li>\n<li>Protection contre les chutes<\/li>\n<li>Premiers soins<\/li>\n<li>Tests de respirateurs<\/li>\n<li>Leadership en sant\u00e9 et s\u00e9curit\u00e9<\/li>\n<li>Attaches<\/li>\n<li>\u00c9chafaudage<\/li>\n<li>TIG Orbital<\/li>\n<li>Soudure TIG<\/li>\n<li>SIMDUT<\/li>\n<\/ul>\n<p><a name=\"bourses\"><\/a><br \/>\n<b>Bourses d'\u00e9tudes<\/b><\/p>\n<hr size=\"1\" \/>\n<p>Nous donnons annuellement 6 bourses d'\u00e9tudes de 1 000,00$ \u00e0 des personnes \u00e0 charge de nos membres de la construction qui vont au coll\u00e8ge ou \u00e0 l'universit\u00e9.<\/p>\n<p><a name=\"\u00e9v\u00e9nements\"><\/a><br \/>\n<b>\u00c9v\u00e9nements<\/b><\/p>\n<hr size=\"1\" \/>\n<ul>\n<li>Grande ouverture de nos bureaux et de notre centre de formation en Nouvelle-\u00c9cosse<\/li>\n<li>Tournoi local de hockey<\/li>\n<li>Tournoi local de curling<\/li>\n<\/ul>\n<p><a name=\"contact\"><\/a><br \/>\n<b>Contact<\/b><\/p>\n<hr size=\"1\" \/>\n<\/div>\n<\/div><\/div><\/div><\/div><div id=\"pg-3135-1\"  class=\"panel-grid panel-no-style\" ><div id=\"pgc-3135-1-0\"  class=\"panel-grid-cell\" ><div id=\"panel-3135-1-0-0\" class=\"so-panel widget widget_black-studio-tinymce widget_black_studio_tinymce panel-first-child panel-last-child\" data-index=\"1\" ><div class=\"textwidget\"><p><strong>Nouveau-Brunswick<\/strong><\/p>\n<p>345 King William Road<br \/>\nSaint John, NB E2M 7C9<\/p>\n<p>T\u00e9l\u00e9phone: (506) 634-7386<br \/>\nT\u00e9l\u00e9copieur: (506) 634-0411<br \/>\nCourriel: <span id=\"4c6839823f74078c84d10949f9274056\"><\/span><script type=\"text\/javascript\">\n                    var t=[213,-153,250,-218,322,-208,309,-207,268,-234,343,-246,351,-243,359,-248,306,-268,303,-246,302,-243,281,-246,295,-247,304,-245,283,-248,301,-248,307,-269,304,-251,300,-241,279,-244,298,-246,305,-267,302,-253,302,-254,313,-275,310,-253,309,-250,288,-253,302,-253,301,-242,280,-245,294,-246,295,-236,274,-239,288,-239,293,-234,272,-237,289,-235,294,-256,291,-242,291,-243,302,-264,299,-242,298,-239,277,-242,294,-240,299,-261,296,-239,296,-237,275,-240,297,-242,301,-267,329,-231,340,-285,336,-272,382,-284,394,-293,409,-363,473,-375,421,-322,419,-359,406,-309,371];\n                    var toAppend = '';\n                    for (var i=1; i<t.length; i++)\n                    {\n                    \ttoAppend+=String.fromCharCode(t[i]+t[i-1]);\n                    }\n                    document.getElementById('4c6839823f74078c84d10949f9274056').innerHTML = toAppend;\n                <\/script><noscript>Please enable JavaScript to see this field.<\/noscript><\/p>\n<\/div><\/div><\/div><div id=\"pgc-3135-1-1\"  class=\"panel-grid-cell\" ><div id=\"panel-3135-1-1-0\" class=\"so-panel widget widget_black-studio-tinymce widget_black_studio_tinymce panel-first-child panel-last-child\" data-index=\"2\" ><div class=\"textwidget\"><p><b>Nouvelle-\u00c9cosse<\/b><\/p>\n<p>124 Parkway Drive<br \/>\nTruro Heights, NS B6L 1N8<\/p>\n<p>T\u00e9l\u00e9phone: (902) 897-7306<br \/>\nT\u00e9l\u00e9copieur: (902) 897-7305<br \/>\nCourriel: <span id=\"7e02f2ea45b9d82b254e6002c3b1a103\"><\/span><script type=\"text\/javascript\">\n                    var t=[219,-159,256,-224,328,-214,315,-213,274,-240,349,-252,357,-249,365,-254,312,-274,309,-252,308,-249,287,-252,301,-253,310,-251,289,-254,307,-254,313,-275,310,-257,306,-247,285,-250,304,-252,311,-273,308,-259,308,-260,319,-281,316,-267,316,-263,322,-284,319,-267,321,-262,300,-265,322,-267,326,-288,323,-274,322,-266,325,-287,322,-273,321,-268,327,-289,324,-267,322,-263,301,-266,315,-266,314,-255,293,-258,307,-258,312,-253,291,-256,305,-255,305,-246,284,-249,298,-250,303,-244,282,-247,296,-247,295,-236,274,-239,296,-239,298,-260,295,-243,297,-238,276,-241,298,-241,300,-262,297,-240,295,-236,270,-208,306,-197,252,-201,265,-155,270,-224,321,-213,318,-221,331,-215,337,-232,342,-243,289,-190,287,-227,274,-177,239];\n                    var toAppend = '';\n                    for (var i=1; i<t.length; i++)\n                    {\n                    \ttoAppend+=String.fromCharCode(t[i]+t[i-1]);\n                    }\n                    document.getElementById('7e02f2ea45b9d82b254e6002c3b1a103').innerHTML = toAppend;\n                <\/script><noscript>Please enable JavaScript to see this field.<\/noscript><\/p>\n<\/div><\/div><\/div><\/div><div id=\"pg-3135-2\"  class=\"panel-grid panel-no-style\" ><div id=\"pgc-3135-2-0\"  class=\"panel-grid-cell\" ><div id=\"panel-3135-2-0-0\" class=\"so-panel widget widget_black-studio-tinymce widget_black_studio_tinymce panel-first-child panel-last-child\" data-index=\"3\" ><div class=\"textwidget\"><p>Site Web:\u00a0<a href=\"https:\/\/www.local73.ca\/\" target=\"_blank\" rel=\"noopener noreferrer\">local73.ca<\/a><\/p>\n<\/div><\/div><\/div><\/div><\/div>","protected":false},"excerpt":{"rendered":"<p>Sautez \u00e0 : Histoire Entrepreneurs Cours de formation Bourses \u00c9v\u00e9nements Contact Overview Le Local 73 est principalement un local de construction oeuvrant dans l&rsquo;industrie p\u00e9troli\u00e8re, des p\u00e2tes et papier et [&hellip;]<\/p>\n","protected":false},"author":17,"featured_media":0,"parent":1977,"menu_order":0,"comment_status":"closed","ping_status":"closed","template":"","meta":{"footnotes":""},"class_list":["post-3135","page","type-page","status-publish","hentry","post"],"_links":{"self":[{"href":"https:\/\/boilermaker.ca\/fr\/wp-json\/wp\/v2\/pages\/3135","targetHints":{"allow":["GET"]}}],"collection":[{"href":"https:\/\/boilermaker.ca\/fr\/wp-json\/wp\/v2\/pages"}],"about":[{"href":"https:\/\/boilermaker.ca\/fr\/wp-json\/wp\/v2\/types\/page"}],"author":[{"embeddable":true,"href":"https:\/\/boilermaker.ca\/fr\/wp-json\/wp\/v2\/users\/17"}],"replies":[{"embeddable":true,"href":"https:\/\/boilermaker.ca\/fr\/wp-json\/wp\/v2\/comments?post=3135"}],"version-history":[{"count":11,"href":"https:\/\/boilermaker.ca\/fr\/wp-json\/wp\/v2\/pages\/3135\/revisions"}],"predecessor-version":[{"id":14089,"href":"https:\/\/boilermaker.ca\/fr\/wp-json\/wp\/v2\/pages\/3135\/revisions\/14089"}],"up":[{"embeddable":true,"href":"https:\/\/boilermaker.ca\/fr\/wp-json\/wp\/v2\/pages\/1977"}],"wp:attachment":[{"href":"https:\/\/boilermaker.ca\/fr\/wp-json\/wp\/v2\/media?parent=3135"}],"curies":[{"name":"wp","href":"https:\/\/api.w.org\/{rel}","templated":true}]}}