{"id":3347,"date":"2017-05-23T14:57:13","date_gmt":"2017-05-23T18:57:13","guid":{"rendered":"http:\/\/test.boilermaker.ca\/?page_id=3347\/"},"modified":"2020-12-17T17:00:07","modified_gmt":"2020-12-17T22:00:07","slug":"ccq-canada","status":"publish","type":"page","link":"https:\/\/boilermaker.ca\/fr\/loges\/ccq-canada\/","title":{"rendered":"CCQ Canada"},"content":{"rendered":"<h1>Conseil du contr\u00f4le de la qualit\u00e9 du Canada<\/h1>\n<p><b>Sautez \u00e0 :<\/b><br \/>\n<a href=\"#histoire\">Histoire<\/a><br \/>\n<a href=\"#employeurs\">Employeurs<\/a><br \/>\n<a href=\"#formation\">Cours de formation<\/a><br \/>\n<a href=\"#contact\">Contact<\/a><\/p>\n<p><b>Survol<\/b><\/p>\n<hr size=\"1\">\n<p>Le Conseil du contr\u00f4le de la qualit\u00e9 du Canada a vu le jour le 19 janvier 1973. Il regroupe actuellement quelques 2000 membres \u00e0 travers le Canada.<\/p>\n<p>Le CCQC est l&rsquo;agent n\u00e9gociateur pour les techniciens d&rsquo;essais non-destructifs qui font l&rsquo;inspection de pi\u00e8ces \u00e0 l&rsquo;int\u00e9rieur de la juridiction de la Fraternit\u00e9 internationale des Chaudronniers et de l&rsquo;Association unie des compagnons et apprentis de la plomberie et de la tuyauterie. Le CCQC n\u00e9gocie une convention collective nationale avec une association d&#8217;employeurs (NDTMA). Les membres du CCQC sont des membres de la Fraternit\u00e9 internationale des Chaudronniers ou de l&rsquo;Association unie et ils sont r\u00e9gis par la constitution et les r\u00e8glements de leur syndicat respectif. Ces membres poss\u00e8dent les qualifications requises pour effectuer :<\/p>\n<ul>\n<li><b>Inspection par radiographie (Rayons X)<\/b> \u2013 utilis\u00e9e pour l&rsquo;examen de la solidit\u00e9 interne des soudures, des pi\u00e8ces fondues ou forg\u00e9es et du mat\u00e9riel de placage.<\/li>\n<li><b>Inspection par radiographie (rayons gamma)<\/b> \u2013 utilis\u00e9e pour les m\u00eames fins que les rayons X, mais plus efficace pour les fortes \u00e9paisseurs et lorsque la mobilit\u00e9 est un avantage.<\/li>\n<li><b>Inspection par particule magn\u00e9tique<\/b> \u2013 permet de d\u00e9couvrir des d\u00e9fauts de surface et sous la surface qui ne sont pas trop profonds mais qui peuvent avoir \u00e9t\u00e9 manqu\u00e9\u00e9s par l&rsquo;inspection par radiographie. Elle s&rsquo;av\u00e8re particuli\u00e8rement utile dans l&rsquo;inspection de soudures d&rsquo;ajutage et de bouches d&rsquo;\u00e9gouts, de r\u00e9parations de soudures et pour la d\u00e9tection de laminations sur les bords des plaques.<\/li>\n<li><b>Inspection par p\u00e9n\u00e9trant (teinture)<\/b> \u2013 utilis\u00e9e principalement pour la d\u00e9tection de d\u00e9fauts de surface, pour les mat\u00e9riaux non magn\u00e9tiques et pour l&rsquo;inspection de soudures d&rsquo;ajutage et de bouches d&rsquo;\u00e9gouts lorsque la radiographie est difficile.<\/li>\n<li><b>Inspection par p\u00e9n\u00e9trant (fluorescent)<\/b> \u2013 utilis\u00e9e pour localiser les d\u00e9fauts qui traversent jusqu&rsquo;\u00e0 la surface, en particulier pour les mat\u00e9riaux non magn\u00e9tiques, les surfaces rugueuses et pour d\u00e9tecter la porosit\u00e9 qui serait autrement difficile \u00e0 localiser.<\/li>\n<li><b>Inspection par ultrasons<\/b> \u2013 utilis\u00e9e principalement pour la d\u00e9tection de d\u00e9fauts dans les soudures et les mat\u00e9riaux de placage et pour d\u00e9terminer l&rsquo;\u00e9paisseur du placage. Elle a l&rsquo;avantage de pouvoir pour avoir acc\u00e8s d&rsquo;un c\u00f4t\u00e9 de la pi\u00e8ce \u00e0 inspecter et qu&rsquo;elle peut trouver des petites fissures ou d\u00e9fauts qui ne sont pas d\u00e9tect\u00e9s par les films de radiographie, en particulier pour les r\u00e9cipients \u00e0 murs \u00e9pais.<\/li>\n<\/ul>\n<p><a name=\"histoire\"><\/a> <b>Histoire<\/b><\/p>\n<hr size=\"1\">\n<p>En 1970, les Chaudronniers et l&rsquo;Association unie concluent une proposition d&rsquo;entente collective conjointe avec Western Stress Relieving Services Inc. qui d\u00e9passerait les lignes traditionnelles de juridiction. L&rsquo;entente propos\u00e9e s&rsquo;appliquerait au traitement par la chaleur sur les installations relevant de la juridiction de travail des deux organisations.<\/p>\n<p>En 1971, un petit groupe de techniciens d&rsquo;essais non destructifs de la Colombie-Britannique d\u00e9cident pour leur bien-\u00eatre mutuel de s&rsquo;organiser et d&rsquo;\u00eatre repr\u00e9sent\u00e9s par un agent n\u00e9gociateur. Lors de travaux sur les chantiers, ils discutent avec les membres du Local 359 des Chaudronniers et du local 170 de l&rsquo;Association Unie. Les deux syndicats se rencontrent et conviennent que la situation, en ce qui concerne le travail sur les chantiers, est similaire aux probl\u00e8mes confrontant les techniciens de traitement par la chaleur travaillant dans des installations des Chaudronniers ou de l&rsquo;Association unie.<\/p>\n<p>Une rencontre avec les techniciens int\u00e9ress\u00e9s donne des r\u00e9sultats: une campagne de recrutement de la base est d\u00e9clench\u00e9e lorsqu&rsquo;un de ces techniciens accepte d&rsquo;aller sur les chantiers pour passer le mot \u00e0 tous les techniciens de la Colombie-Britannique. Gordon Finlay les conna\u00eet presque tous et d\u00e9couvre que l&rsquo;int\u00e9r\u00eat \u00e0 la syndicalisation est r\u00e9pandu. Bient\u00f4t, il r\u00e9ussit \u00e0 convaincre une majorit\u00e9 de signer des demandes d&rsquo;adh\u00e9sion des Chaudronniers et\/ou de l&rsquo;Association unie dans un rapport 50-50. En attendant la disposition des demandes d&rsquo;accr\u00e9ditation, les repr\u00e9sentants syndicaux approchent les entrepreneurs impliqu\u00e9s afin d&rsquo;amorcer la n\u00e9gociation d&rsquo;une convention collective. Ils acceptent et une convention collective est conclue au moment o\u00f9 le Conseil des relations de travail \u00e9met les accr\u00e9ditations.<\/p>\n<p>Le CCQC a \u00e9t\u00e9 fond\u00e9 \u00e0 Edmonton en 1973 lorsque les Chaudronniers et l&rsquo;Association unie adoptent une Constitution et \u00e9lisent les officiers tel que prescrit dans cette constitution. Gordon Finlay s&rsquo;am\u00e8ne en Alberta pour syndiquer les techniciens de cette province. Ayant obtenu du succ\u00e8s en Alberta, une campagne de syndicalisation est lanc\u00e9e en Ontario et se termine en victoire pour les techniciens. Au cours des ann\u00e9es, le CCQC s&rsquo;est r\u00e9pandu \u00e0 l&rsquo;\u00e9chelle du Canada pour le b\u00e9n\u00e9fice des techniciens et de l&rsquo;industrie..<\/p>\n<p><a name=\"employeurs\"><\/a> <b>Employeurs<\/b><\/p>\n<hr size=\"1\">\n<p>L&rsquo;association patronale \u00e0 la table de n\u00e9gociation est la Non Destructive Testing Management Association (NDTMA).<\/p>\n<p><a name=\"formation\"><\/a> <b>Training Programs\/Courses<\/b><\/p>\n<hr size=\"1\">\n<p>Le Fonds national de formation et la Soci\u00e9t\u00e9 de formation du CCQ commanditent des ateliers pratiques aux centres d\u2019Edmonton et de Hamilton de la Soci\u00e9t\u00e9 nationale de formation. Ces services visent \u00e0 aider les membres et les membres potentiels \u00e0 obtenir des ateliers pratiques avant de se pr\u00e9senter aux examens d\u2019accr\u00e9ditation ou de r\u00e9-accr\u00e9ditation du CGSB ainsi que pour aider \u00e0 d\u00e9velopper les comp\u00e9tences dans diverses m\u00e9thodes d\u2019END. Ces services sont gratuits \u00e0 ceux qui travaillent pr\u00e9sentement pour des compagnies syndiqu\u00e9es.<\/p>\n<p><a href=\"http:\/\/qcccanada.com\/course-calendars_f.shtml\" target=\"_blank\" rel=\"noopener\">Voir l&rsquo;horaire complet des cours de formation en END<\/a><\/p>\n<p><a href=\"http:\/\/qcccanada.com\/about-nts_f.shtml\" target=\"_blank\" rel=\"noopener\">En savoir plus sur la Soci\u00e9t\u00e9 nationale de formation (SNF)<\/a><\/p>\n<p><a name=\"contact\"><\/a> <b>Contact<\/b><\/p>\n<hr size=\"1\">\n<p>Pour trouver un repr\u00e9sentant dans votre r\u00e9gion, visitez <a href=\"https:\/\/qcccanada.ca\/en\/page\/contact-us?culture=fr\" target=\"_blank\" rel=\"noopener\">qcccanada.ca<\/a>.<\/p>\n","protected":false},"excerpt":{"rendered":"<p>Conseil du contr\u00f4le de la qualit\u00e9 du Canada Sautez \u00e0 : Histoire Employeurs Cours de formation Contact Survol Le Conseil du contr\u00f4le de la qualit\u00e9 du Canada a vu le [&hellip;]<\/p>\n","protected":false},"author":17,"featured_media":0,"parent":1977,"menu_order":0,"comment_status":"closed","ping_status":"closed","template":"","meta":{"footnotes":""},"class_list":["post-3347","page","type-page","status-publish","hentry","post"],"_links":{"self":[{"href":"https:\/\/boilermaker.ca\/fr\/wp-json\/wp\/v2\/pages\/3347","targetHints":{"allow":["GET"]}}],"collection":[{"href":"https:\/\/boilermaker.ca\/fr\/wp-json\/wp\/v2\/pages"}],"about":[{"href":"https:\/\/boilermaker.ca\/fr\/wp-json\/wp\/v2\/types\/page"}],"author":[{"embeddable":true,"href":"https:\/\/boilermaker.ca\/fr\/wp-json\/wp\/v2\/users\/17"}],"replies":[{"embeddable":true,"href":"https:\/\/boilermaker.ca\/fr\/wp-json\/wp\/v2\/comments?post=3347"}],"version-history":[{"count":11,"href":"https:\/\/boilermaker.ca\/fr\/wp-json\/wp\/v2\/pages\/3347\/revisions"}],"predecessor-version":[{"id":11531,"href":"https:\/\/boilermaker.ca\/fr\/wp-json\/wp\/v2\/pages\/3347\/revisions\/11531"}],"up":[{"embeddable":true,"href":"https:\/\/boilermaker.ca\/fr\/wp-json\/wp\/v2\/pages\/1977"}],"wp:attachment":[{"href":"https:\/\/boilermaker.ca\/fr\/wp-json\/wp\/v2\/media?parent=3347"}],"curies":[{"name":"wp","href":"https:\/\/api.w.org\/{rel}","templated":true}]}}