{"id":3400,"date":"2017-07-06T14:18:22","date_gmt":"2017-07-06T18:18:22","guid":{"rendered":"http:\/\/test.boilermaker.ca\/?page_id=3400\/"},"modified":"2018-10-24T12:58:45","modified_gmt":"2018-10-24T16:58:45","slug":"the-boilermaker-job-ready-app","status":"publish","type":"page","link":"https:\/\/boilermaker.ca\/fr\/the-boilermaker-job-ready-app\/","title":{"rendered":"Appli \u00ab Job Ready \u00bb"},"content":{"rendered":"<div id=\"pl-3400\"  class=\"panel-layout\" ><div id=\"pg-3400-0\"  class=\"panel-grid panel-no-style\" ><div id=\"pgc-3400-0-0\"  class=\"panel-grid-cell\" ><div id=\"panel-3400-0-0-0\" class=\"so-panel widget widget_sow-editor panel-first-child panel-last-child\" data-index=\"0\" ><div\n\t\t\t\n\t\t\tclass=\"so-widget-sow-editor so-widget-sow-editor-base\"\n\t\t\t\n\t\t>\n<div class=\"siteorigin-widget-tinymce textwidget\">\n\t<p><img loading=\"lazy\" decoding=\"async\" style=\"float: left; padding-right: 10px; padding-bottom: 16px;\" src=\"\/wp-content\/uploads\/phone-w-job-ready-b-400x400.png\" alt=\"Job Ready App\" width=\"375\" height=\"375\" align=\"left\" \/><\/p>\n<\/div>\n<\/div><\/div><\/div><div id=\"pgc-3400-0-1\"  class=\"panel-grid-cell\" ><div id=\"panel-3400-0-1-0\" class=\"so-panel widget widget_sow-editor panel-first-child panel-last-child\" data-index=\"1\" ><div\n\t\t\t\n\t\t\tclass=\"so-widget-sow-editor so-widget-sow-editor-base\"\n\t\t\t\n\t\t>\n<div class=\"siteorigin-widget-tinymce textwidget\">\n\t<p>Ayant pris acte de la mobilit\u00e9 de la main-d\u2019\u0153uvre qu\u2019elle repr\u00e9sente et tirant profit des avantages de la technologie des t\u00e9l\u00e9phones intelligents, la Fraternit\u00e9 internationale des chaudronniers (Canada) annonce le lancement officiel de la premi\u00e8re appli pour t\u00e9l\u00e9phone intelligent accessible \u00e0 tous les membres des Chaudronniers.<\/p>\n<p>Installez l\u2019appli \u00ab Job Ready \u00bb sur votre t\u00e9l\u00e9phone intelligent ou tablette \u00e9lectronique pour prendre connaissance des plus r\u00e9centes annonces, confirmer vos certifications de s\u00e9curit\u00e9 et mettre \u00e0 jour vos coordonn\u00e9es en quelques \u00e9tapes faciles. Cette appli fait l\u2019objet d\u2019am\u00e9liorations en continu et sera appel\u00e9e \u00e0 devenir un pr\u00e9cieux outil pour les membres au fur et \u00e0 mesure qu\u2019elle \u00e9volue.<\/p>\n<\/div>\n<\/div><\/div><\/div><\/div><div id=\"pg-3400-1\"  class=\"panel-grid panel-no-style\" ><div id=\"pgc-3400-1-0\"  class=\"panel-grid-cell panel-grid-cell-empty\" ><\/div><div id=\"pgc-3400-1-1\"  class=\"panel-grid-cell\" ><div id=\"panel-3400-1-1-0\" class=\"so-panel widget widget_sow-editor panel-first-child panel-last-child\" data-index=\"2\" ><div\n\t\t\t\n\t\t\tclass=\"so-widget-sow-editor so-widget-sow-editor-base\"\n\t\t\t\n\t\t>\n<div class=\"siteorigin-widget-tinymce textwidget\">\n\t<p><a href=\"https:\/\/itunes.apple.com\/ca\/app\/boilermaker-job-ready\/id1100045738?mt=8\" target=\"_blank\" rel=\"noopener\"><img loading=\"lazy\" decoding=\"async\" width=\"175\" height=\"52\" src=\"\/wp-content\/uploads\/Download_on_the_App_Store_Badge.jpg\" class=\"aligncenter size-full wp-image-5699\" \/><\/a><\/p>\n<\/div>\n<\/div><\/div><\/div><div id=\"pgc-3400-1-2\"  class=\"panel-grid-cell panel-grid-cell-mobile-last\" ><div id=\"panel-3400-1-2-0\" class=\"so-panel widget widget_sow-editor panel-first-child panel-last-child\" data-index=\"3\" ><div\n\t\t\t\n\t\t\tclass=\"so-widget-sow-editor so-widget-sow-editor-base\"\n\t\t\t\n\t\t>\n<div class=\"siteorigin-widget-tinymce textwidget\">\n\t<p><a href=\"https:\/\/play.google.com\/store\/apps\/details?id=ca.boilermaker.jobreadyapp\" target=\"_blank\" rel=\"noopener\"><img loading=\"lazy\" decoding=\"async\" width=\"175\" height=\"52\" class=\"aligncenter size-full wp-image-5698\" src=\"\/wp-content\/uploads\/google-play-badge.png\" \/><\/a><\/p>\n<\/div>\n<\/div><\/div><\/div><div id=\"pgc-3400-1-3\"  class=\"panel-grid-cell panel-grid-cell-empty\" ><\/div><\/div><div id=\"pg-3400-2\"  class=\"panel-grid panel-no-style\" ><div id=\"pgc-3400-2-0\"  class=\"panel-grid-cell\" ><div id=\"panel-3400-2-0-0\" class=\"so-panel widget widget_sow-editor panel-first-child panel-last-child\" data-index=\"4\" ><div\n\t\t\t\n\t\t\tclass=\"so-widget-sow-editor so-widget-sow-editor-base\"\n\t\t\t\n\t\t>\n<div class=\"siteorigin-widget-tinymce textwidget\">\n\t<h3>Caract\u00e9ristiques<\/h3>\n<ul>\n<li>Votre profil : Accessible \u00e0 tout membre des Chaudronniers ayant un compte. Il suffit d\u2019y entrer le nom d\u2019utilisateur et le mot de passe associ\u00e9s \u00e0 votre compte de membre<\/li>\n<li>Mise \u00e0 jour de votre adresse de courriel et de vos autres coordonn\u00e9es aux fins de permettre aux r\u00e9partiteurs de vous joindre. Il suffit de cliquer sur \u00ab Mon profil \u00bb<\/li>\n<li>Annonces : Possibilit\u00e9 de consulter les plus r\u00e9centes annonces en tout temps et de n\u2019importe o\u00f9<\/li>\n<li>Certifications de s\u00e9curit\u00e9<span style=\"color: #ff0000;\">*<\/span>: \u00c0 votre arriv\u00e9e sur un chantier, affichez et pr\u00e9sentez vos certifications de s\u00e9curit\u00e9 via l\u2019appli<\/li>\n<li>Bilingue : Les membres peuvent choisir la langue de leur choix (anglais ou fran\u00e7ais) en ouvrant une session r\u00e9serv\u00e9e aux membres (en ligne ou via l\u2019appli) et en mettant \u00e0 jour leur choix dans \u00ab Mon profil \u00bb<\/li>\n<li>Possibilit\u00e9 de g\u00e9rer votre profil de carte de voyage et de vous ajouter au r\u00e9pertoire de cartes de voyage<\/li>\n<li>Acc\u00e8s aux offres d\u2019emploi et possibilit\u00e9 d\u2019y poser sa candidature<\/li>\n<li>R\u00e9ception de notifications envoy\u00e9es directement \u00e0 votre appareil mobile (nouvelles offres d\u2019emploi et annonces prioritaires)<\/li>\n<li>Announcements: View the latest announcements anytime, anywhere.<\/li>\n<li><span style=\"color: #ff0000;\"><b>NOUVEAU!<\/b><\/span> Voir les annonces d\u2019autres sections locales<\/li>\n<\/ul>\n<p><span style=\"color: #ff0000;\">*<\/span> <b>Information importante concernant la mise \u00e0 jour des certifications de s\u00e9curit\u00e9 dans le syst\u00e8me national :<\/b><\/p>\n<ul>\n<li>Sections locales 73, 203 et 555 : Les certifications de s\u00e9curit\u00e9 sont mises \u00e0 jour automatiquement. Si votre information de certification est d\u00e9su\u00e8te, pri\u00e8re de communiquer avec votre section locale.<\/li>\n<li>Section locale 128 : Vous devez communiquer avec le coordonnateur de la formation de la section locale pour faire mettre \u00e0 jour vos certifications de s\u00e9curit\u00e9 dans le syst\u00e8me national. En raison des modifications r\u00e9cemment apport\u00e9es aux syst\u00e8mes informatiques, l\u2019exportation automatique des certifications \u00e0 la base de donn\u00e9es\/l\u2019appli nationale n\u2019est plus possible jusqu\u2019\u00e0 nouvel ordre, soit d\u2019ici \u00e0 ce que d\u2019autres modifications aient \u00e9t\u00e9 apport\u00e9es au syst\u00e8me. Nous faisons tout pour remettre le syst\u00e8me en ligne d\u00e8s que possible et sommes d\u00e9sol\u00e9s de tout inconv\u00e9nient.<\/li>\n<li>Autres sections locales : Vous devez acc\u00e9der \u00e0 la section \u00ab Mon profil \u00bb de votre compte pour mettre \u00e0 jour vos certifications de s\u00e9curit\u00e9.<\/li>\n<\/ul>\n<\/div>\n<\/div><\/div><\/div><\/div><\/div>","protected":false},"excerpt":{"rendered":"<p>Ayant pris acte de la mobilit\u00e9 de la main-d\u2019\u0153uvre qu\u2019elle repr\u00e9sente et tirant profit des avantages de la technologie des t\u00e9l\u00e9phones intelligents, la Fraternit\u00e9 internationale des chaudronniers (Canada) annonce le [&hellip;]<\/p>\n","protected":false},"author":17,"featured_media":0,"parent":0,"menu_order":0,"comment_status":"closed","ping_status":"closed","template":"","meta":{"footnotes":""},"class_list":["post-3400","page","type-page","status-publish","hentry","post"],"_links":{"self":[{"href":"https:\/\/boilermaker.ca\/fr\/wp-json\/wp\/v2\/pages\/3400","targetHints":{"allow":["GET"]}}],"collection":[{"href":"https:\/\/boilermaker.ca\/fr\/wp-json\/wp\/v2\/pages"}],"about":[{"href":"https:\/\/boilermaker.ca\/fr\/wp-json\/wp\/v2\/types\/page"}],"author":[{"embeddable":true,"href":"https:\/\/boilermaker.ca\/fr\/wp-json\/wp\/v2\/users\/17"}],"replies":[{"embeddable":true,"href":"https:\/\/boilermaker.ca\/fr\/wp-json\/wp\/v2\/comments?post=3400"}],"version-history":[{"count":12,"href":"https:\/\/boilermaker.ca\/fr\/wp-json\/wp\/v2\/pages\/3400\/revisions"}],"predecessor-version":[{"id":6504,"href":"https:\/\/boilermaker.ca\/fr\/wp-json\/wp\/v2\/pages\/3400\/revisions\/6504"}],"wp:attachment":[{"href":"https:\/\/boilermaker.ca\/fr\/wp-json\/wp\/v2\/media?parent=3400"}],"curies":[{"name":"wp","href":"https:\/\/api.w.org\/{rel}","templated":true}]}}