{"id":3841,"date":"2017-07-14T10:52:21","date_gmt":"2017-07-14T14:52:21","guid":{"rendered":"http:\/\/test.boilermaker.ca\/comptes-de-postulantpermis\/submit-an-online-application\/"},"modified":"2020-04-08T07:15:54","modified_gmt":"2020-04-08T11:15:54","slug":"completer-votre-demande-dadhesion","status":"publish","type":"page","link":"https:\/\/boilermaker.ca\/fr\/ouverture-de-session\/comptes-de-postulantpermis\/completer-votre-demande-dadhesion\/","title":{"rendered":"Comment compl\u00e9ter votre demande d&rsquo;adh\u00e9sion en ligne"},"content":{"rendered":"<div id=\"pl-3841\"  class=\"panel-layout\" ><div id=\"pg-3841-0\"  class=\"panel-grid panel-no-style\" ><div id=\"pgc-3841-0-0\"  class=\"panel-grid-cell\" ><div id=\"panel-3841-0-0-0\" class=\"so-panel widget widget_black-studio-tinymce widget_black_studio_tinymce panel-first-child\" data-index=\"0\" ><div class=\"textwidget\"><div style=\"text-align: left; border: 1px solid #CC0000; padding-right: 15px; padding-left: 15px;\">\n<h2>IMPORTANT:<\/h2>\n<ol type=\"1\">\n<li>Cette application est pour les NON-membres.<\/li>\n<li>Si vous \u00eates d\u00e9j\u00e0 un membre de la Fraternit\u00e9 internationale des Chaudronniers <a href=\"https:\/\/ibbtravelcard.ca\/fr\/Account\/Login\" target=\"_blank\" rel=\"noopener\">ouvrez une session ici<\/a> ou <a href=\"https:\/\/ibbtravelcard.ca\/fr\/Register\/Member\" target=\"_blank\" rel=\"noopener\">inscrivez-vous pour un compte ici<\/a>.<\/li>\n<li>Si vous \u00eates chaudronnier, soudeur ou fabricateur de m\u00e9tal d\u00e9tenant une accr\u00e9ditation du Sceau rouge <a href=\"http:\/\/133.boilermaker.ca\" target=\"_blank\">cliquez ici<\/a> pour en savoir davantage \u00e0 propos de devenir membre du Local 133.<\/li>\n<\/ol>\n<\/div>\n<\/div><\/div><div id=\"panel-3841-0-0-1\" class=\"so-panel widget widget_black-studio-tinymce widget_black_studio_tinymce\" data-index=\"1\" ><div class=\"textwidget\"><p>Merci de votre int\u00e9r\u00eat dans une carri\u00e8re avec la <b>Fraternit\u00e9 internationale des Chaudronniers<\/b>!<\/p>\n<p>Il y a 5 \u00e9tapes \u00e0 la demande d'adh\u00e9sion:<\/p>\n<ol type=\"1\">\n<li><b>Information personnelle<\/b>\u00a0- Vos coordonn\u00e9es<\/li>\n<li><b>Informations reli\u00e9es au poste<\/b>\u00a0- Votre date de disponibilit\u00e9, votre historique d'emploi, vos accr\u00e9ditations en soudure ou en sant\u00e9 et s\u00e9curit\u00e9 (si vous en poss\u00e9dez), t\u00e9l\u00e9chargement de votre curriculum\/lettre couverture (optionnel), etc.<\/li>\n<li><b>R\u00e9f\u00e9rences<\/b>\u00a0- Vos r\u00e9f\u00e9rences reli\u00e9es au travail<\/li>\n<li><b>Questionnaire<\/b>\u00a0- Un bref questionnaire visant \u00e0 \u00e9valuer quelles occasions d'emploi sont les plus appropri\u00e9es pour vous au sein de l'organisation des Chaudronniers.<\/li>\n<li><b>Conditions d'utilisation<\/b>\u00a0- Conditions d'utilisation des demandes d'adh\u00e9sion en ligne<\/li>\n<\/ol>\n<p>Pour compl\u00e9ter la demanded'adh\u00e9sion en ligne, simplement inscrire vos r\u00e9ponses aux endroits appropri\u00e9s. Apr\u00e8s avoir compl\u00e9t\u00e9 une \u00e9tape, cliquez sur le bouton \"Continuer\" au bas de la page pour acc\u00e9der \u00e0 l'\u00e9tape suivante. Si vous devez revenir \u00e0 une \u00e9tape ant\u00e9rieure, cliquez sur le bouton \"Retour\" au bas de la page.<\/p>\n<p>Une fois la demande d'adh\u00e9sion compl\u00e9t\u00e9e, cliquez sur \"Soumettre la demande\" pour acheminer votre demande. Une fois que votre demande sera re\u00e7ue, on vous assignera un num\u00e9ro de confirmation et un courriel de confirmation. Pri\u00e8re de les conserver pour r\u00e9f\u00e9rence ult\u00e9rieure.<\/p>\n<\/div><\/div><div id=\"panel-3841-0-0-2\" class=\"so-panel widget widget_sow-button\" data-index=\"2\" ><div\n\t\t\t\n\t\t\tclass=\"so-widget-sow-button so-widget-sow-button-atom-c0453cc09541-3841\"\n\t\t\t\n\t\t><div class=\"ow-button-base ow-button-align-center\"\n>\n\t\t\t<a\n\t\t\t\t\thref=\"https:\/\/ibbtravelcard.ca\/fr\/Apply\"\n\t\t\t\t\tclass=\"sowb-button ow-icon-placement-left ow-button-hover\" target=\"_blank\" rel=\"noopener noreferrer\" \t>\n\t\t<span>\n\t\t\t\n\t\t\tProc\u00e9dez \u00e0 la demande d'adh\u00e9sion en ligne\t\t<\/span>\n\t\t\t<\/a>\n\t<\/div>\n<\/div><\/div><div id=\"panel-3841-0-0-3\" class=\"so-panel widget widget_black-studio-tinymce widget_black_studio_tinymce panel-last-child\" data-index=\"3\" ><div class=\"textwidget\"><p><b>Des probl\u00e8mes?<\/b>\u00a0Pri\u00e8re de communiquer avec l'Appui au membre en\u00a0<a href=\"https:\/\/ibbtravelcard.ca\/fr\/ContactSupport\" target=\"_blank\" rel=\"noopener\">cliquant ici<\/a>.<\/p>\n<\/div><\/div><\/div><\/div><\/div>","protected":false},"excerpt":{"rendered":"<p>IMPORTANT: Cette application est pour les NON-membres. Si vous \u00eates d\u00e9j\u00e0 un membre de la Fraternit\u00e9 internationale des Chaudronniers ouvrez une session ici ou inscrivez-vous pour un compte ici. Si [&hellip;]<\/p>\n","protected":false},"author":17,"featured_media":0,"parent":2717,"menu_order":0,"comment_status":"closed","ping_status":"closed","template":"","meta":{"footnotes":""},"class_list":["post-3841","page","type-page","status-publish","hentry","post"],"_links":{"self":[{"href":"https:\/\/boilermaker.ca\/fr\/wp-json\/wp\/v2\/pages\/3841","targetHints":{"allow":["GET"]}}],"collection":[{"href":"https:\/\/boilermaker.ca\/fr\/wp-json\/wp\/v2\/pages"}],"about":[{"href":"https:\/\/boilermaker.ca\/fr\/wp-json\/wp\/v2\/types\/page"}],"author":[{"embeddable":true,"href":"https:\/\/boilermaker.ca\/fr\/wp-json\/wp\/v2\/users\/17"}],"replies":[{"embeddable":true,"href":"https:\/\/boilermaker.ca\/fr\/wp-json\/wp\/v2\/comments?post=3841"}],"version-history":[{"count":13,"href":"https:\/\/boilermaker.ca\/fr\/wp-json\/wp\/v2\/pages\/3841\/revisions"}],"predecessor-version":[{"id":9373,"href":"https:\/\/boilermaker.ca\/fr\/wp-json\/wp\/v2\/pages\/3841\/revisions\/9373"}],"up":[{"embeddable":true,"href":"https:\/\/boilermaker.ca\/fr\/wp-json\/wp\/v2\/pages\/2717"}],"wp:attachment":[{"href":"https:\/\/boilermaker.ca\/fr\/wp-json\/wp\/v2\/media?parent=3841"}],"curies":[{"name":"wp","href":"https:\/\/api.w.org\/{rel}","templated":true}]}}