{"id":5182,"date":"2017-08-15T09:11:17","date_gmt":"2017-08-15T13:11:17","guid":{"rendered":"http:\/\/boilermaker.ca\/history-of-the-international-brotherhood-of-boilermakers\/"},"modified":"2021-03-11T11:09:57","modified_gmt":"2021-03-11T16:09:57","slug":"histoire-de-la-fraternite-internationale-des-chaudronniers","status":"publish","type":"page","link":"https:\/\/boilermaker.ca\/fr\/histoire-de-la-fraternite-internationale-des-chaudronniers\/","title":{"rendered":"Histoire de la Fraternit\u00e9 internationale des chaudronniers"},"content":{"rendered":"<div id=\"pl-5182\"  class=\"panel-layout\" ><div id=\"pg-5182-0\"  class=\"panel-grid panel-no-style\" ><div id=\"pgc-5182-0-0\"  class=\"panel-grid-cell\" ><div id=\"panel-5182-0-0-0\" class=\"so-panel widget widget_black-studio-tinymce widget_black_studio_tinymce panel-first-child\" data-index=\"0\" ><div class=\"textwidget\"><p>La Fraternit\u00e9 internationale des chaudronniers, constructeurs de navires en fer, forgerons, forgeurs et aides a vu le jour le 1 septembre 1893. Ce jour-l\u00e0, lors d'une rencontre \u00e0 Chicago, les repr\u00e9sentants de la Fraternit\u00e9 internationale des chaudronniers et des constructeurs de navires en fer, qui avait \u00e9t\u00e9 fond\u00e9e le 1 octobre 1880, et la Fraternit\u00e9 nationale des chaudronniers, fond\u00e9e \u00e0 Atlanta en mai 1888, ont d\u00e9cid\u00e9 de consolider leurs organisations. Ils ont \u00e9galement d\u00e9cid\u00e9 que la nouvelle organisation, nomm\u00e9e Fraternit\u00e9 des chaudronniers et des constructeurs de navires en fer d'Am\u00e9rique, aurait son si\u00e8ge social \u00e0 Kansas City au Kansas.<\/p>\n<p>Les Chaudronniers ont une fi\u00e8re histoire de plus de 125 ans. Cliquer ci-dessous pour en savoir plus.<\/p>\n<p align=\"center\">\n<!--<iframe loading=\"lazy\" width=\"640\" height=\"360\" src=\"http:\/\/www.youtube-nocookie.com\/embed\/8E57i0womfA?rel=0\" frameborder=\"0\" allowfullscreen><\/iframe>--><br \/>\n<iframe loading=\"lazy\" src=\"https:\/\/player.vimeo.com\/video\/118632991\" width=\"640\" height=\"360\" frameborder=\"0\" allowfullscreen=\"allowfullscreen\"><\/iframe><\/p>\n<\/div><\/div><div id=\"panel-5182-0-0-1\" class=\"so-panel widget widget_black-studio-tinymce widget_black_studio_tinymce panel-last-child\" data-index=\"1\" ><div class=\"textwidget\"><p><b>Contenu connexe :<\/b><\/p>\n<ul>\n<li><a href=\"https:\/\/boilermaker.ca\/wp-content\/uploads\/David-Woodruff-in-photos-L359.pdf\" target=\"_blank\" rel=\"noopener\">David Woodruff: Lodge 359 Tank Welder, 1967-68<\/a> (PDF)<\/li>\n<li><a href=\"http:\/\/boilermaker.ca\/downloads\/History\/They Call Me Otis.pdf\" target=\"_blank\" rel=\"noopener\">They call Me Otis: The Jack Goode Story<\/a> (PDF)<\/li>\n<li><a href=\"http:\/\/boilermaker.ca\/downloads\/History\/Life of Bonnie Mar with the Boilermakers Local 191 amended January 15 2016 (002).pdf\" target=\"_blank\" rel=\"noopener\">The Career of Bonnie Mar with Boilermakers Local 191<\/a> (PDF)<\/li>\n<li><a id=\"69f274834b259\" rel=\"wp-video-lightbox\" href=\"https:\/\/www.youtube.com\/watch?v=8E57i0womfA&#038;rel=0&#038;width=640&#038;height=480\" title=\"\">History of Boilermakers<\/a>    <script>\r\n    \/* <![CDATA[ *\/\r\n    jQuery(document).ready(function($){\r\n        $(function(){\r\n            var width = $(window).innerWidth();\r\n            var setwidth = parseFloat(640);\r\n            var ratio = parseFloat(0.75);\r\n            var height = parseFloat(480);\r\n            var link = 'https:\/\/www.youtube.com\/watch?v=8E57i0womfA&amp;rel=0&amp;width=640&amp;height=480';\r\n            if(width < setwidth)\r\n            {\r\n                height = Math.floor(width * 0.75);\r\n                \/\/console.log(\"device width \"+width+\", set width \"+640+\", ratio \"+0.75+\", new height \"+ height);\r\n                var new_url = wpvl_paramReplace('width', link, width);\r\n                var new_url = wpvl_paramReplace('height', new_url, height);\r\n                $(\"a#69f274834b259\").attr('href', new_url);\r\n                \/\/console.log(new_url);\r\n            }\r\n        });\r\n    });\r\n    \/* ]]> *\/\r\n    <\/script> (video)<\/li>\n<li><a href=\"http:\/\/boilermaker.ca\/downloads\/History\/Letter to a Boilermaker-Fabricator Magazine in 1937.pdf\" target=\"_blank\" rel=\"noopener\">Letter to a Boilermaker-Fabricator Magazine in 1937<\/a> (PDF)<\/li>\n<li><a href=\"http:\/\/boilermaker.ca\/downloads\/History\/Career of Robert MacIntosh.pdf\" target=\"_blank\" rel=\"noopener\">The Working Career of Robert MacIntosh<\/a> (PDF)<\/li>\n<li><a href=\"http:\/\/boilermaker.ca\/downloads\/History\/Boiler Shutdown Prince George.pdf\" target=\"_blank\" rel=\"noopener\">Boiler Shutdown - Prince George, B.C., 1978<\/a> (PDF)<\/li>\n<li><a href=\"http:\/\/www.boilermakermuseum.org\/\" target=\"_blank\" rel=\"noopener\">The Boilermaker Museum of Photography and Film Website<\/a><\/li>\n<li><a href=\"http:\/\/boilermaker.ca\/downloads\/History\/Memoirs of Percy Wilson.pdf\" target=\"_blank\" rel=\"noopener\">A Boilermaker's Story: Percy W. Wilson<\/a> (PDF)<\/li>\n<li><a href=\"http:\/\/boilermaker.ca\/downloads\/History\/Bill Charun.pdf\" target=\"_blank\" rel=\"noopener\">The Boilermaking Career of William Charun<\/a> (PDF)<\/li>\n<li><a href=\"http:\/\/boilermaker.ca\/downloads\/History\/History of International Brotherhood of Boilermakers fr.pdf\" target=\"_blank\" rel=\"noopener\">Un bref r\u00e9sum\u00e9 de l'histoire de la Fraternit\u00e9 internationale des Chaudronniers au Canada<\/a> (PDF)<\/li>\n<li><a href=\"http:\/\/boilermaker.ca\/downloads\/History\/Kemano.pdf\" target=\"_blank\" rel=\"noopener\">1950-1954: The Kemano Project, British Columbia<\/a> (PDF)<\/li>\n<li><a href=\"http:\/\/boilermaker.ca\/photos\/BoilermakersThroughoutHistory\/index.html\" target=\"_blank\" rel=\"noopener\">Boilermakers Throughout History in Photos<\/a><\/li>\n<\/ul>\n<\/div><\/div><\/div><\/div><\/div>","protected":false},"excerpt":{"rendered":"<p>La Fraternit\u00e9 internationale des chaudronniers, constructeurs de navires en fer, forgerons, forgeurs et aides a vu le jour le 1 septembre 1893. Ce jour-l\u00e0, lors d&rsquo;une rencontre \u00e0 Chicago, les [&hellip;]<\/p>\n","protected":false},"author":17,"featured_media":0,"parent":0,"menu_order":0,"comment_status":"closed","ping_status":"closed","template":"","meta":{"footnotes":""},"class_list":["post-5182","page","type-page","status-publish","hentry","post"],"_links":{"self":[{"href":"https:\/\/boilermaker.ca\/fr\/wp-json\/wp\/v2\/pages\/5182","targetHints":{"allow":["GET"]}}],"collection":[{"href":"https:\/\/boilermaker.ca\/fr\/wp-json\/wp\/v2\/pages"}],"about":[{"href":"https:\/\/boilermaker.ca\/fr\/wp-json\/wp\/v2\/types\/page"}],"author":[{"embeddable":true,"href":"https:\/\/boilermaker.ca\/fr\/wp-json\/wp\/v2\/users\/17"}],"replies":[{"embeddable":true,"href":"https:\/\/boilermaker.ca\/fr\/wp-json\/wp\/v2\/comments?post=5182"}],"version-history":[{"count":5,"href":"https:\/\/boilermaker.ca\/fr\/wp-json\/wp\/v2\/pages\/5182\/revisions"}],"predecessor-version":[{"id":11974,"href":"https:\/\/boilermaker.ca\/fr\/wp-json\/wp\/v2\/pages\/5182\/revisions\/11974"}],"wp:attachment":[{"href":"https:\/\/boilermaker.ca\/fr\/wp-json\/wp\/v2\/media?parent=5182"}],"curies":[{"name":"wp","href":"https:\/\/api.w.org\/{rel}","templated":true}]}}