{"id":7555,"date":"2019-03-18T09:51:26","date_gmt":"2019-03-18T13:51:26","guid":{"rendered":"https:\/\/boilermaker.ca\/au-sujet-de\/notre-leadership\/arnie-stadnick\/"},"modified":"2025-06-11T14:08:50","modified_gmt":"2025-06-11T18:08:50","slug":"arnie-stadnick","status":"publish","type":"page","link":"https:\/\/boilermaker.ca\/fr\/au-sujet-de\/notre-leadership\/arnie-stadnick\/","title":{"rendered":"Arnie Stadnick"},"content":{"rendered":"<div id=\"pl-7555\"  class=\"panel-layout\" ><div id=\"pg-7555-0\"  class=\"panel-grid panel-no-style\" ><div id=\"pgc-7555-0-0\"  class=\"panel-grid-cell\" ><div id=\"panel-7555-0-0-0\" class=\"so-panel widget widget_sow-editor panel-first-child panel-last-child\" data-index=\"0\" ><div\n\t\t\t\n\t\t\tclass=\"so-widget-sow-editor so-widget-sow-editor-base\"\n\t\t\t\n\t\t>\n<div class=\"siteorigin-widget-tinymce textwidget\">\n\t<p><b>Arnie Stadnick<\/b><br \/>\n<strong>Vice-pr\u00e9sident international pour le Canada<\/strong><\/p>\n<p><a href=\"\/fr\/au-sujet-de\/notre-leadership\/\">Retournez \u00e0 notre leadership<\/a><\/p>\n<\/div>\n<\/div><\/div><\/div><\/div><div id=\"pg-7555-1\"  class=\"panel-grid panel-no-style\" ><div id=\"pgc-7555-1-0\"  class=\"panel-grid-cell\" ><div id=\"panel-7555-1-0-0\" class=\"so-panel widget widget_sow-editor panel-first-child panel-last-child\" data-index=\"1\" ><div\n\t\t\t\n\t\t\tclass=\"so-widget-sow-editor so-widget-sow-editor-base\"\n\t\t\t\n\t\t>\n<div class=\"siteorigin-widget-tinymce textwidget\">\n\t<p>Arnie a commenc\u00e9 sa carri\u00e8re de chaudronnier en 1982 \u00e0 la section locale 146 (Edmonton, Alberta). Il a travaill\u00e9 dans les divisions de l\u2019ISO et de l\u2019OSC en tant qu\u2019apprenti, compagnon, d\u00e9l\u00e9gu\u00e9 de chantier, contrema\u00eetre, contrema\u00eetre g\u00e9n\u00e9ral et surintendant sur divers chantiers.<\/p>\n<p>En 2005, Arnie a commenc\u00e9 \u00e0 travailler pour la section locale 146 en tant que repr\u00e9sentant d\u2019affaires et directeur adjoint des affaires. Les membres de la section locale 146 l\u2019ont \u00e9lu directeur commercial\/secr\u00e9taire-tr\u00e9sorier (BM\/ST) en 2011 et de nouveau en 2013.<\/p>\n<p>Arnie s\u2019est joint \u00e0 l\u2019\u00e9quipe en 2015 en tant que repr\u00e9sentant international. En 2017, il a \u00e9t\u00e9 nomm\u00e9 Directeur Canadien de l\u2019ISO. Arnie est dipl\u00f4m\u00e9 du programme syndical de Harvard en 2017.<\/p>\n<p>En 2019, Arnie a \u00e9t\u00e9 \u00e9lu Vice-Pr\u00e9sident international pour le Canada et r\u00e9\u00e9lu en 2021.<\/p>\n<\/div>\n<\/div><\/div><\/div><div id=\"pgc-7555-1-1\"  class=\"panel-grid-cell\" ><div id=\"panel-7555-1-1-0\" class=\"so-panel widget widget_media_image panel-first-child panel-last-child\" data-index=\"2\" ><div style=\"width: 330px\" class=\"wp-caption alignnone\"><img loading=\"lazy\" decoding=\"async\" width=\"320\" height=\"400\" src=\"https:\/\/boilermaker.ca\/wp-content\/uploads\/arnie-stadnick-vice-president-320x400.jpg\" class=\"image wp-image-7302  attachment-medium size-medium\" alt=\"Arnie Stadnick, International Vice-President for Canada\" style=\"max-width: 100%; height: auto;\" srcset=\"https:\/\/boilermaker.ca\/wp-content\/uploads\/arnie-stadnick-vice-president-320x400.jpg 320w, https:\/\/boilermaker.ca\/wp-content\/uploads\/arnie-stadnick-vice-president.jpg 431w\" sizes=\"auto, (max-width: 320px) 100vw, 320px\" \/><p class=\"wp-caption-text\">Arnie Stadnick, International Vice-President for Canada<\/p><\/div><\/div><\/div><\/div><\/div>","protected":false},"excerpt":{"rendered":"<p>Arnie Stadnick Vice-pr\u00e9sident international pour le Canada Retournez \u00e0 notre leadership Arnie a commenc\u00e9 sa carri\u00e8re de chaudronnier en 1982 \u00e0 la section locale 146 (Edmonton, Alberta). Il a travaill\u00e9 [&hellip;]<\/p>\n","protected":false},"author":17,"featured_media":0,"parent":2946,"menu_order":0,"comment_status":"closed","ping_status":"closed","template":"","meta":{"footnotes":""},"class_list":["post-7555","page","type-page","status-publish","hentry","post"],"_links":{"self":[{"href":"https:\/\/boilermaker.ca\/fr\/wp-json\/wp\/v2\/pages\/7555","targetHints":{"allow":["GET"]}}],"collection":[{"href":"https:\/\/boilermaker.ca\/fr\/wp-json\/wp\/v2\/pages"}],"about":[{"href":"https:\/\/boilermaker.ca\/fr\/wp-json\/wp\/v2\/types\/page"}],"author":[{"embeddable":true,"href":"https:\/\/boilermaker.ca\/fr\/wp-json\/wp\/v2\/users\/17"}],"replies":[{"embeddable":true,"href":"https:\/\/boilermaker.ca\/fr\/wp-json\/wp\/v2\/comments?post=7555"}],"version-history":[{"count":10,"href":"https:\/\/boilermaker.ca\/fr\/wp-json\/wp\/v2\/pages\/7555\/revisions"}],"predecessor-version":[{"id":15505,"href":"https:\/\/boilermaker.ca\/fr\/wp-json\/wp\/v2\/pages\/7555\/revisions\/15505"}],"up":[{"embeddable":true,"href":"https:\/\/boilermaker.ca\/fr\/wp-json\/wp\/v2\/pages\/2946"}],"wp:attachment":[{"href":"https:\/\/boilermaker.ca\/fr\/wp-json\/wp\/v2\/media?parent=7555"}],"curies":[{"name":"wp","href":"https:\/\/api.w.org\/{rel}","templated":true}]}}