{"id":7684,"date":"2019-04-08T16:44:59","date_gmt":"2019-04-08T20:44:59","guid":{"rendered":"https:\/\/boilermaker.ca\/boilermaker-code\/"},"modified":"2019-04-11T10:33:22","modified_gmt":"2019-04-11T14:33:22","slug":"code-chaudronnier","status":"publish","type":"page","link":"https:\/\/boilermaker.ca\/fr\/code-chaudronnier\/","title":{"rendered":"Le Code Chaudronnier"},"content":{"rendered":"<div id=\"pl-7684\"  class=\"panel-layout\" ><div id=\"pg-7684-0\"  class=\"panel-grid panel-no-style\" ><div id=\"pgc-7684-0-0\"  class=\"panel-grid-cell\" ><div id=\"panel-7684-0-0-0\" class=\"so-panel widget widget_sow-image panel-first-child panel-last-child\" data-index=\"0\" ><div\n\t\t\t\n\t\t\tclass=\"so-widget-sow-image so-widget-sow-image-default-a258e6bfa2d8-7684\"\n\t\t\t\n\t\t>\n<div class=\"sow-image-container\">\n\t\t<img \n\tsrc=\"https:\/\/boilermaker.ca\/wp-content\/uploads\/boilermaker-code-fr.jpg\" title=\"Le Code Chaudronnier\" alt=\"The Boilermaker Code\" \t\tclass=\"so-widget-image\"\/>\n\t<\/div>\n\n<\/div><\/div><\/div><div id=\"pgc-7684-0-1\"  class=\"panel-grid-cell\" ><div id=\"panel-7684-0-1-0\" class=\"so-panel widget widget_sow-editor panel-first-child panel-last-child\" data-index=\"1\" ><div\n\t\t\t\n\t\t\tclass=\"so-widget-sow-editor so-widget-sow-editor-base\"\n\t\t\t\n\t\t>\n<div class=\"siteorigin-widget-tinymce textwidget\">\n\t<h5 style=\"text-align: left; margin-top:0px;\">Je suis un Chaudronnier.<\/h5>\n<h5 style=\"text-align: left;\">Je suis un travailler de m\u00e9tier sp\u00e9cialis\u00e9 et un travailler d'\u00e9quipe.<\/h5>\n<h5 style=\"text-align: left;\">Je travaille pour ma famille, mon \u00e9quipage, mon syndicat et mon employeur.<\/h5>\n<h5 style=\"text-align: left;\">Je fais partie d'une fraternit\u00e9 riche d'un h\u00e9ritage de plus de 130 ans.<\/h5>\n<h5 style=\"text-align: left;\">Je rends hommage \u00e0 mes mentors, qui m'ont pr\u00e9c\u00e9d\u00e9.<\/h5>\n<h5 style=\"text-align: left;\">Je rend hommage \u00e0 la bataille qu'ils ont men\u00e9e pour me permettre aujourd'hui de me syndiquer.<\/h5>\n<h5 style=\"text-align: left;\">Je respecte leur savoir, leur leadership et leur integrit\u00e9.<\/h5>\n<h5 style=\"text-align: left;\">Je me pr\u00e9sente \u00e0 l'heure et pr\u00eat \u00e0 commencer le travail.<\/h5>\n<h5 style=\"text-align: left;\">Je livre un travail de qualit\u00e9 en \u00e9nchange d'une paye d\u00e9cente.<\/h5>\n<h5 style=\"text-align: left;\">Je respecte notre contrat n\u00e9goci\u00e9 et je laisse mes d\u00e9l\u00e9gu\u00e9s et repr\u00e9sentants syndicaux faire leur travail.<\/h5>\n<h5 style=\"text-align: left;\">Je suis responsable de mes actions et de rendre des comptes.<\/h5>\n<h5 style=\"text-align: left;\">Je fais les choses correctement la premi\u00e8re fois.<\/h5>\n<h5 style=\"text-align: left;\">J'excelle dans la r\u00e9solution de probl\u00e8mes.<\/h5>\n<h5 style=\"text-align: left;\">Je suis un invit\u00e9 sur les chantiers et je me comporte en cons\u00e9quence.<\/h5>\n<h5 style=\"text-align: left;\">Je suis constamment en train d'apprendre et de partager mon savoir.<\/h5>\n<h5 style=\"text-align: left;\">Je travaille toujours de fa\u00e7on s\u00e9curitaire et j'exige que ceux autour de moi fassent de m\u00eame.<\/h5>\n<h5 style=\"text-align: left;\">Je suis le guardien de mon m\u00e9tier et du mode de vie syndical.<\/h5>\n<h5 style=\"text-align: left;\">Je suis un Chaudronnier.<\/h5>\n<\/div>\n<\/div><\/div><\/div><\/div><\/div>","protected":false},"excerpt":{"rendered":"<p>Je suis un Chaudronnier. Je suis un travailler de m\u00e9tier sp\u00e9cialis\u00e9 et un travailler d&rsquo;\u00e9quipe. Je travaille pour ma famille, mon \u00e9quipage, mon syndicat et mon employeur. Je fais partie [&hellip;]<\/p>\n","protected":false},"author":17,"featured_media":0,"parent":0,"menu_order":0,"comment_status":"closed","ping_status":"closed","template":"","meta":{"footnotes":""},"class_list":["post-7684","page","type-page","status-publish","hentry","post"],"_links":{"self":[{"href":"https:\/\/boilermaker.ca\/fr\/wp-json\/wp\/v2\/pages\/7684","targetHints":{"allow":["GET"]}}],"collection":[{"href":"https:\/\/boilermaker.ca\/fr\/wp-json\/wp\/v2\/pages"}],"about":[{"href":"https:\/\/boilermaker.ca\/fr\/wp-json\/wp\/v2\/types\/page"}],"author":[{"embeddable":true,"href":"https:\/\/boilermaker.ca\/fr\/wp-json\/wp\/v2\/users\/17"}],"replies":[{"embeddable":true,"href":"https:\/\/boilermaker.ca\/fr\/wp-json\/wp\/v2\/comments?post=7684"}],"version-history":[{"count":5,"href":"https:\/\/boilermaker.ca\/fr\/wp-json\/wp\/v2\/pages\/7684\/revisions"}],"predecessor-version":[{"id":7689,"href":"https:\/\/boilermaker.ca\/fr\/wp-json\/wp\/v2\/pages\/7684\/revisions\/7689"}],"wp:attachment":[{"href":"https:\/\/boilermaker.ca\/fr\/wp-json\/wp\/v2\/media?parent=7684"}],"curies":[{"name":"wp","href":"https:\/\/api.w.org\/{rel}","templated":true}]}}