{"id":8175,"date":"2019-09-20T08:54:04","date_gmt":"2019-09-20T12:54:04","guid":{"rendered":"https:\/\/boilermaker.ca\/get-the-boilermaker-advantage\/"},"modified":"2019-09-20T09:08:29","modified_gmt":"2019-09-20T13:08:29","slug":"lavantage-detre-chaudronnier","status":"publish","type":"page","link":"https:\/\/boilermaker.ca\/fr\/lavantage-detre-chaudronnier\/","title":{"rendered":"L\u2019avantage Chaudronnier"},"content":{"rendered":"<div id=\"pl-8175\"  class=\"panel-layout\" ><div id=\"pg-8175-0\"  class=\"panel-grid panel-no-style\" ><div id=\"pgc-8175-0-0\"  class=\"panel-grid-cell\" ><div id=\"panel-8175-0-0-0\" class=\"so-panel widget widget_sow-editor panel-first-child panel-last-child\" data-index=\"0\" ><div\n\t\t\t\n\t\t\tclass=\"so-widget-sow-editor so-widget-sow-editor-base\"\n\t\t\t\n\t\t>\n<div class=\"siteorigin-widget-tinymce textwidget\">\n\t<div id=\"attachment_2032\" class=\"wp-caption alignnone\" style=\"width: 650px\"><img loading=\"lazy\" decoding=\"async\" class=\"size-full wp-image-2032\" src=\"https:\/\/boilermaker.ca\/wp-content\/uploads\/boilermaker-advantage.jpg\" alt=\"Boilermaker-welder\" width=\"650\" height=\"433\" srcset=\"https:\/\/boilermaker.ca\/wp-content\/uploads\/boilermaker-advantage.jpg 650w, https:\/\/boilermaker.ca\/wp-content\/uploads\/boilermaker-advantage-320x213.jpg 320w, https:\/\/boilermaker.ca\/wp-content\/uploads\/boilermaker-advantage-640x426.jpg 640w, https:\/\/boilermaker.ca\/wp-content\/uploads\/boilermaker-advantage-272x182.jpg 272w\" sizes=\"auto, (max-width: 650px) 100vw, 650px\" \/><p class=\"wp-caption-text\">Les Chaudronniers canadiens d\u2019aujourd\u2019hui sont un \u00e9l\u00e9ment vital des gros projets qui alimentent notre \u00e9conomie. Les membres et les employeurs b\u00e9n\u00e9ficient de l\u2019Avantage Chaudronnier<\/p><\/div>\n<p>Le syndicat canadien des Chaudronniers qui fait partie de la Fraternit\u00e9 internationale des Chaudronniers, constructeurs de navires de fer, forgeurs, forgerons et aides (FIC) a ses racines qui remonte \u00e0 1880.<\/p>\n<p>Au cours des 135 ann\u00e9es suivantes, les membres du syndicat des Chaudronniers au Canada sont au sommet de leur m\u00e9tier, construisant, installant et entretenant les usines industrielles d\u2019importance strat\u00e9gique et d\u2019\u00e9quipement lourd qui ont aliment\u00e9 la croissance \u00e9conomique de notre pays.<\/p>\n<h4>Qu\u2019est-ce que l\u2019Avantage Chaudronnier signifie pour vous?<\/h4>\n<\/div>\n<\/div><\/div><\/div><\/div><div id=\"pg-8175-1\"  class=\"panel-grid panel-no-style\" ><div id=\"pgc-8175-1-0\"  class=\"panel-grid-cell\" ><div id=\"panel-8175-1-0-0\" class=\"so-panel widget widget_sow-editor panel-first-child panel-last-child\" data-index=\"1\" ><div\n\t\t\t\n\t\t\tclass=\"so-widget-sow-editor so-widget-sow-editor-base\"\n\t\t\t\n\t\t>\n<div class=\"siteorigin-widget-tinymce textwidget\">\n\t<h5>Pour les membres<\/h5>\n<p>Les membres des Chaudronniers au Canada re\u00e7oivent les meilleurs salaires, les meilleurs b\u00e9n\u00e9fices et la meilleure protection d\u2019emploi de l\u2019industrie.<\/p>\n<ul>\n<li><a href=\"http:\/\/boilermaker.ca\/fr\/combien-ca-paye\/\">Vous pouvez gagner plus de 50$ l\u2019heure en tant que membre<\/a> des Chaudronniers \u2013 encore plus avec le surtemps.<\/li>\n<li>Vos b\u00e9n\u00e9fices de sant\u00e9 et de bien-\u00eatre sont les meilleurs, avec un excellent plan dentaire et de m\u00e9dicaments, des prestations g\u00e9n\u00e9reuses d\u2019incapacit\u00e9 si vous \u00eates malades ou bless\u00e9, m\u00eame une couverture pour vous et votre famille lors de voyages hors du Canada.<\/li>\n<li>Vous serez inscrit dans un puissant r\u00e9gime de pension de milliards de dollars qui assurera une s\u00e9curit\u00e9 de retraite pour vous et votre famille.<\/li>\n<li>Vous serez respect\u00e9 au travail avec vos droits prot\u00e9g\u00e9s par une convention collective.<\/li>\n<li>Vous travaillerez dans une \u00e9quipe avec les meilleurs dans le m\u00e9tier, qu\u2019ils soient d\u2019autres Chaudronniers, des entrepreneurs ou des superviseurs.<\/li>\n<li>Le syndicat a des conventions collectives avec les plus gros employeurs de l\u2019Am\u00e9rique du Nord. Il y a plusieurs occasions d\u2019emploi et d\u2019avancement de carri\u00e8re.<\/li>\n<li>Vous pouvez vous pr\u00e9valoir des \u00e9tablissements de formation de fine pointe du syndicat \u00e0 travers le pays pour perfectionner vos connaissances et vos comp\u00e9tences, vous pla\u00e7ant bien en avant des travailleurs non syndiqu\u00e9s. Vous pourrez pratiquer, perfectionner et r\u00e9accr\u00e9diter vos comp\u00e9tences selon le besoin, vous maintenant au sommet du m\u00e9tier.<\/li>\n<li>Vous pourrez accepter du travail \u00e0 travers le Canada.<\/li>\n<li>Vous aurez acc\u00e8s au site web pour nos membres avec des nouvelles, des offres de travail, de la formation en ligne avec le Boilermaker Virtual Campus\u00ae, les nouvelles de l\u2019industrie et plus encore.<\/li>\n<\/ul>\n<\/div>\n<\/div><\/div><\/div><div id=\"pgc-8175-1-1\"  class=\"panel-grid-cell\" ><div id=\"panel-8175-1-1-0\" class=\"so-panel widget widget_media_image panel-first-child\" data-index=\"2\" ><div style=\"width: 323px\" class=\"wp-caption alignnone\"><img loading=\"lazy\" decoding=\"async\" width=\"313\" height=\"200\" src=\"https:\/\/boilermaker.ca\/wp-content\/uploads\/boilermaker-advantage-3.jpg\" class=\"image wp-image-2037  attachment-full size-full\" alt=\"Boilermakers shipbuilding &amp; repair\" style=\"max-width: 100%; height: auto;\" \/><p class=\"wp-caption-text\">Plusieurs Chaudronniers travaillent dans l\u2019industrie de la construction et r\u00e9paration navale<\/p><\/div><\/div><div id=\"panel-8175-1-1-1\" class=\"so-panel widget widget_media_image panel-last-child\" data-index=\"3\" ><div style=\"width: 360px\" class=\"wp-caption alignnone\"><img loading=\"lazy\" decoding=\"async\" width=\"350\" height=\"225\" src=\"https:\/\/boilermaker.ca\/wp-content\/uploads\/boilermaker-advantage-7.jpg\" class=\"image wp-image-2038  attachment-full size-full\" alt=\"Boilermakers at oil sands.\" style=\"max-width: 100%; height: auto;\" srcset=\"https:\/\/boilermaker.ca\/wp-content\/uploads\/boilermaker-advantage-7.jpg 350w, https:\/\/boilermaker.ca\/wp-content\/uploads\/boilermaker-advantage-7-320x206.jpg 320w\" sizes=\"auto, (max-width: 350px) 100vw, 350px\" \/><p class=\"wp-caption-text\">Les Chaudronniers jouent un r\u00f4le vital dans l\u2019exploitation des sables bitumineux de l\u2019Alberta et dans d\u2019autres grosses usines de raffinage et de transformation de produits \u00e9nerg\u00e9tiques.<\/p><\/div><\/div><\/div><\/div><div id=\"pg-8175-2\"  class=\"panel-grid panel-no-style\" ><div id=\"pgc-8175-2-0\"  class=\"panel-grid-cell\" ><div id=\"panel-8175-2-0-0\" class=\"so-panel widget widget_sow-editor panel-first-child panel-last-child\" data-index=\"4\" ><div\n\t\t\t\n\t\t\tclass=\"so-widget-sow-editor so-widget-sow-editor-base\"\n\t\t\t\n\t\t>\n<div class=\"siteorigin-widget-tinymce textwidget\">\n\t<h5>Pour les entrepreneurs et les clients<\/h5>\n<p>Le syndicat des Chaudronniers au Canada est le plus important fournisseur de chaudronniers qualifi\u00e9s au Canada et avec raison:<\/p>\n<ul>\n<li>Votre compagnie se pr\u00e9vaudra des comp\u00e9tences et de la formation des gens les mieux qualifi\u00e9s dans le m\u00e9tier.<\/li>\n<li>Votre projet sera compl\u00e9t\u00e9 en temps avec aucun temps perdu \u00e0 cause d\u2019accidents.<\/li>\n<li>Nos membres travaillent dans toutes les conditions, partout en Am\u00e9rique du Nord, souvent avec des avis brefs.<\/li>\n<li>Lorsque vous embauchez un Chaudronnier, votre compagnie se joint au rang des meilleurs de l\u2019industrie.<\/li>\n<\/ul>\n<\/div>\n<\/div><\/div><\/div><\/div><div id=\"pg-8175-3\"  class=\"panel-grid panel-no-style\" ><div id=\"pgc-8175-3-0\"  class=\"panel-grid-cell\" ><div id=\"panel-8175-3-0-0\" class=\"so-panel widget widget_sow-editor panel-first-child panel-last-child\" data-index=\"5\" ><div\n\t\t\t\n\t\t\tclass=\"so-widget-sow-editor so-widget-sow-editor-base\"\n\t\t\t\n\t\t>\n<div class=\"siteorigin-widget-tinymce textwidget\">\n\t<h5>Plus d\u2019information?<\/h5>\n<p><a href=\"\/fr\/contactez-nous\/\">Trouvez le bureau des Chaudronniers pr\u00e8s de chez vous.<\/a><\/p>\n<p><a href=\"\/fr\/joignez-nous\/\">Postulez pour devenir membre du syndicat des Chaudronniers au Canada<\/a><\/p>\n<\/div>\n<\/div><\/div><\/div><\/div><\/div>","protected":false},"excerpt":{"rendered":"<p>Le syndicat canadien des Chaudronniers qui fait partie de la Fraternit\u00e9 internationale des Chaudronniers, constructeurs de navires de fer, forgeurs, forgerons et aides (FIC) a ses racines qui remonte \u00e0 [&hellip;]<\/p>\n","protected":false},"author":17,"featured_media":0,"parent":0,"menu_order":0,"comment_status":"closed","ping_status":"closed","template":"","meta":{"footnotes":""},"class_list":["post-8175","page","type-page","status-publish","hentry","post"],"_links":{"self":[{"href":"https:\/\/boilermaker.ca\/fr\/wp-json\/wp\/v2\/pages\/8175","targetHints":{"allow":["GET"]}}],"collection":[{"href":"https:\/\/boilermaker.ca\/fr\/wp-json\/wp\/v2\/pages"}],"about":[{"href":"https:\/\/boilermaker.ca\/fr\/wp-json\/wp\/v2\/types\/page"}],"author":[{"embeddable":true,"href":"https:\/\/boilermaker.ca\/fr\/wp-json\/wp\/v2\/users\/17"}],"replies":[{"embeddable":true,"href":"https:\/\/boilermaker.ca\/fr\/wp-json\/wp\/v2\/comments?post=8175"}],"version-history":[{"count":3,"href":"https:\/\/boilermaker.ca\/fr\/wp-json\/wp\/v2\/pages\/8175\/revisions"}],"predecessor-version":[{"id":8178,"href":"https:\/\/boilermaker.ca\/fr\/wp-json\/wp\/v2\/pages\/8175\/revisions\/8178"}],"wp:attachment":[{"href":"https:\/\/boilermaker.ca\/fr\/wp-json\/wp\/v2\/media?parent=8175"}],"curies":[{"name":"wp","href":"https:\/\/api.w.org\/{rel}","templated":true}]}}