{"id":8193,"date":"2019-09-20T09:21:09","date_gmt":"2019-09-20T13:21:09","guid":{"rendered":"https:\/\/boilermaker.ca\/boilermakers-at-work\/"},"modified":"2019-09-20T09:25:46","modified_gmt":"2019-09-20T13:25:46","slug":"des-chaudronniers-au-travail","status":"publish","type":"page","link":"https:\/\/boilermaker.ca\/fr\/des-chaudronniers-au-travail\/","title":{"rendered":"Des Chaudronniers au travail"},"content":{"rendered":"<div id=\"pl-8193\"  class=\"panel-layout\" ><div id=\"pg-8193-0\"  class=\"panel-grid panel-no-style\" ><div id=\"pgc-8193-0-0\"  class=\"panel-grid-cell\" ><div id=\"panel-8193-0-0-0\" class=\"so-panel widget widget_sow-editor panel-first-child panel-last-child\" data-index=\"0\" ><div\n\t\t\t\n\t\t\tclass=\"so-widget-sow-editor so-widget-sow-editor-base\"\n\t\t\t\n\t\t>\n<div class=\"siteorigin-widget-tinymce textwidget\">\n\t<h3>Qu\u2019est-ce que fait un Chaudronnier?<\/h3>\n<p>Le nom donn\u00e9 \u00e0 notre m\u00e9tier vous fait peut-\u00eatre penser que nous fabriquons et r\u00e9parons des chaudi\u00e8res. Dans certains cas, c\u2019est exactement ce que nous faisons. Toutefois, travailler sur des chaudi\u00e8res ne repr\u00e9sente qu\u2019une petite partie de ce que fait un Chaudronnier moderne.<\/p>\n<\/div>\n<\/div><\/div><\/div><\/div><div id=\"pg-8193-1\"  class=\"panel-grid panel-no-style\" ><div id=\"pgc-8193-1-0\"  class=\"panel-grid-cell\" ><div id=\"panel-8193-1-0-0\" class=\"so-panel widget widget_media_image panel-first-child\" data-index=\"1\" ><div style=\"width: 330px\" class=\"wp-caption alignnone\"><img loading=\"lazy\" decoding=\"async\" width=\"320\" height=\"96\" src=\"https:\/\/boilermaker.ca\/wp-content\/uploads\/tanks.jpg\" class=\"image wp-image-2096  attachment-full size-full\" alt=\"\" style=\"max-width: 100%; height: auto;\" \/><p class=\"wp-caption-text\">Un chaudronnier de construction b\u00e2tit, \u00e9rige, r\u00e9pare, v\u00e9rifie et entretient tous les genres de chaudi\u00e8res, r\u00e9servoirs et appareils \u00e0 pression.<\/p><\/div><\/div><div id=\"panel-8193-1-0-1\" class=\"so-panel widget widget_media_image panel-last-child\" data-index=\"2\" ><div style=\"width: 330px\" class=\"wp-caption alignnone\"><img loading=\"lazy\" decoding=\"async\" width=\"320\" height=\"231\" src=\"https:\/\/boilermaker.ca\/wp-content\/uploads\/boilermaker-welders.jpg\" class=\"image wp-image-2095  attachment-full size-full\" alt=\"boilermaker-welders\" style=\"max-width: 100%; height: auto;\" \/><p class=\"wp-caption-text\">Un chaudronnier ajuste et soude les pi\u00e8ces en utilisant le mat\u00e9riel \u00e9lectrique de soudure \u00e0 l\u2019arc.<\/p><\/div><\/div><\/div><div id=\"pgc-8193-1-1\"  class=\"panel-grid-cell\" ><div id=\"panel-8193-1-1-0\" class=\"so-panel widget widget_sow-editor panel-first-child panel-last-child\" data-index=\"3\" ><div\n\t\t\t\n\t\t\tclass=\"so-widget-sow-editor so-widget-sow-editor-base\"\n\t\t\t\n\t\t>\n<div class=\"siteorigin-widget-tinymce textwidget\">\n\t<p>Aujourd\u2019hui, des Chaudronniers construisent et entretiennent les r\u00e9servoirs et les r\u00e9cipients sous pression qui sont au c\u0153ur de vastes installations comme des centrales hydro\u00e9lectriques, nucl\u00e9aires et \u00e9nerg\u00e9tiques (incluant des usines de sables bitumineux) ainsi que des usines de produits chimiques, de ciment, de verre et d\u2019acier. Les r\u00e9cipients sous pression sur lesquels nous travaillons peuvent \u00eatre des chaudi\u00e8res, des r\u00e9servoirs, des \u00e9changeurs de chaleur, des r\u00e9chauffeurs \u00e0 combustion ou encore des r\u00e9acteurs. \u00c7a peut inclure des conduites de gaz ou de produits chimiques, souvent pressuris\u00e9es, dans des installations comme des raffineries et des usines de gaz naturel liqu\u00e9fi\u00e9.<\/p>\n<p>En plus de les fabriquer, les Chaudronniers assemblent d\u2019\u00e9normes pi\u00e8ces et les installent l\u00e0 o\u00f9 ils travaillent. Ce sont des monteurs et gr\u00e9eurs. Les Chaudronniers travaillent aussi en transformation des m\u00e9taux et jouent un r\u00f4le crucial dans l\u2019exploitation d\u2019usines d\u2019engrais, de potasse et de traitement des eaux ainsi que de brasseries et de chantiers navals en C-B.<\/p>\n<p>Notre \u00e9conomie moderne ne pourrait se passer des comp\u00e9tences des personnes qui exercent notre corps de m\u00e9tier.<\/p>\n<\/div>\n<\/div><\/div><\/div><\/div><div id=\"pg-8193-2\"  class=\"panel-grid panel-no-style\" ><div id=\"pgc-8193-2-0\"  class=\"panel-grid-cell\" ><div id=\"panel-8193-2-0-0\" class=\"so-panel widget widget_media_image panel-first-child panel-last-child\" data-index=\"4\" ><div style=\"width: 330px\" class=\"wp-caption alignnone\"><img loading=\"lazy\" decoding=\"async\" width=\"320\" height=\"341\" src=\"https:\/\/boilermaker.ca\/wp-content\/uploads\/rigging.jpg\" class=\"image wp-image-2094  attachment-full size-full\" alt=\"rigging\" style=\"max-width: 100%; height: auto;\" \/><p class=\"wp-caption-text\">Des chaudronniers gr\u00e9eurs supervisent l\u2019installation des grandes composantes qui forment les \u00e9normes installations industrielles qu\u2019ils construisent et entretiennent.<\/p><\/div><\/div><\/div><div id=\"pgc-8193-2-1\"  class=\"panel-grid-cell\" ><div id=\"panel-8193-2-1-0\" class=\"so-panel widget widget_sow-editor panel-first-child panel-last-child\" data-index=\"5\" ><div\n\t\t\t\n\t\t\tclass=\"so-widget-sow-editor so-widget-sow-editor-base\"\n\t\t\t\n\t\t>\n<div class=\"siteorigin-widget-tinymce textwidget\">\n\t<h3>Que comporte le travail?<\/h3>\n<ul>\n<li>   d\u00e9velopper un dessin\/patron d&rsquo;implantation et planifier la s\u00e9quence du travail \u00e0 \u00eatre accompli<\/li>\n<li>   tracer sur la t\u00f4le forte, la t\u00f4le d&rsquo;acier ou toute autre pi\u00e8ce de m\u00e9tal lourd, les lignes de cintrage et de d\u00e9coupage<\/li>\n<li>   fa\u00e7onner le m\u00e9tal en utilisant des machines m\u00e9tallurgiques telles que des cisailles<\/li>\n<li>   couper la t\u00f4le de m\u00e9tal et les supports en utilisant un br\u00fbleur \u00e0 flamme et faire le burinage et le meulage des morceaux qu&rsquo;ils puissent s&rsquo;encastrer<\/li>\n<li>   ajuster et souder les pi\u00e8ces en utilisant le mat\u00e9riel \u00e9lectrique de soudure \u00e0 l&rsquo;arc<\/li>\n<\/ul>\n<\/div>\n<\/div><\/div><\/div><\/div><div id=\"pg-8193-3\"  class=\"panel-grid panel-no-style\" ><div id=\"pgc-8193-3-0\"  class=\"panel-grid-cell\" ><div id=\"panel-8193-3-0-0\" class=\"so-panel widget widget_sow-editor panel-first-child panel-last-child\" data-index=\"6\" ><div\n\t\t\t\n\t\t\tclass=\"so-widget-sow-editor so-widget-sow-editor-base\"\n\t\t\t\n\t\t>\n<div class=\"siteorigin-widget-tinymce textwidget\">\n\t<h3>Types de Chaudronniers<\/h3>\n<p>De plus, des Chaudronniers peuvent travailler comme monteurs de concert avec des op\u00e9rateurs de grues pour positionner d\u2019\u00e9normes composantes comme des r\u00e9servoirs exactement l\u00e0 o\u00f9 elles doivent \u00eatre install\u00e9es.<\/p>\n<p>Des Chaudronniers travaillent sur des chantiers de construction o\u00f9 ils \u00e9rigent, installent, maintiennent et r\u00e9parent les composantes d\u00e9crites ci-dessous. Ils sont souvent appel\u00e9s \u00e0 travailler sur des \u00e9chafaudages.<\/p>\n<p>Dans les ateliers de fabrications ou de r\u00e9paration, les Chaudronnier assemblent, montent et soudent les composantes formant des chaudi\u00e8res, r\u00e9servoirs et r\u00e9cipients sous pression. Ils travaillent sur des structures et des plaques m\u00e9talliques.<\/p>\n<p>Dans l\u2019industrie maritime, des Chaudronniers construisent et r\u00e9parent des navires en service partout dans le monde. Ils peuvent \u00eatre employ\u00e9s par le secteur priv\u00e9 ou le gouvernement f\u00e9d\u00e9ral pour construire, entretenir et r\u00e9parer les navires de la Marine canadienne.<\/p>\n<p>Des Chaudronniers travaillent aussi dans des usines de ciment, de chaux et de gypse ainsi que dans des carri\u00e8res. Ces Chaudronniers op\u00e8rent les usines et l\u2019\u00e9quipement lourd qui y est utilis\u00e9. Ces membres peuvent \u00eatre des m\u00e9caniciens-monteurs, machinistes, \u00e9lectriciens ou soudeurs qualifi\u00e9s. Ils peuvent aussi \u00eatre capitaines ou \u00e9quipiers \u00e0 bord de bateaux remorqueurs.<\/p>\n<h3>Stockage de carbone<\/h3>\n<p>Le stockage de carbone est une des fa\u00e7ons les plus efficaces de r\u00e9duire notre empreinte carbonique et les Chaudronniers canadiens sont des chefs de file mondiaux de la construction des installations n\u00e9cessaires \u00e0 cette fin. Le stockage de carbone peut r\u00e9duire de 90 % les \u00e9missions carboniques d\u2019une centrale \u00e9lectrique aliment\u00e9e au charbon. L\u2019installation de stockage de carbone Quest exploit\u00e9e par Shell dans le nord de l\u2019Alberta retire un million de tonnes de carbone de l\u2019atmosph\u00e8re chaque ann\u00e9e. De plus, la r\u00e9volutionnaire raffinerie Sturgeon produira du diesel propre tout en utilisant le carbone stock\u00e9 par des installations industrielles pour accro\u00eetre la productivit\u00e9 des champs p\u00e9trolif\u00e8res.<\/p>\n<p>\u00c0 mesure que le stockage de carbone devient plus efficace et moins co\u00fbteux, cette technologie a le potentiel de changer les r\u00e8gles du jeu de la lutte pour r\u00e9duire les \u00e9missions carboniques.<\/p>\n<h3>Essais non destructifs<\/h3>\n<p>Les essais non destructifs (END) sont un type sp\u00e9cialis\u00e9 de travail qui rempli un r\u00f4le critique dans les industries manufacturi\u00e8res et de construction au Canada. L\u2019industrie regroupe des techniciens hautement sp\u00e9cialis\u00e9s qui utilisent des \u00e9quipements et des techniques sophistiqu\u00e9es pour \u00e9valuer les r\u00e9gions qui sont difficiles ou impossible \u00e0 \u00e9valuer \u00e0 l\u2019\u0153il nu. <\/p>\n<p>Ces techniciens inspectent des chaudi\u00e8res et des r\u00e9cipients sous pression , v\u00e9rifient des processus de fabrication et d\u2019assemblage et \u00e9valuent l\u2019int\u00e9grit\u00e9 de structures soud\u00e9es nouvellement r\u00e9par\u00e9es pour assurer qu\u2019elles fonctionnent de fa\u00e7on s\u00e9curitaire et efficace, conform\u00e9ment aux codes gouvernementaux contraignants et aux normes industrielles rigoureuses.<\/p>\n<p>Visitez le site Web du <a title=\"S'ouvre dans une nouvelle fen\u00eatre ou onglet\" href=\"http:\/\/qcccanada.com\/\" target=\"_blank\">CCQ Canada<\/a> pour en savoir plus \u00e0 propos de ces membres.<\/p>\n<\/div>\n<\/div><\/div><\/div><\/div><\/div>","protected":false},"excerpt":{"rendered":"<p>Qu\u2019est-ce que fait un Chaudronnier? Le nom donn\u00e9 \u00e0 notre m\u00e9tier vous fait peut-\u00eatre penser que nous fabriquons et r\u00e9parons des chaudi\u00e8res. Dans certains cas, c\u2019est exactement ce que nous [&hellip;]<\/p>\n","protected":false},"author":17,"featured_media":0,"parent":0,"menu_order":0,"comment_status":"closed","ping_status":"closed","template":"","meta":{"footnotes":""},"class_list":["post-8193","page","type-page","status-publish","hentry","post"],"_links":{"self":[{"href":"https:\/\/boilermaker.ca\/fr\/wp-json\/wp\/v2\/pages\/8193","targetHints":{"allow":["GET"]}}],"collection":[{"href":"https:\/\/boilermaker.ca\/fr\/wp-json\/wp\/v2\/pages"}],"about":[{"href":"https:\/\/boilermaker.ca\/fr\/wp-json\/wp\/v2\/types\/page"}],"author":[{"embeddable":true,"href":"https:\/\/boilermaker.ca\/fr\/wp-json\/wp\/v2\/users\/17"}],"replies":[{"embeddable":true,"href":"https:\/\/boilermaker.ca\/fr\/wp-json\/wp\/v2\/comments?post=8193"}],"version-history":[{"count":3,"href":"https:\/\/boilermaker.ca\/fr\/wp-json\/wp\/v2\/pages\/8193\/revisions"}],"predecessor-version":[{"id":8196,"href":"https:\/\/boilermaker.ca\/fr\/wp-json\/wp\/v2\/pages\/8193\/revisions\/8196"}],"wp:attachment":[{"href":"https:\/\/boilermaker.ca\/fr\/wp-json\/wp\/v2\/media?parent=8193"}],"curies":[{"name":"wp","href":"https:\/\/api.w.org\/{rel}","templated":true}]}}